{"id":134746,"date":"2025-07-31T02:06:31","date_gmt":"2025-07-31T00:06:31","guid":{"rendered":"https:\/\/www.budream.com\/shop\/flowermate-wix-verdampfer-fuer-extrakte\/"},"modified":"2026-04-20T14:21:04","modified_gmt":"2026-04-20T12:21:04","slug":"flowermate-wix-verdampfer-fuer-extrakte","status":"publish","type":"product","link":"https:\/\/www.budream.com\/de\/shop\/flowermate-wix-verdampfer-fuer-extrakte\/","title":{"rendered":"FLOWERMATE &#8211; WIX | VERDAMPFER F\u00dcR EXTRAKTE"},"content":{"rendered":"<p>Flowermate WIX ist ein Stiftverdampfer zur Verwendung mit Konzentraten\/Wachs\/Rosin und Haschisch.<\/p>\n<p>Er ist ein eleganter und kompakter Stiftverdampfer mit einem reinen Keramikheizelement und <strong>drei voreingestellten Temperaturen<\/strong>: hoch, mittel und niedrig. <\/p>\n<p>Das gesamte Ger\u00e4t ist aus hochwertigen Materialien gefertigt und verf\u00fcgt \u00fcber ein schwarzes Keramikmundst\u00fcck und eine Heizkammer aus Borosilikat. <\/p>\n<p>Der WIX unterst\u00fctzt <strong>Typ-C-Ladung<\/strong>, einen 350-mAh-Akku und eine Vorheizzeit von 10 Sekunden, so dass Sie jederzeit und \u00fcberall schnelles Dabs genie\u00dfen k\u00f6nnen.<br \/>Der Vorheizmodus versorgt den WIX Konzentratstift mit Strom und stellt sicher, dass das Ger\u00e4t eingeschaltet und betriebsbereit ist, bevor Sie es verwenden k\u00f6nnen.<\/p>\n<p>Der Akku ist au\u00dferdem <strong>mit allen 510er-Patronen<\/strong> auf dem Markt <strong>kompatibel<\/strong>.<\/p>\n<h2><span style=\"text-decoration: underline\">Eigenschaften Flowermate Wix Verdampfer:<\/span><\/h2>\n<ul style=\"list-style-type: disc\">\n<li>Zirkoniumdioxid-Mundst\u00fcck<\/li>\n<li>Reines Keramik-Heizelement<\/li>\n<li>Auswechselbare D\u00fcse<\/li>\n<li>3 voreingestellte Temperaturen<\/li>\n<li>Vorheizen in 10 Sekunden<\/li>\n<li>510-kompatibles Gewinde<\/li>\n<li>Typ-C Aufladung<\/li>\n<\/ul>\n<p><\/p>\n<h2><span style=\"text-decoration: underline\">Flowermate Wix Verdampfer Details:<br \/><\/span><\/h2>\n<ul style=\"list-style-type: disc\">\n<li>Abmessungen: 14,3 mm x 13,8 mm x 122,5 mm<\/li>\n<li>Kapazit\u00e4t: 350 mAh<\/li>\n<li>Spannung: Erstes Blau: 3,3 V; Zweites Gr\u00fcn: 3,6 V; Drittes Rot: 3,8 V<\/li>\n<li>Ein-\/Ausschalten: Dr\u00fccken Sie im Standby-Modus die Taste 5 Mal innerhalb von 2 Sekunden, um ihn auszuschalten.<\/li>\n<\/ul>\n","protected":false},"excerpt":{"rendered":"<p>Flowermate WIX ist ein Stiftverdampfer zur Verwendung mit Konzentraten\/Wachs\/Rosin und Haschisch. Er ist ein eleganter und kompakter Stiftverdampfer mit einem<\/p>\n","protected":false},"featured_media":134725,"comment_status":"open","ping_status":"closed","template":"","meta":[],"product_brand":[],"product_cat":[7907],"product_tag":[],"class_list":{"0":"post-134746","1":"product","2":"type-product","3":"status-publish","4":"has-post-thumbnail","6":"product_cat-verdampfer","8":"first","9":"instock","10":"sale","11":"taxable","12":"shipping-taxable","13":"purchasable","14":"product-type-simple"},"_links":{"self":[{"href":"https:\/\/www.budream.com\/de\/wp-json\/wp\/v2\/product\/134746","targetHints":{"allow":["GET"]}}],"collection":[{"href":"https:\/\/www.budream.com\/de\/wp-json\/wp\/v2\/product"}],"about":[{"href":"https:\/\/www.budream.com\/de\/wp-json\/wp\/v2\/types\/product"}],"replies":[{"embeddable":true,"href":"https:\/\/www.budream.com\/de\/wp-json\/wp\/v2\/comments?post=134746"}],"version-history":[{"count":1,"href":"https:\/\/www.budream.com\/de\/wp-json\/wp\/v2\/product\/134746\/revisions"}],"predecessor-version":[{"id":262474,"href":"https:\/\/www.budream.com\/de\/wp-json\/wp\/v2\/product\/134746\/revisions\/262474"}],"wp:featuredmedia":[{"embeddable":true,"href":"https:\/\/www.budream.com\/de\/wp-json\/wp\/v2\/media\/134725"}],"wp:attachment":[{"href":"https:\/\/www.budream.com\/de\/wp-json\/wp\/v2\/media?parent=134746"}],"wp:term":[{"taxonomy":"product_brand","embeddable":true,"href":"https:\/\/www.budream.com\/de\/wp-json\/wp\/v2\/product_brand?post=134746"},{"taxonomy":"product_cat","embeddable":true,"href":"https:\/\/www.budream.com\/de\/wp-json\/wp\/v2\/product_cat?post=134746"},{"taxonomy":"product_tag","embeddable":true,"href":"https:\/\/www.budream.com\/de\/wp-json\/wp\/v2\/product_tag?post=134746"}],"curies":[{"name":"wp","href":"https:\/\/api.w.org\/{rel}","templated":true}]}}