{"id":134761,"date":"2025-07-31T02:07:29","date_gmt":"2025-07-31T00:07:29","guid":{"rendered":"https:\/\/www.budream.com\/shop\/weedlez-holzpfeife-mit-aktivkohlefilter\/"},"modified":"2025-12-23T21:40:11","modified_gmt":"2025-12-23T19:40:11","slug":"weedlez-holzpfeife-mit-aktivkohlefilter","status":"publish","type":"product","link":"https:\/\/www.budream.com\/de\/shop\/weedlez-holzpfeife-mit-aktivkohlefilter\/","title":{"rendered":"WEEDLEZ &#8211; HOLZPFEIFE MIT AKTIVKOHLEFILTER"},"content":{"rendered":"<p>Entdecken Sie die neue Philtrino-Pfeife, handgefertigt aus Naturholz und speziell f\u00fcr die Verwendung mit Weedlez 6MM-Filtern entwickelt. Jedes St\u00fcck ist ein Unikat, mit handgefertigten Oberfl\u00e4chen, die die Sch\u00f6nheit des Holzes hervorheben und h\u00f6chste Qualit\u00e4t garantieren.<\/p>\n<h2><span style=\"text-decoration: underline\">Eigenschaften Weedlez Philtrino Holzpfeife:<\/span><\/h2>\n<ul style=\"list-style-type: disc\">\n<li>100% handgefertigt &#8211; jede Pfeife ist ein Unikat<\/li>\n<li>Kompatibel mit allen Weedlez 6MM Filtern<\/li>\n<li>Metallmundst\u00fcck f\u00fcr optimalen Zug<\/li>\n<li>Nat\u00fcrlicher Holzk\u00f6rper f\u00fcr einen angenehmen Griff und zeitlose \u00c4sthetik<\/li>\n<li>Leicht zu reinigen und wiederverwendbar<\/li>\n<li>Perfekt, um jeden Mix in h\u00f6chster Qualit\u00e4t und ohne Kompromisse zu genie\u00dfen.<\/li>\n<\/ul>\n","protected":false},"excerpt":{"rendered":"<p>Entdecken Sie die neue Philtrino-Pfeife, handgefertigt aus Naturholz und speziell f\u00fcr die Verwendung mit Weedlez 6MM-Filtern entwickelt. Jedes St\u00fcck ist<\/p>\n","protected":false},"featured_media":134755,"comment_status":"open","ping_status":"closed","template":"","meta":[],"product_brand":[],"product_cat":[7947],"product_tag":[],"class_list":{"0":"post-134761","1":"product","2":"type-product","3":"status-publish","4":"has-post-thumbnail","6":"product_cat-headshop-de","8":"first","9":"outofstock","10":"taxable","11":"shipping-taxable","12":"purchasable","13":"product-type-simple"},"_links":{"self":[{"href":"https:\/\/www.budream.com\/de\/wp-json\/wp\/v2\/product\/134761","targetHints":{"allow":["GET"]}}],"collection":[{"href":"https:\/\/www.budream.com\/de\/wp-json\/wp\/v2\/product"}],"about":[{"href":"https:\/\/www.budream.com\/de\/wp-json\/wp\/v2\/types\/product"}],"replies":[{"embeddable":true,"href":"https:\/\/www.budream.com\/de\/wp-json\/wp\/v2\/comments?post=134761"}],"version-history":[{"count":0,"href":"https:\/\/www.budream.com\/de\/wp-json\/wp\/v2\/product\/134761\/revisions"}],"wp:featuredmedia":[{"embeddable":true,"href":"https:\/\/www.budream.com\/de\/wp-json\/wp\/v2\/media\/134755"}],"wp:attachment":[{"href":"https:\/\/www.budream.com\/de\/wp-json\/wp\/v2\/media?parent=134761"}],"wp:term":[{"taxonomy":"product_brand","embeddable":true,"href":"https:\/\/www.budream.com\/de\/wp-json\/wp\/v2\/product_brand?post=134761"},{"taxonomy":"product_cat","embeddable":true,"href":"https:\/\/www.budream.com\/de\/wp-json\/wp\/v2\/product_cat?post=134761"},{"taxonomy":"product_tag","embeddable":true,"href":"https:\/\/www.budream.com\/de\/wp-json\/wp\/v2\/product_tag?post=134761"}],"curies":[{"name":"wp","href":"https:\/\/api.w.org\/{rel}","templated":true}]}}