{"id":134836,"date":"2025-07-31T02:11:41","date_gmt":"2025-07-31T00:11:41","guid":{"rendered":"https:\/\/www.budream.com\/shop\/hemnia-natural-well-being-pots-energy-30pcs\/"},"modified":"2026-04-21T19:44:24","modified_gmt":"2026-04-21T17:44:24","slug":"hemnia-natural-well-being-pots-energy-30pcs","status":"publish","type":"product","link":"https:\/\/www.budream.com\/de\/shop\/hemnia-natural-well-being-pots-energy-30pcs\/","title":{"rendered":"HEMNIA &#8211; NATURAL WELL-BEING POTS | ENERGY | 30pcs."},"content":{"rendered":"<p>Um den Tag mit Schwung und Konzentration anzugehen, bieten Hemnia Energia Patches eine nat\u00fcrliche Unterst\u00fctzung dank Inhaltsstoffen, die f\u00fcr ihre stimulierenden Eigenschaften bekannt sind. Eine praktische und lang anhaltende Alternative zum Kaffee, mit einer allm\u00e4hlichen Freisetzung von k\u00f6rperlicher und geistiger Energie.<\/p>\n<h2><span style=\"text-decoration: underline\"><strong>Eigenschaften und Funktionen Hemnia Energia Pflaster:<\/strong><\/span><\/h2>\n<ul style=\"list-style-type: disc\">\n<li>Sie f\u00f6rdern Energie und Konzentration auf nat\u00fcrliche Weise;<\/li>\n<li>Sie wirken der geistigen und k\u00f6rperlichen Erm\u00fcdung entgegen;<\/li>\n<li>Konstante Freisetzung ohne pl\u00f6tzliche Spitzenwerte;<\/li>\n<li>Ideal f\u00fcr Studium, Arbeit oder stressige Tage;<\/li>\n<li>Als Kosmetik registriert: sicher und getestet;<\/li>\n<\/ul>\n<p><\/p>\n<h2><span style=\"text-decoration: underline\"><strong>Details Hemnia Energiepflaster:<\/strong><\/span><\/h2>\n<ul style=\"list-style-type: disc\">\n<li>Menge: 30 Pflaster;<\/li>\n<li>Gr\u00f6\u00dfe Pflaster: 3,2 x 3,2 cm;<\/li>\n<li>Hauptbestandteile: Koffein, Ginseng, Guarana, Vitamin B12;<\/li>\n<li>Aufbewahrung: Vor Hitze und direktem Licht gesch\u00fctzt aufbewahren;<\/li>\n<\/ul>\n","protected":false},"excerpt":{"rendered":"<p>Um den Tag mit Schwung und Konzentration anzugehen, bieten Hemnia Energia Patches eine nat\u00fcrliche Unterst\u00fctzung dank Inhaltsstoffen, die f\u00fcr ihre<\/p>\n","protected":false},"featured_media":134825,"comment_status":"open","ping_status":"closed","template":"","meta":[],"product_brand":[],"product_cat":[1171],"product_tag":[],"class_list":{"0":"post-134836","1":"product","2":"type-product","3":"status-publish","4":"has-post-thumbnail","6":"product_cat-cosmetici","8":"first","9":"instock","10":"taxable","11":"shipping-taxable","12":"purchasable","13":"product-type-simple"},"aioseo_notices":[],"_links":{"self":[{"href":"https:\/\/www.budream.com\/de\/wp-json\/wp\/v2\/product\/134836","targetHints":{"allow":["GET"]}}],"collection":[{"href":"https:\/\/www.budream.com\/de\/wp-json\/wp\/v2\/product"}],"about":[{"href":"https:\/\/www.budream.com\/de\/wp-json\/wp\/v2\/types\/product"}],"replies":[{"embeddable":true,"href":"https:\/\/www.budream.com\/de\/wp-json\/wp\/v2\/comments?post=134836"}],"version-history":[{"count":0,"href":"https:\/\/www.budream.com\/de\/wp-json\/wp\/v2\/product\/134836\/revisions"}],"wp:featuredmedia":[{"embeddable":true,"href":"https:\/\/www.budream.com\/de\/wp-json\/wp\/v2\/media\/134825"}],"wp:attachment":[{"href":"https:\/\/www.budream.com\/de\/wp-json\/wp\/v2\/media?parent=134836"}],"wp:term":[{"taxonomy":"product_brand","embeddable":true,"href":"https:\/\/www.budream.com\/de\/wp-json\/wp\/v2\/product_brand?post=134836"},{"taxonomy":"product_cat","embeddable":true,"href":"https:\/\/www.budream.com\/de\/wp-json\/wp\/v2\/product_cat?post=134836"},{"taxonomy":"product_tag","embeddable":true,"href":"https:\/\/www.budream.com\/de\/wp-json\/wp\/v2\/product_tag?post=134836"}],"curies":[{"name":"wp","href":"https:\/\/api.w.org\/{rel}","templated":true}]}}