{"id":134851,"date":"2025-07-31T02:12:13","date_gmt":"2025-07-31T00:12:13","guid":{"rendered":"https:\/\/www.budream.com\/shop\/hemnia-natural-well-bewusstsein-menopause-30pcs\/"},"modified":"2026-04-21T19:45:34","modified_gmt":"2026-04-21T17:45:34","slug":"hemnia-natural-well-bewusstsein-menopause-30pcs","status":"publish","type":"product","link":"https:\/\/www.budream.com\/de\/shop\/hemnia-natural-well-bewusstsein-menopause-30pcs\/","title":{"rendered":"HEMNIA &#8211; NATURAL WELL-BEWUSSTSEIN | MENOPAUSE | 30pcs."},"content":{"rendered":"<p>Hemnia Menopause Pflaster wurden entwickelt, um eine nat\u00fcrliche Unterst\u00fctzung w\u00e4hrend der hormonellen Ver\u00e4nderungen in dieser Lebensphase zu bieten. Dank ausgew\u00e4hlter Inhaltsstoffe helfen sie, die h\u00e4ufigsten Symptome der Menopause zu lindern und das t\u00e4gliche Wohlbefinden zu f\u00f6rdern.<\/p>\n<h2><span style=\"text-decoration: underline\"><strong>Eigenschaften und Funktionen Hemnia Menopause Pflaster:<\/strong><\/span><\/h2>\n<ul style=\"list-style-type: disc\">\n<li>Sie f\u00f6rdern das hormonelle Gleichgewicht und das Wohlbefinden;<\/li>\n<li>Sie helfen, Stimmungsschwankungen, Hitzewallungen und M\u00fcdigkeit zu lindern;<\/li>\n<li>Nat\u00fcrliche und diskrete Unterst\u00fctzung w\u00e4hrend des ganzen Tages;<\/li>\n<li>Kann zu jeder Tageszeit verwendet werden;<\/li>\n<li>Registriert als Kosmetika: sicher und getestet;<\/li>\n<\/ul>\n<p><\/p>\n<h2><span style=\"text-decoration: underline\"><strong>Hemnia Menopause Pflaster Details:<\/strong><\/span><\/h2>\n<ul style=\"list-style-type: disc\">\n<li>Menge: 30 Pflaster;<\/li>\n<li>Gr\u00f6\u00dfe Pflaster: 3,2 x 3,2 cm;<\/li>\n<li>Hauptbestandteile: Rotklee, Salbei, Keuschlamm;<\/li>\n<li>Aufbewahrung: Vermeiden Sie direktem Licht und Feuchtigkeit ausgesetzt zu sein;<\/li>\n<\/ul>\n","protected":false},"excerpt":{"rendered":"<p>Hemnia Menopause Pflaster wurden entwickelt, um eine nat\u00fcrliche Unterst\u00fctzung w\u00e4hrend der hormonellen Ver\u00e4nderungen in dieser Lebensphase zu bieten. Dank ausgew\u00e4hlter<\/p>\n","protected":false},"featured_media":134840,"comment_status":"open","ping_status":"closed","template":"","meta":[],"product_brand":[],"product_cat":[1171],"product_tag":[],"class_list":{"0":"post-134851","1":"product","2":"type-product","3":"status-publish","4":"has-post-thumbnail","6":"product_cat-cosmetici","8":"first","9":"instock","10":"taxable","11":"shipping-taxable","12":"purchasable","13":"product-type-simple"},"aioseo_notices":[],"_links":{"self":[{"href":"https:\/\/www.budream.com\/de\/wp-json\/wp\/v2\/product\/134851","targetHints":{"allow":["GET"]}}],"collection":[{"href":"https:\/\/www.budream.com\/de\/wp-json\/wp\/v2\/product"}],"about":[{"href":"https:\/\/www.budream.com\/de\/wp-json\/wp\/v2\/types\/product"}],"replies":[{"embeddable":true,"href":"https:\/\/www.budream.com\/de\/wp-json\/wp\/v2\/comments?post=134851"}],"version-history":[{"count":0,"href":"https:\/\/www.budream.com\/de\/wp-json\/wp\/v2\/product\/134851\/revisions"}],"wp:featuredmedia":[{"embeddable":true,"href":"https:\/\/www.budream.com\/de\/wp-json\/wp\/v2\/media\/134840"}],"wp:attachment":[{"href":"https:\/\/www.budream.com\/de\/wp-json\/wp\/v2\/media?parent=134851"}],"wp:term":[{"taxonomy":"product_brand","embeddable":true,"href":"https:\/\/www.budream.com\/de\/wp-json\/wp\/v2\/product_brand?post=134851"},{"taxonomy":"product_cat","embeddable":true,"href":"https:\/\/www.budream.com\/de\/wp-json\/wp\/v2\/product_cat?post=134851"},{"taxonomy":"product_tag","embeddable":true,"href":"https:\/\/www.budream.com\/de\/wp-json\/wp\/v2\/product_tag?post=134851"}],"curies":[{"name":"wp","href":"https:\/\/api.w.org\/{rel}","templated":true}]}}