{"id":134901,"date":"2025-07-31T02:14:07","date_gmt":"2025-07-31T00:14:07","guid":{"rendered":"https:\/\/www.budream.com\/shop\/paperhash-pflanzensilikonblaetter-klein-12x12cm-100-blaettchen\/"},"modified":"2026-03-09T17:59:13","modified_gmt":"2026-03-09T15:59:13","slug":"paperhash-pflanzensilikonblaetter-klein-12x12cm-100-blaettchen","status":"publish","type":"product","link":"https:\/\/www.budream.com\/de\/shop\/paperhash-pflanzensilikonblaetter-klein-12x12cm-100-blaettchen\/","title":{"rendered":"PAPERHASH &#8211; PFLANZENSILIKONBL\u00c4TTER | KLEIN 12x12cm &#8211; 100 BL\u00c4TTCHEN"},"content":{"rendered":"<p style=\"font-family: Verdana, sans-serif;color: #000000\">Als Antwort auf die wachsende Nachfrage nach einem umweltvertr\u00e4glichen Produkt ist PAPERHASH&copy; &#8211; SILICONISED VEGETABLE ein rein pflanzliches Produkt, das auf beiden Seiten mit einer Silikonschicht \u00fcberzogen ist und sich somit perfekt f\u00fcr die Lagerung, Reifung und Verarbeitung von Haschisch und Harzen eignet.<\/p>\n<p style=\"font-family: Verdana, sans-serif;color: #000000\">Seine Zusammensetzung macht es auch ideal f\u00fcr Extraktionsprozesse und garantiert eine beispiellose Funktionalit\u00e4t.<\/p>\n<p style=\"font-family: Verdana, sans-serif;color: #000000\">Im Gegensatz zu herk\u00f6mmlichen Backpapieren saugt PaperHash das Produkt nicht auf und erleichtert die Handhabung, da es antihaftbeschichtet ist.<\/p>\n<p style=\"font-family: Verdana, sans-serif;color: #000000\"><strong>Verf\u00fcgbare Gr\u00f6\u00dfen:<\/strong><\/p>\n<ul style=\"list-style-type: disc;font-family: Verdana, sans-serif;color: #000000\">\n<li><strong>SMALL<\/strong>: 100 St\u00fcck, Gr\u00f6\u00dfe 12&times;12 cm<\/li>\n<li><strong>MEDIUM<\/strong>: 50 St\u00fcck, Gr\u00f6\u00dfe 23&times;18 cm<\/li>\n<\/ul>\n","protected":false},"excerpt":{"rendered":"<p>Als Antwort auf die wachsende Nachfrage nach einem umweltvertr\u00e4glichen Produkt ist PAPERHASH&copy; &#8211; SILICONISED VEGETABLE ein rein pflanzliches Produkt, das<\/p>\n","protected":false},"featured_media":134895,"comment_status":"open","ping_status":"closed","template":"","meta":[],"product_brand":[],"product_cat":[7925],"product_tag":[],"class_list":{"0":"post-134901","1":"product","2":"type-product","3":"status-publish","4":"has-post-thumbnail","6":"product_cat-growshop-de","8":"first","9":"instock","10":"taxable","11":"shipping-taxable","12":"purchasable","13":"product-type-simple"},"_links":{"self":[{"href":"https:\/\/www.budream.com\/de\/wp-json\/wp\/v2\/product\/134901","targetHints":{"allow":["GET"]}}],"collection":[{"href":"https:\/\/www.budream.com\/de\/wp-json\/wp\/v2\/product"}],"about":[{"href":"https:\/\/www.budream.com\/de\/wp-json\/wp\/v2\/types\/product"}],"replies":[{"embeddable":true,"href":"https:\/\/www.budream.com\/de\/wp-json\/wp\/v2\/comments?post=134901"}],"version-history":[{"count":0,"href":"https:\/\/www.budream.com\/de\/wp-json\/wp\/v2\/product\/134901\/revisions"}],"wp:featuredmedia":[{"embeddable":true,"href":"https:\/\/www.budream.com\/de\/wp-json\/wp\/v2\/media\/134895"}],"wp:attachment":[{"href":"https:\/\/www.budream.com\/de\/wp-json\/wp\/v2\/media?parent=134901"}],"wp:term":[{"taxonomy":"product_brand","embeddable":true,"href":"https:\/\/www.budream.com\/de\/wp-json\/wp\/v2\/product_brand?post=134901"},{"taxonomy":"product_cat","embeddable":true,"href":"https:\/\/www.budream.com\/de\/wp-json\/wp\/v2\/product_cat?post=134901"},{"taxonomy":"product_tag","embeddable":true,"href":"https:\/\/www.budream.com\/de\/wp-json\/wp\/v2\/product_tag?post=134901"}],"curies":[{"name":"wp","href":"https:\/\/api.w.org\/{rel}","templated":true}]}}