{"id":134926,"date":"2025-07-31T02:15:30","date_gmt":"2025-07-31T00:15:30","guid":{"rendered":"https:\/\/www.budream.com\/shop\/weedlez-active-carbon-filters-big-flow-o-7mm-50pcs\/"},"modified":"2026-04-07T11:24:11","modified_gmt":"2026-04-07T09:24:11","slug":"weedlez-active-carbon-filters-big-flow-o-7mm-50pcs","status":"publish","type":"product","link":"https:\/\/www.budream.com\/de\/shop\/weedlez-active-carbon-filters-big-flow-o-7mm-50pcs\/","title":{"rendered":"WEEDLEZ &#8211; ACTIVE CARBON FILTERS | BIG FLOW \u00d8 7mm &#8211; 50pcs."},"content":{"rendered":"<p>Die neue <strong>Weedlez<\/strong> FILTER Premium-Aktivkohlefilter jetzt in einer gr\u00f6\u00dferen Gr\u00f6\u00dfe als je zuvor zur Verf\u00fcgung! Mit unserer neuesten Erg\u00e4nzung der Produktlinie m\u00f6chten wir Ihnen eine noch zufriedenstellendere Erfahrung bieten, die auf Ihre Anbaubed\u00fcrfnisse zugeschnitten ist. <br \/>Die neue, gro\u00dfz\u00fcgige Gr\u00f6\u00dfe erh\u00f6ht nicht nur die Kapazit\u00e4t, sondern auch die Effektivit\u00e4t und Vielseitigkeit unseres Produkts und macht es so zur idealen Wahl f\u00fcr alle, die \u00fcberlegene Leistung und kompromisslosen Komfort suchen.<\/p>\n<p><strong>NEUE GR\u00d6SSE MIT 7 MM DURCHMESSER !<\/strong><\/p>\n<h2><span style=\"text-decoration: underline\"><strong>Die Vorteile des NEUEN Weedlez FILTER Premium-Aktivkohlefilters mit 7 mm Durchmesser:<\/strong><\/span><\/h2>\n<ul style=\"list-style-type: disc\">\n<li>Das Rollen wird einfacher<\/li>\n<li>Besserer Halt<\/li>\n<li>Keine \u00dcberhitzung<\/li>\n<li>Keine Beeintr\u00e4chtigung durch externe Temperaturschwankungen<\/li>\n<li>Entwickelt f\u00fcr das Vergn\u00fcgen des Teilens<\/li>\n<\/ul>\n","protected":false},"excerpt":{"rendered":"<p>Die neue Weedlez FILTER Premium-Aktivkohlefilter jetzt in einer gr\u00f6\u00dferen Gr\u00f6\u00dfe als je zuvor zur Verf\u00fcgung! Mit unserer neuesten Erg\u00e4nzung der<\/p>\n","protected":false},"featured_media":134920,"comment_status":"open","ping_status":"closed","template":"","meta":[],"product_brand":[],"product_cat":[7947],"product_tag":[],"class_list":{"0":"post-134926","1":"product","2":"type-product","3":"status-publish","4":"has-post-thumbnail","6":"product_cat-headshop-de","8":"first","9":"instock","10":"taxable","11":"shipping-taxable","12":"purchasable","13":"product-type-simple"},"_links":{"self":[{"href":"https:\/\/www.budream.com\/de\/wp-json\/wp\/v2\/product\/134926","targetHints":{"allow":["GET"]}}],"collection":[{"href":"https:\/\/www.budream.com\/de\/wp-json\/wp\/v2\/product"}],"about":[{"href":"https:\/\/www.budream.com\/de\/wp-json\/wp\/v2\/types\/product"}],"replies":[{"embeddable":true,"href":"https:\/\/www.budream.com\/de\/wp-json\/wp\/v2\/comments?post=134926"}],"version-history":[{"count":1,"href":"https:\/\/www.budream.com\/de\/wp-json\/wp\/v2\/product\/134926\/revisions"}],"predecessor-version":[{"id":262153,"href":"https:\/\/www.budream.com\/de\/wp-json\/wp\/v2\/product\/134926\/revisions\/262153"}],"wp:featuredmedia":[{"embeddable":true,"href":"https:\/\/www.budream.com\/de\/wp-json\/wp\/v2\/media\/134920"}],"wp:attachment":[{"href":"https:\/\/www.budream.com\/de\/wp-json\/wp\/v2\/media?parent=134926"}],"wp:term":[{"taxonomy":"product_brand","embeddable":true,"href":"https:\/\/www.budream.com\/de\/wp-json\/wp\/v2\/product_brand?post=134926"},{"taxonomy":"product_cat","embeddable":true,"href":"https:\/\/www.budream.com\/de\/wp-json\/wp\/v2\/product_cat?post=134926"},{"taxonomy":"product_tag","embeddable":true,"href":"https:\/\/www.budream.com\/de\/wp-json\/wp\/v2\/product_tag?post=134926"}],"curies":[{"name":"wp","href":"https:\/\/api.w.org\/{rel}","templated":true}]}}