{"id":135111,"date":"2025-07-31T02:22:06","date_gmt":"2025-07-31T00:22:06","guid":{"rendered":"https:\/\/www.budream.com\/shop\/purize-aktivkohlefilter-xtra-slim-display-20-packs-lila-50pcs\/"},"modified":"2026-03-13T15:31:36","modified_gmt":"2026-03-13T13:31:36","slug":"purize-aktivkohlefilter-xtra-slim-display-20-packs-lila-50pcs","status":"publish","type":"product","link":"https:\/\/www.budream.com\/de\/shop\/purize-aktivkohlefilter-xtra-slim-display-20-packs-lila-50pcs\/","title":{"rendered":"PURIZE &#8211; AKTIVKOHLEFILTER | XTRA SLIM DISPLAY 20 PACKS &#8211; LILA 50PCS"},"content":{"rendered":"<p>Entdecken Sie das neue PURIZE Display-Format: praktischer, sichtbarer, noch bequemer!<\/p>\n<p>Purize sind Ersatzfilter f\u00fcr Purize-Pfeifen.<\/p>\n<p>Aktivkohle auf Kokosnussbasis reduziert die Aufnahme von <strong>Schadstoffen<\/strong> erheblich <strong>.<\/strong><br \/>Unsere Aktivkohlefilter sind f\u00fcr ALLE Arten von Verbrauch geeignet!<\/p>\n<p>PURIZE&reg; Filter sind <strong>100% biologisch abbaubar<\/strong>, umweltfreundlich und &#8218;Made in Germany&#8216;.<\/p>\n<p>Da die beiden Endkappen aus <strong>Keramik<\/strong> bestehen, gibt es keine Einschub- oder Schraubrichtung.<\/p>\n<p><strong> Purize Xtra Slim<\/strong> wird in einem praktischen Kartonbeh\u00e4lter\/Spender geliefert, der 20 wiederverschlie\u00dfbare Beutel \u00e0 50 St\u00fcck enth\u00e4lt.<\/p>\n<h2><span style=\"text-decoration: underline\">Vorteile von Purize Xtra Slim Aktivkohlefiltern<\/span>:<\/h2>\n<ul style=\"list-style-type: disc\">\n<li>Reduzierung von Schadstoffen;<\/li>\n<li>Nat\u00fcrliches und nachhaltiges Produkt;<\/li>\n<li>100% biologisch abbaubar;<\/li>\n<\/ul>\n<h2><span style=\"text-decoration: underline\">Merkmale Purize <\/span><span style=\"text-decoration: underline\">Xtra Slim<\/span><span style=\"text-decoration: underline\">Aktivkohlefilter <\/span>:<\/h2>\n<ul style=\"list-style-type: disc\">\n<li>Filterabmessungen: &oslash; 5,9 mm x 26,9 mm;<\/li>\n<li>Inhalt: Aktivkohle auf Kokosnussbasis;<\/li>\n<li>Farbe: fliederfarben;<\/li>\n<li>Menge: 20 Packungen \u00e0 50 St\u00fcck;<\/li>\n<li>Verpackungsart: wiederverschlie\u00dfbarer Plastikbeutel;<\/li>\n<\/ul>\n","protected":false},"excerpt":{"rendered":"<p>Entdecken Sie das neue PURIZE Display-Format: praktischer, sichtbarer, noch bequemer! Purize sind Ersatzfilter f\u00fcr Purize-Pfeifen. Aktivkohle auf Kokosnussbasis reduziert die<\/p>\n","protected":false},"featured_media":135100,"comment_status":"open","ping_status":"closed","template":"","meta":[],"product_brand":[],"product_cat":[7947],"product_tag":[],"class_list":{"0":"post-135111","1":"product","2":"type-product","3":"status-publish","4":"has-post-thumbnail","6":"product_cat-headshop-de","8":"first","9":"outofstock","10":"taxable","11":"shipping-taxable","12":"purchasable","13":"product-type-simple"},"_links":{"self":[{"href":"https:\/\/www.budream.com\/de\/wp-json\/wp\/v2\/product\/135111","targetHints":{"allow":["GET"]}}],"collection":[{"href":"https:\/\/www.budream.com\/de\/wp-json\/wp\/v2\/product"}],"about":[{"href":"https:\/\/www.budream.com\/de\/wp-json\/wp\/v2\/types\/product"}],"replies":[{"embeddable":true,"href":"https:\/\/www.budream.com\/de\/wp-json\/wp\/v2\/comments?post=135111"}],"version-history":[{"count":0,"href":"https:\/\/www.budream.com\/de\/wp-json\/wp\/v2\/product\/135111\/revisions"}],"wp:featuredmedia":[{"embeddable":true,"href":"https:\/\/www.budream.com\/de\/wp-json\/wp\/v2\/media\/135100"}],"wp:attachment":[{"href":"https:\/\/www.budream.com\/de\/wp-json\/wp\/v2\/media?parent=135111"}],"wp:term":[{"taxonomy":"product_brand","embeddable":true,"href":"https:\/\/www.budream.com\/de\/wp-json\/wp\/v2\/product_brand?post=135111"},{"taxonomy":"product_cat","embeddable":true,"href":"https:\/\/www.budream.com\/de\/wp-json\/wp\/v2\/product_cat?post=135111"},{"taxonomy":"product_tag","embeddable":true,"href":"https:\/\/www.budream.com\/de\/wp-json\/wp\/v2\/product_tag?post=135111"}],"curies":[{"name":"wp","href":"https:\/\/api.w.org\/{rel}","templated":true}]}}