{"id":135156,"date":"2025-07-31T02:24:14","date_gmt":"2025-07-31T00:24:14","guid":{"rendered":"https:\/\/www.budream.com\/shop\/quartz-banger-mit-kappe-und-terp-perlen-18mm-male\/"},"modified":"2026-02-06T13:49:27","modified_gmt":"2026-02-06T11:49:27","slug":"quartz-banger-mit-kappe-und-terp-perlen-18mm-male","status":"publish","type":"product","link":"https:\/\/www.budream.com\/de\/shop\/quartz-banger-mit-kappe-und-terp-perlen-18mm-male\/","title":{"rendered":"QUARTZ BANGER MIT KAPPE UND TERP-PERLEN | 18mm MALE"},"content":{"rendered":"<p><span class=\"s1\"><span class=\"s1\">Quartz Banger sind die besten Banger, um alle Aromen Ihrer Konzentrate auszudr\u00fccken.<\/p>\n<p>Der Banger wird durch eine spezielle Carb Cap und zwei Dab Beads erg\u00e4nzt.<\/p>\n<p>Die spezielle Carb Cap verf\u00fcgt \u00fcber acht abgewinkelte Luftstromkan\u00e4le, die die einstr\u00f6mende Luft in einen echten Zyklon verwandeln, wenn sie zu rotieren beginnt. Dies wiederum sorgt f\u00fcr eine effiziente Verdampfung des Extrakts, w\u00e4hrend die beiden Luftl\u00f6cher in der Carb Cap genutzt werden k\u00f6nnen, um den Luftstrom, die Dampfentwicklung und die Temperatur nach Belieben zu regulieren.<\/p>\n<p>Die Terpenk\u00fcgelchen k\u00f6nnen in diesem Banger sehr gut rotieren und heizen die Verdampfung weiter an. Auf diese Weise erh\u00e4lt man den schmackhaftesten und reichhaltigsten Dampf selbst aus kleinen Dabs.<\/p>\n<p><\/span><\/span><\/p>\n<h2><span style=\"text-decoration: underline\">Quarz-Knallk\u00f6rper mit Vergaserdeckel:<\/span><\/h2>\n<ul style=\"list-style-type: disc\">\n<li><span class=\"s1\">BANGER-Typ-Brenner;<\/span><\/li>\n<li><span class=\"s1\">100% hochfester Quarz;<\/span><\/li>\n<li>Quarz-Vergaser-Kappe;<\/li>\n<li>2 Terp-Perlen enthalten;<\/li>\n<li><span class=\"s1\"> 18 mm m\u00e4nnlicher Anschluss; <br \/><\/span><\/li>\n<\/ul>\n","protected":false},"excerpt":{"rendered":"<p>Quartz Banger sind die besten Banger, um alle Aromen Ihrer Konzentrate auszudr\u00fccken. Der Banger wird durch eine spezielle Carb Cap<\/p>\n","protected":false},"featured_media":135140,"comment_status":"open","ping_status":"closed","template":"","meta":[],"product_brand":[],"product_cat":[7925],"product_tag":[],"class_list":{"0":"post-135156","1":"product","2":"type-product","3":"status-publish","4":"has-post-thumbnail","6":"product_cat-growshop-de","8":"first","9":"instock","10":"taxable","11":"shipping-taxable","12":"purchasable","13":"product-type-simple"},"_links":{"self":[{"href":"https:\/\/www.budream.com\/de\/wp-json\/wp\/v2\/product\/135156","targetHints":{"allow":["GET"]}}],"collection":[{"href":"https:\/\/www.budream.com\/de\/wp-json\/wp\/v2\/product"}],"about":[{"href":"https:\/\/www.budream.com\/de\/wp-json\/wp\/v2\/types\/product"}],"replies":[{"embeddable":true,"href":"https:\/\/www.budream.com\/de\/wp-json\/wp\/v2\/comments?post=135156"}],"version-history":[{"count":0,"href":"https:\/\/www.budream.com\/de\/wp-json\/wp\/v2\/product\/135156\/revisions"}],"wp:featuredmedia":[{"embeddable":true,"href":"https:\/\/www.budream.com\/de\/wp-json\/wp\/v2\/media\/135140"}],"wp:attachment":[{"href":"https:\/\/www.budream.com\/de\/wp-json\/wp\/v2\/media?parent=135156"}],"wp:term":[{"taxonomy":"product_brand","embeddable":true,"href":"https:\/\/www.budream.com\/de\/wp-json\/wp\/v2\/product_brand?post=135156"},{"taxonomy":"product_cat","embeddable":true,"href":"https:\/\/www.budream.com\/de\/wp-json\/wp\/v2\/product_cat?post=135156"},{"taxonomy":"product_tag","embeddable":true,"href":"https:\/\/www.budream.com\/de\/wp-json\/wp\/v2\/product_tag?post=135156"}],"curies":[{"name":"wp","href":"https:\/\/api.w.org\/{rel}","templated":true}]}}