{"id":135236,"date":"2025-07-31T02:26:43","date_gmt":"2025-07-31T00:26:43","guid":{"rendered":"https:\/\/www.budream.com\/shop\/professioneller-luftbefeuchter-trau-fogger-tf-01-3-5l-h\/"},"modified":"2025-10-14T22:00:55","modified_gmt":"2025-10-14T20:00:55","slug":"professioneller-luftbefeuchter-trau-fogger-tf-01-3-5l-h","status":"publish","type":"product","link":"https:\/\/www.budream.com\/de\/shop\/professioneller-luftbefeuchter-trau-fogger-tf-01-3-5l-h\/","title":{"rendered":"PROFESSIONELLER LUFTBEFEUCHTER TRAU FOGGER TF-01 3-5L\/H"},"content":{"rendered":"<p>Zentrifugalbefeuchter mit einer maximalen Durchflussmenge von 5 l\/h.<\/p>\n<p>Robuste und wartungsfreundliche Befeuchter, die einfach zu installieren sind; sie ben\u00f6tigen nur eine Steckdose und einen Wasseranschluss. Sie funktionieren mit allen Arten von Wasser und haben einen minimalen Verbrauch.<br \/>Die Wassertemperatur darf 40\u00b0C nicht \u00fcberschreiten.<\/p>\n<p>&#8211; Spannung: 100-240V~50-60Hz <br \/>&#8211; Leistung: 100W <br \/>&#8211; Wird mit Zubeh\u00f6r f\u00fcr den Anschluss an das Wassernetz geliefert.<br \/>&#8211; Wassertank: 5,3L<br \/> &#8211; Maximale Durchflussmenge: 5 L\/h <br \/> &#8211; Ger\u00e4uscharm: db<br \/>&#8211; Ideal f\u00fcr Wohnungen bis zu 30-35m\u00b2<br \/> &#8211; Ideal f\u00fcr Gew\u00e4chsh\u00e4user <br \/>&#8211; Abmessungen: 32x32x41H cm<br \/>&#8211; Gewicht: 4,5 kg<\/p>\n<div id=\"isChromeWebToolbarDiv\"> <\/div>\n","protected":false},"excerpt":{"rendered":"<p>Zentrifugalbefeuchter mit einer maximalen Durchflussmenge von 5 l\/h. Robuste und wartungsfreundliche Befeuchter, die einfach zu installieren sind; sie ben\u00f6tigen nur<\/p>\n","protected":false},"featured_media":135230,"comment_status":"open","ping_status":"closed","template":"","meta":[],"product_brand":[],"product_cat":[7926],"product_tag":[],"class_list":{"0":"post-135236","1":"product","2":"type-product","3":"status-publish","4":"has-post-thumbnail","6":"product_cat-growshop-fr","8":"first","9":"instock","10":"taxable","11":"shipping-taxable","12":"purchasable","13":"product-type-simple"},"_links":{"self":[{"href":"https:\/\/www.budream.com\/de\/wp-json\/wp\/v2\/product\/135236","targetHints":{"allow":["GET"]}}],"collection":[{"href":"https:\/\/www.budream.com\/de\/wp-json\/wp\/v2\/product"}],"about":[{"href":"https:\/\/www.budream.com\/de\/wp-json\/wp\/v2\/types\/product"}],"replies":[{"embeddable":true,"href":"https:\/\/www.budream.com\/de\/wp-json\/wp\/v2\/comments?post=135236"}],"version-history":[{"count":0,"href":"https:\/\/www.budream.com\/de\/wp-json\/wp\/v2\/product\/135236\/revisions"}],"wp:featuredmedia":[{"embeddable":true,"href":"https:\/\/www.budream.com\/de\/wp-json\/wp\/v2\/media\/135230"}],"wp:attachment":[{"href":"https:\/\/www.budream.com\/de\/wp-json\/wp\/v2\/media?parent=135236"}],"wp:term":[{"taxonomy":"product_brand","embeddable":true,"href":"https:\/\/www.budream.com\/de\/wp-json\/wp\/v2\/product_brand?post=135236"},{"taxonomy":"product_cat","embeddable":true,"href":"https:\/\/www.budream.com\/de\/wp-json\/wp\/v2\/product_cat?post=135236"},{"taxonomy":"product_tag","embeddable":true,"href":"https:\/\/www.budream.com\/de\/wp-json\/wp\/v2\/product_tag?post=135236"}],"curies":[{"name":"wp","href":"https:\/\/api.w.org\/{rel}","templated":true}]}}