{"id":135281,"date":"2025-07-31T02:27:15","date_gmt":"2025-07-31T00:27:15","guid":{"rendered":"https:\/\/www.budream.com\/shop\/vapman-click-reines-kirschholz-verdampfer\/"},"modified":"2026-01-19T11:55:29","modified_gmt":"2026-01-19T09:55:29","slug":"vapman-click-reines-kirschholz-verdampfer","status":"publish","type":"product","link":"https:\/\/www.budream.com\/de\/shop\/vapman-click-reines-kirschholz-verdampfer\/","title":{"rendered":"VAPMAN CLICK &#8211; REINES KIRSCHHOLZ | VERDAMPFER"},"content":{"rendered":"<div style=\"font-family: Verdana, sans-serif;color: #000000\">\n<p>Der<strong>Vapman Click Pure Cherry Wood<\/strong> ist die perfekte Weiterentwicklung des ber\u00fchmten handgefertigten Vaporizers aus der Schweiz, der entwickelt wurde, um ein noch intuitiveres und leistungsf\u00e4higeres Erlebnis zu bieten. Handgefertigt aus unbehandeltem europ\u00e4ischem Kirschholz, zeichnet er sich durch seine nat\u00fcrliche Sch\u00f6nheit, Kompaktheit und kompromisslose Qualit\u00e4t aus.<\/p>\n<p>Der Vapman Click beh\u00e4lt das Herzst\u00fcck der Vapman-Philosophie bei: manuelles und vollst\u00e4ndig kontrollierbares Dampfen, f\u00fchrt aber das <strong>neue<\/strong> <strong>&#8222;Click&#8220;<\/strong> <strong>-System<\/strong> ein, das deutlich signalisiert, wenn die ideale Temperatur erreicht ist. Diese Innovation macht die Benutzung noch einfacher, pr\u00e4ziser und befriedigender, sowohl f\u00fcr Anf\u00e4nger als auch f\u00fcr erfahrene Benutzer.<\/p>\n<h2 style=\"text-decoration: underline\"><strong>Eigenschaften und Funktionalit\u00e4t des Vapman Click:<\/strong><\/h2>\n<p>Der <strong>Vapman Click<\/strong> zeichnet sich durch eine gelungene Kombination aus Pr\u00e4zision, Zweckm\u00e4\u00dfigkeit und Handwerkskunst aus. Das Herzst\u00fcck der Innovation ist das <strong>integrierte thermische Klicksystem<\/strong>, das genau signalisiert, wann die ideale Verdampfungstemperatur erreicht ist (ca. 180 &deg;C) und wann sie sich abk\u00fchlt: Dies beseitigt jeden Zweifel an der Intensit\u00e4t der Flamme und macht das Erlebnis auch f\u00fcr Anf\u00e4nger zug\u00e4nglich.<\/p>\n<p>Die <strong>vergr\u00f6\u00dferte Heizkammer<\/strong> mit einem Fassungsverm\u00f6gen von bis zu 0,2 Gramm erm\u00f6glicht die freie Wahl zwischen Mikro-Dosierung und gleichm\u00e4\u00dfigeren Sessions, wobei eine ausgezeichnete Effizienz erhalten bleibt. Die <strong>vollst\u00e4ndig manuelle W\u00e4rmeregulierung<\/strong> erm\u00f6glicht es dem Benutzer, die Session nach seinen Vorlieben zu gestalten: s\u00fc\u00dfer und aromatischer oder intensiver und dichter.<\/p>\n<p>Das Geh\u00e4use <strong>aus Kirschholz<\/strong> verleiht dem Ger\u00e4t ein nat\u00fcrliches und elegantes Aussehen, aber auch ein warmes und authentisches Gef\u00fchl, mit einer handgefertigten Oberfl\u00e4che ohne synthetische Elemente. Dank des<strong>Fehlens elektronischer Komponenten<\/strong> kann der Vapman Click \u00fcberall verwendet werden, ohne dass Batterien oder Steckdosen ben\u00f6tigt werden. Eine echte R\u00fcckkehr zur Essenz des Dampfens, aber mit der Qualit\u00e4t und Sicherheit eines Produkts, das mit viel Liebe zum Detail entwickelt und hergestellt wurde.<\/p>\n<h2 style=\"text-decoration: underline\"><strong>Vapman Click VS Vapman 2.0: Vergleich<\/strong><\/h2>\n<p>Im Vergleich zum Vorg\u00e4ngermodell Vapman 2.0 weist der neue Vapman Click bedeutende \u00c4nderungen auf, die das Benutzererlebnis verbessern. Die offensichtlichste Verbesserung ist die Hinzuf\u00fcgung des <strong>&#8222;Click&#8220;-Mechanismus,<\/strong> der akustisch signalisiert, wenn die optimale Temperatur erreicht ist &#8211; eine echte Revolution f\u00fcr alle, die Pr\u00e4zision w\u00fcnschen, ohne die Erhitzungstechniken auswendig lernen zu m\u00fcssen.<\/p>\n<p>Auch die <strong>F\u00fcllkammer<\/strong> wurde optimiert, mit gr\u00f6\u00dferem Fassungsverm\u00f6gen und besserer W\u00e4rmeverteilung. Die <strong>innere Konstruktion ist<\/strong> dank verbesserter Materialien und verbesserter L\u00f6tung <strong>robuster<\/strong>, w\u00e4hrend das Luftstrommanagement perfektioniert wurde, um einen sanfteren und aromatischeren Zug zu erm\u00f6glichen. \u00c4sthetisch beh\u00e4lt der Vapman Click das schlanke und minimalistische Design bei, das ihn ber\u00fchmt gemacht hat, aber mit einer noch h\u00f6heren wahrgenommenen Qualit\u00e4t dank der tadellosen Handwerkskunst.<\/p>\n<p><strong>Entdecken Sie die Sch\u00f6nheit und Funktionalit\u00e4t des Vapman Click Pure Cherry Wood<\/strong>: ein manueller Verdampfer, der Tradition, Innovation und v\u00f6llige Freiheit in der Anwendung vereint. Wenn Sie die Essenz des kompromisslosen Verdampfens lieben und h\u00f6chste handwerkliche Qualit\u00e4t w\u00fcnschen, ist dies das richtige Ger\u00e4t f\u00fcr Sie.<\/p>\n<h2 style=\"text-decoration: underline\"><strong>Technische Daten Vapman Click:<\/strong><\/h2>\n<ul style=\"list-style-type: disc\">\n<li>Materialien: unbehandeltes europ\u00e4isches Kirschholz, Messing, rostfreier Stahl und nat\u00fcrlicher Glimmer;<\/li>\n<li>Heizung: manuelle Flamme, mit &#8222;Click&#8220;-Temperaturanzeige;<\/li>\n<li>Fassungsverm\u00f6gen des Ofens: bis zu 0,2 g trockenes Kraut (auch ideal f\u00fcr Mikro-Dosierung);<\/li>\n<li>Temperaturkontrolle: vollst\u00e4ndig manuell, keine Elektronik;<\/li>\n<li>Tragbarkeit: extrem kompakt, leicht und langlebig;<\/li>\n<li>Produktion: handgefertigt in der Schweiz mit nat\u00fcrlichen Materialien und nachhaltiger Verarbeitung;<\/li>\n<\/ul>\n<\/div>\n","protected":false},"excerpt":{"rendered":"<p>DerVapman Click Pure Cherry Wood ist die perfekte Weiterentwicklung des ber\u00fchmten handgefertigten Vaporizers aus der Schweiz, der entwickelt wurde, um<\/p>\n","protected":false},"featured_media":135240,"comment_status":"open","ping_status":"closed","template":"","meta":[],"product_brand":[],"product_cat":[7907],"product_tag":[],"class_list":{"0":"post-135281","1":"product","2":"type-product","3":"status-publish","4":"has-post-thumbnail","6":"product_cat-verdampfer","8":"first","9":"instock","10":"sale","11":"taxable","12":"shipping-taxable","13":"purchasable","14":"product-type-simple"},"aioseo_notices":[],"_links":{"self":[{"href":"https:\/\/www.budream.com\/de\/wp-json\/wp\/v2\/product\/135281","targetHints":{"allow":["GET"]}}],"collection":[{"href":"https:\/\/www.budream.com\/de\/wp-json\/wp\/v2\/product"}],"about":[{"href":"https:\/\/www.budream.com\/de\/wp-json\/wp\/v2\/types\/product"}],"replies":[{"embeddable":true,"href":"https:\/\/www.budream.com\/de\/wp-json\/wp\/v2\/comments?post=135281"}],"version-history":[{"count":0,"href":"https:\/\/www.budream.com\/de\/wp-json\/wp\/v2\/product\/135281\/revisions"}],"wp:featuredmedia":[{"embeddable":true,"href":"https:\/\/www.budream.com\/de\/wp-json\/wp\/v2\/media\/135240"}],"wp:attachment":[{"href":"https:\/\/www.budream.com\/de\/wp-json\/wp\/v2\/media?parent=135281"}],"wp:term":[{"taxonomy":"product_brand","embeddable":true,"href":"https:\/\/www.budream.com\/de\/wp-json\/wp\/v2\/product_brand?post=135281"},{"taxonomy":"product_cat","embeddable":true,"href":"https:\/\/www.budream.com\/de\/wp-json\/wp\/v2\/product_cat?post=135281"},{"taxonomy":"product_tag","embeddable":true,"href":"https:\/\/www.budream.com\/de\/wp-json\/wp\/v2\/product_tag?post=135281"}],"curies":[{"name":"wp","href":"https:\/\/api.w.org\/{rel}","templated":true}]}}