{"id":135326,"date":"2025-07-31T02:27:46","date_gmt":"2025-07-31T00:27:46","guid":{"rendered":"https:\/\/www.budream.com\/shop\/vapman-click-klassischer-walnuss-holzverdampfer\/"},"modified":"2026-03-06T15:14:19","modified_gmt":"2026-03-06T13:14:19","slug":"vapman-click-klassischer-walnuss-holzverdampfer","status":"publish","type":"product","link":"https:\/\/www.budream.com\/de\/shop\/vapman-click-klassischer-walnuss-holzverdampfer\/","title":{"rendered":"VAPMAN CLICK &#8211; KLASSISCHER WALNUSS | HOLZVERDAMPFER"},"content":{"rendered":"<div style=\"font-family: Verdana, sans-serif;color: #000000\">\n<p>Der<strong>Vapman Click<\/strong> ist die neue Inkarnation des ber\u00fchmten Schweizer Handverdampfers, entwickelt f\u00fcr alle, die ein raffiniertes, nat\u00fcrliches und vollst\u00e4ndig kontrolliertes Verdampferlebnis suchen. Dieses Modell, handgefertigt aus unbehandeltem <strong>europ\u00e4ischem Walnussholz<\/strong>, vereint Eleganz, Funktionalit\u00e4t und kompromisslose Qualit\u00e4t.<\/p>\n<p>Das integrierte <strong>Click-System<\/strong> macht den Gebrauch noch einfacher: Der Verdampfer gibt ein deutliches akustisches Signal ab, wenn er die optimale Temperatur erreicht hat, wodurch jegliche Unsicherheit beim Erhitzen mit einer Flamme beseitigt wird. Er ist die ideale Wahl f\u00fcr alle, die ein nat\u00fcrliches, aber pr\u00e4zises Erlebnis fernab von elektronischen Ger\u00e4ten, aber mit Top-Leistung w\u00fcnschen.<\/p>\n<h2 style=\"text-decoration: underline\"><strong>Eigenschaften und Funktionalit\u00e4t des Vapman Click Classic Walnut Wood:<\/strong><\/h2>\n<p>Der <strong>Vapman Click<\/strong> stellt die perfekte Verbindung von Handwerkskunst und funktioneller Innovation dar. Das &#8222;Click&#8220;-System, das in die Metallstruktur des Kegels integriert ist, signalisiert genau, wann die richtige Temperatur erreicht ist (ca. 180 &deg;C) und garantiert effizientes Dampfen ohne das Risiko einer \u00dcberhitzung.<\/p>\n<p>Das <strong>Walnussholz<\/strong> verleiht dem Ger\u00e4t ein warmes und intensives Aussehen, mit einzigartigen Maserungen, die jedes Ger\u00e4t zu einem unverwechselbaren St\u00fcck machen. Die <strong>vergr\u00f6\u00dferte Kammer<\/strong> erm\u00f6glicht sowohl Mikrodosierungen als auch volle Sessions (bis zu 0,2 g), w\u00e4hrend der <strong>Zug<\/strong> dank des verbesserten Luftstroms <strong>weich, aromatisch und voll ist<\/strong>. Die vollst\u00e4ndig manuelle W\u00e4rmeregulierung bietet eine direkte Interaktion mit dem Material, f\u00fcr ein langsames und bewusstes Ritual.<\/p>\n<p>Keine Elektronik, keine Batterien, nur Ihre Flamme und die Qualit\u00e4t eines langlebigen Ger\u00e4ts, das auch im Freien oder auf der Stra\u00dfe verwendet werden kann.<\/p>\n<h2 style=\"text-decoration: underline\"><strong>Vapman Click VS Vapman 2.0:<\/strong><\/h2>\n<p>Der neue Vapman Click stellt eine bedeutende Weiterentwicklung des Vapman 2.0 dar. Die Hauptver\u00e4nderung ist die Hinzuf\u00fcgung des <strong>Click-Systems,<\/strong> das den Heizprozess viel einfacher und intuitiver macht. Sie m\u00fcssen sich nicht mehr auf Ihre Erfahrung oder die Farbe des Kegels verlassen: Sie wissen jetzt genau, wann Sie mit dem Rauchen beginnen m\u00fcssen.<\/p>\n<p>Die <strong>innere Konstruktion wurde verbessert<\/strong>, mit st\u00e4rkeren Materialien und besserer W\u00e4rmeisolierung. Die <strong>Ladekammer ist gr\u00f6\u00dfer<\/strong> und der Luftstrom wurde optimiert, um eine gleichm\u00e4\u00dfigere und ausgewogenere Session zu erm\u00f6glichen. In Bezug auf die \u00c4sthetik beh\u00e4lt das neue Design die gleiche handgefertigte Eleganz, aber mit einem noch h\u00f6heren Niveau der Verarbeitung. Der Vapman Click wurde in jeder Hinsicht verbessert, ohne die urspr\u00fcngliche Essenz des Designs zu verraten.<\/p>\n<p><strong>Entscheiden Sie sich f\u00fcr Vapman Click Classic Walnut Wood<\/strong>, um das Vergn\u00fcgen des manuellen Verdampfens in einem eleganten, nat\u00fcrlichen und leistungsstarken Format wiederzuentdecken. Perfekt f\u00fcr alle, die Qualit\u00e4t, Freiheit und totale Kontrolle suchen, mit einem Hauch von authentischer Handwerkskunst.<\/p>\n<h2 style=\"text-decoration: underline\"><strong>Technische Details Vapman Click Classic Walnussholz:<\/strong><\/h2>\n<ul style=\"list-style-type: disc\">\n<li>Materialien: unbehandeltes europ\u00e4isches Walnussholz, Messing, rostfreier Stahl und nat\u00fcrlicher Glimmer;<\/li>\n<li>Heizung: manuell mit Flamme, Temperaturanzeigesystem mit integriertem &#8222;Click&#8220;;<\/li>\n<li>Fassungsverm\u00f6gen des Ofens: bis zu 0,2 g trockenes Kraut (auch perfekt f\u00fcr Mikro-Dosierung);<\/li>\n<li>Temperaturkontrolle: manuell und pr\u00e4zise, keine Elektronik;<\/li>\n<li>Tragbarkeit: leicht, kompakt, ideal f\u00fcr den Gebrauch au\u00dferhalb des Hauses;<\/li>\n<li>Produktion: handgefertigt in der Schweiz, mit R\u00fccksicht auf die Umwelt und nat\u00fcrliche Materialien;<\/li>\n<\/ul>\n<\/div>\n","protected":false},"excerpt":{"rendered":"<p>DerVapman Click ist die neue Inkarnation des ber\u00fchmten Schweizer Handverdampfers, entwickelt f\u00fcr alle, die ein raffiniertes, nat\u00fcrliches und vollst\u00e4ndig kontrolliertes<\/p>\n","protected":false},"featured_media":135285,"comment_status":"open","ping_status":"closed","template":"","meta":[],"product_brand":[],"product_cat":[7907],"product_tag":[],"class_list":{"0":"post-135326","1":"product","2":"type-product","3":"status-publish","4":"has-post-thumbnail","6":"product_cat-verdampfer","8":"first","9":"instock","10":"sale","11":"taxable","12":"shipping-taxable","13":"purchasable","14":"product-type-simple"},"aioseo_notices":[],"_links":{"self":[{"href":"https:\/\/www.budream.com\/de\/wp-json\/wp\/v2\/product\/135326","targetHints":{"allow":["GET"]}}],"collection":[{"href":"https:\/\/www.budream.com\/de\/wp-json\/wp\/v2\/product"}],"about":[{"href":"https:\/\/www.budream.com\/de\/wp-json\/wp\/v2\/types\/product"}],"replies":[{"embeddable":true,"href":"https:\/\/www.budream.com\/de\/wp-json\/wp\/v2\/comments?post=135326"}],"version-history":[{"count":0,"href":"https:\/\/www.budream.com\/de\/wp-json\/wp\/v2\/product\/135326\/revisions"}],"wp:featuredmedia":[{"embeddable":true,"href":"https:\/\/www.budream.com\/de\/wp-json\/wp\/v2\/media\/135285"}],"wp:attachment":[{"href":"https:\/\/www.budream.com\/de\/wp-json\/wp\/v2\/media?parent=135326"}],"wp:term":[{"taxonomy":"product_brand","embeddable":true,"href":"https:\/\/www.budream.com\/de\/wp-json\/wp\/v2\/product_brand?post=135326"},{"taxonomy":"product_cat","embeddable":true,"href":"https:\/\/www.budream.com\/de\/wp-json\/wp\/v2\/product_cat?post=135326"},{"taxonomy":"product_tag","embeddable":true,"href":"https:\/\/www.budream.com\/de\/wp-json\/wp\/v2\/product_tag?post=135326"}],"curies":[{"name":"wp","href":"https:\/\/api.w.org\/{rel}","templated":true}]}}