{"id":135356,"date":"2025-07-31T02:28:16","date_gmt":"2025-07-31T00:28:16","guid":{"rendered":"https:\/\/www.budream.com\/shop\/vapman-lotus-olive-holzverdampfer\/"},"modified":"2026-01-19T11:56:32","modified_gmt":"2026-01-19T09:56:32","slug":"vapman-lotus-olive-holzverdampfer","status":"publish","type":"product","link":"https:\/\/www.budream.com\/de\/shop\/vapman-lotus-olive-holzverdampfer\/","title":{"rendered":"VAPMAN LOTUS &#8211; OLIVE | HOLZVERDAMPFER"},"content":{"rendered":"<div style=\"font-family: Verdana, sans-serif;color: #212529\">\n<p><strong>Vapman Lotus Vaporizer Kit Olive <\/strong> ist ein tragbarer Designer-Verdampfer, handgefertigt aus europ\u00e4ischem Olivenholz und Edelstahl. Basierend auf <em>reiner Konvektionstechnik<\/em> liefert er einen k\u00fchlen Luftstrom und eine gleichm\u00e4\u00dfige Erw\u00e4rmung f\u00fcr ein aromatisches und intensives, pfeifenartiges Erlebnis, aber ohne Verbrennung.<\/p>\n<h2 style=\"text-decoration: underline\"><strong>Die wichtigsten Merkmale des Vapman Lotus:<\/strong><\/h2>\n<p>Das Herzst\u00fcck des Lotus ist der dreifache Durchgang von k\u00fchler Luft durch die Holzkappe und die Stahlplatten und dann in das frisch erhitzte Material, wodurch reine Aromen und dichte Dampfwolken entstehen. Mit einer Jetflammenz\u00fcndung wird der Dampf in nur 3 Sekunden erzeugt, ohne Batterien oder Elektronik, perfekt f\u00fcr alle, die ein handgehaltenes und nachhaltiges Erlebnis suchen.<\/p>\n<p>Die 0,3-g-Kammer ist ideal f\u00fcr einzelne oder gr\u00f6\u00dfere Sessions, w\u00e4hrend der Adapter und der 14-mm-Glaszylinder auch die Verwendung mit Bongs oder Wasserpfeifen erm\u00f6glichen. Der integrierte Magnetknopf dient auch als R\u00fchrer f\u00fcr ein gleichm\u00e4\u00dfiges Aufheizen zwischen den Sessions.<\/p>\n<h2 style=\"text-decoration: underline\"><strong>Warum Sie den Vapman Lotus lieben werden:<\/strong><\/h2>\n<p>Das Lotus Vaporizer Kit \u00fcberzeugt vom ersten Gebrauch an dank seiner reinen Konvektionseffizienz, die einen dichten, aromatischen Dampf erm\u00f6glicht, ohne jemals eine Verbrennung zu erreichen. Die Erw\u00e4rmung erfolgt sofort: Es dauert nur wenige Sekunden, bis ein intensiver und angenehmer Dampf freigesetzt wird, ohne dass man eine Vorheizzeit abwarten oder sich um den Akku k\u00fcmmern muss. Der v\u00f6llige Verzicht auf elektronische Komponenten macht ihn zuverl\u00e4ssig und stets einsatzbereit, ein idealer Begleiter f\u00fcr alle, die Unabh\u00e4ngigkeit und Zweckm\u00e4\u00dfigkeit suchen. Das handgefertigte Design aus Olivenholz verleiht dem Ger\u00e4t eine warme und nat\u00fcrliche \u00c4sthetik: jedes St\u00fcck ist ein Unikat, wie ein Kunstwerk. Dank der Kompatibilit\u00e4t mit 14-mm-Adaptern kann er auch mit Wasserpfeifen verwendet werden, was das Dampferlebnis erweitert. Die manuelle Steuerung der Flamme erm\u00f6glicht eine authentische und bewusste Interaktion mit dem Ger\u00e4t, f\u00fcr eine wirklich pers\u00f6nliche Session.<\/p>\n<p>Holen Sie sich das Lotus Vaporizer Kit &#8211; Olive Wood in Ihr Kit: Lassen Sie sich von der Kraft der reinen Konvektion \u00fcberraschen, in einem Objekt, das traditionelle Handwerkskunst und moderne Leistung vereint.<\/p>\n<h2 style=\"text-decoration: underline\"><strong>Inhalt des Kits und technische Details:<\/strong><\/h2>\n<ul style=\"list-style-type: disc\">\n<li>Inklusive: Deckel aus Olivenholz, 14 mm Stahlkammer, Glaszylinder, Adapter, Trichter f\u00fcr Konzentrate;<\/li>\n<li>Dampfkapazit\u00e4t: bis zu 0,3 g Kr\u00e4uter oder Konzentrate;<\/li>\n<li>Materialien: Olivenholz, Edelstahl, Borosilikatglas;<\/li>\n<li>Gewicht und Abmessungen: ca. 180 g, 160&times;120&times;55 mm;<\/li>\n<li>Heizmethode: Jet-Flamme, keine Elektronik;<\/li>\n<li>Einfache Wartung: Reinigung mit Wattest\u00e4bchen oder B\u00fcrste, Ersatzteile erh\u00e4ltlich;<\/li>\n<\/ul>\n<\/div>\n","protected":false},"excerpt":{"rendered":"<p>Vapman Lotus Vaporizer Kit Olive ist ein tragbarer Designer-Verdampfer, handgefertigt aus europ\u00e4ischem Olivenholz und Edelstahl. Basierend auf reiner Konvektionstechnik liefert<\/p>\n","protected":false},"featured_media":135330,"comment_status":"open","ping_status":"closed","template":"","meta":[],"product_brand":[],"product_cat":[7907],"product_tag":[],"class_list":{"0":"post-135356","1":"product","2":"type-product","3":"status-publish","4":"has-post-thumbnail","6":"product_cat-verdampfer","8":"first","9":"instock","10":"sale","11":"taxable","12":"shipping-taxable","13":"purchasable","14":"product-type-simple"},"aioseo_notices":[],"_links":{"self":[{"href":"https:\/\/www.budream.com\/de\/wp-json\/wp\/v2\/product\/135356","targetHints":{"allow":["GET"]}}],"collection":[{"href":"https:\/\/www.budream.com\/de\/wp-json\/wp\/v2\/product"}],"about":[{"href":"https:\/\/www.budream.com\/de\/wp-json\/wp\/v2\/types\/product"}],"replies":[{"embeddable":true,"href":"https:\/\/www.budream.com\/de\/wp-json\/wp\/v2\/comments?post=135356"}],"version-history":[{"count":0,"href":"https:\/\/www.budream.com\/de\/wp-json\/wp\/v2\/product\/135356\/revisions"}],"wp:featuredmedia":[{"embeddable":true,"href":"https:\/\/www.budream.com\/de\/wp-json\/wp\/v2\/media\/135330"}],"wp:attachment":[{"href":"https:\/\/www.budream.com\/de\/wp-json\/wp\/v2\/media?parent=135356"}],"wp:term":[{"taxonomy":"product_brand","embeddable":true,"href":"https:\/\/www.budream.com\/de\/wp-json\/wp\/v2\/product_brand?post=135356"},{"taxonomy":"product_cat","embeddable":true,"href":"https:\/\/www.budream.com\/de\/wp-json\/wp\/v2\/product_cat?post=135356"},{"taxonomy":"product_tag","embeddable":true,"href":"https:\/\/www.budream.com\/de\/wp-json\/wp\/v2\/product_tag?post=135356"}],"curies":[{"name":"wp","href":"https:\/\/api.w.org\/{rel}","templated":true}]}}