{"id":135376,"date":"2025-07-31T02:28:45","date_gmt":"2025-07-31T00:28:45","guid":{"rendered":"https:\/\/www.budream.com\/shop\/vapman-lotus-walnuss-holz-verdampfer\/"},"modified":"2026-01-19T11:57:03","modified_gmt":"2026-01-19T09:57:03","slug":"vapman-lotus-walnuss-holz-verdampfer","status":"publish","type":"product","link":"https:\/\/www.budream.com\/de\/shop\/vapman-lotus-walnuss-holz-verdampfer\/","title":{"rendered":"VAPMAN LOTUS &#8211; WALNUSS | HOLZ VERDAMPFER"},"content":{"rendered":"<div style=\"font-family: Verdana, sans-serif;color: #212529\">\n<p><strong>Vapman Lotus Vaporizer Kit Walnut<\/strong> ist ein tragbarer Verdampfer mit einer raffinierten \u00c4sthetik, handgefertigt aus europ\u00e4ischem Walnussholz und Edelstahl-Komponenten. Basierend auf der leistungsstarken <em>reinen Konvektionstechnik<\/em> bietet er eine saubere, verbrennungsfreie Verdampfungserfahrung, ideal f\u00fcr Liebhaber von aromatischen und kontrollierten Sessions.<\/p>\n<h2 style=\"text-decoration: underline\"><strong>Die wichtigsten Merkmale des Vapman Lotus:<\/strong><\/h2>\n<p>Der Lotus Walnut verf\u00fcgt \u00fcber einen dreifachen Luftdurchlass: Die gefilterte Luft str\u00f6mt zuerst durch die Holzkappe, dann zwischen den Stahlplatten und schlie\u00dflich durch das erhitzte Material, was einen dichten, geschmackvollen Dampf gew\u00e4hrleistet. Die Erhitzung mit der Jetflamme erfolgt sofort und dauert nur wenige Sekunden, so dass keine Batterien oder Elektronik ben\u00f6tigt werden.<\/p>\n<p>Die 0,3-Gramm-Kammer ist ideal f\u00fcr Mikrodosen und l\u00e4ngere Sessions. Im Lieferumfang enthalten sind ein 14-mm-Glasstab und ein Adapter f\u00fcr den Anschluss an Wasserpfeifen oder Bongs. Der integrierte Magnetknopf erf\u00fcllt eine Doppelfunktion: Er verschlie\u00dft die Kappe und r\u00fchrt das Material f\u00fcr eine gleichm\u00e4\u00dfige Erw\u00e4rmung um.<\/p>\n<h2 style=\"text-decoration: underline\"><strong>Warum Sie es lieben werden:<\/strong><\/h2>\n<p>Sie werden sofort die Effizienz des Lotus Walnut zu sch\u00e4tzen wissen, da er dank der reinen Konvektion in der Lage ist, vollmundigen Dampf zu erzeugen, ohne das Material jemals zu besch\u00e4digen oder zu verbrennen. Die fast augenblickliche Erw\u00e4rmung sorgt f\u00fcr Ergebnisse innerhalb von 3-5 Sekunden, w\u00e4hrend das v\u00f6llige Fehlen von Elektronik das Ger\u00e4t unglaublich zuverl\u00e4ssig und langlebig macht: ideal, um es \u00fcberallhin mitzunehmen. Das edle Walnussholz verleiht dem Ger\u00e4t einen eleganten und unverwechselbaren Charakter mit einer handgefertigten Oberfl\u00e4che, die es einzigartig macht. Mit dem 14-mm-Adapter wird der Lotus kompatibel mit Wasserpfeifen und erweitert so die Einsatzm\u00f6glichkeiten. Und schlie\u00dflich erm\u00f6glicht die handgehaltene Flammensteuerung eine authentische Verbindung mit dem Verdampfungsprozess.<\/p>\n<p><strong>Entdecken Sie den Reiz und die Funktionalit\u00e4t des Vapman Lotus, <\/strong>eines kompakten, robusten und eleganten Verdampfers, der f\u00fcr eine lange Lebensdauer konzipiert wurde. Ein Verdampfer, der Handwerkskunst und Leistung in einem einzigen, raffinierten Objekt vereint.<\/p>\n<h2 style=\"text-decoration: underline\"><strong>Inhalt des Kits und technische Details:<\/strong><\/h2>\n<ul style=\"list-style-type: disc\">\n<li>Inklusive: Walnussholzkappe, 14 mm Stahlkammer, Glaszylinder, 14 mm Adapter, Trichter f\u00fcr Konzentrate;<\/li>\n<li>Dampfkapazit\u00e4t: bis zu 0,3 g Kr\u00e4uter oder Konzentrate;<\/li>\n<li>Materialien: Europ\u00e4isches Walnussholz, Edelstahl, Borosilikatglas;<\/li>\n<li>Gewicht und Abmessungen: ca. 180 g, 160&times;120&times;55 mm;<\/li>\n<li>Heizmethode: Jet-Flamme, keine Elektronik;<\/li>\n<li>Einfache Wartung: Reinigung mit Wattest\u00e4bchen oder B\u00fcrste; Ersatzteile erh\u00e4ltlich;<\/li>\n<\/ul>\n<\/div>\n","protected":false},"excerpt":{"rendered":"<p>Vapman Lotus Vaporizer Kit Walnut ist ein tragbarer Verdampfer mit einer raffinierten \u00c4sthetik, handgefertigt aus europ\u00e4ischem Walnussholz und Edelstahl-Komponenten. Basierend<\/p>\n","protected":false},"featured_media":135360,"comment_status":"open","ping_status":"closed","template":"","meta":[],"product_brand":[],"product_cat":[7907],"product_tag":[],"class_list":{"0":"post-135376","1":"product","2":"type-product","3":"status-publish","4":"has-post-thumbnail","6":"product_cat-verdampfer","8":"first","9":"instock","10":"sale","11":"taxable","12":"shipping-taxable","13":"purchasable","14":"product-type-simple"},"aioseo_notices":[],"_links":{"self":[{"href":"https:\/\/www.budream.com\/de\/wp-json\/wp\/v2\/product\/135376","targetHints":{"allow":["GET"]}}],"collection":[{"href":"https:\/\/www.budream.com\/de\/wp-json\/wp\/v2\/product"}],"about":[{"href":"https:\/\/www.budream.com\/de\/wp-json\/wp\/v2\/types\/product"}],"replies":[{"embeddable":true,"href":"https:\/\/www.budream.com\/de\/wp-json\/wp\/v2\/comments?post=135376"}],"version-history":[{"count":0,"href":"https:\/\/www.budream.com\/de\/wp-json\/wp\/v2\/product\/135376\/revisions"}],"wp:featuredmedia":[{"embeddable":true,"href":"https:\/\/www.budream.com\/de\/wp-json\/wp\/v2\/media\/135360"}],"wp:attachment":[{"href":"https:\/\/www.budream.com\/de\/wp-json\/wp\/v2\/media?parent=135376"}],"wp:term":[{"taxonomy":"product_brand","embeddable":true,"href":"https:\/\/www.budream.com\/de\/wp-json\/wp\/v2\/product_brand?post=135376"},{"taxonomy":"product_cat","embeddable":true,"href":"https:\/\/www.budream.com\/de\/wp-json\/wp\/v2\/product_cat?post=135376"},{"taxonomy":"product_tag","embeddable":true,"href":"https:\/\/www.budream.com\/de\/wp-json\/wp\/v2\/product_tag?post=135376"}],"curies":[{"name":"wp","href":"https:\/\/api.w.org\/{rel}","templated":true}]}}