{"id":135431,"date":"2025-07-31T02:31:01","date_gmt":"2025-07-31T00:31:01","guid":{"rendered":"https:\/\/www.budream.com\/shop\/storzbickel-reiseetui-fuer-venty\/"},"modified":"2026-04-24T15:17:49","modified_gmt":"2026-04-24T13:17:49","slug":"storzbickel-reiseetui-fuer-venty","status":"publish","type":"product","link":"https:\/\/www.budream.com\/de\/shop\/storzbickel-reiseetui-fuer-venty\/","title":{"rendered":"STORZ&amp;BICKEL &#8211; REISEETUI F\u00dcR VENTY"},"content":{"rendered":"<p>Geruchssicherer Hartschalenkoffer f\u00fcr Ihren Venty. Tragen Sie Ihren Crafty immer sicher bei sich. Dank der Hartschalentasche ist Ihr Ger\u00e4t optimal gesch\u00fctzt. <\/p>\n<p><strong>VERDAMPFER NICHT ENTHALTEN<\/strong><\/p>\n<h2><span style=\"text-decoration: underline\">Storz &amp; Bickel &#8211; Reisekoffer beinhaltet:<\/span><\/h2>\n<ul style=\"list-style-type: disc\">\n<li>Hartschalen-Reiseetui f\u00fcr Venty;<\/li>\n<\/ul>\n","protected":false},"excerpt":{"rendered":"<p>Geruchssicherer Hartschalenkoffer f\u00fcr Ihren Venty. Tragen Sie Ihren Crafty immer sicher bei sich. Dank der Hartschalentasche ist Ihr Ger\u00e4t optimal<\/p>\n","protected":false},"featured_media":135415,"comment_status":"open","ping_status":"closed","template":"","meta":[],"product_brand":[],"product_cat":[7907],"product_tag":[],"class_list":{"0":"post-135431","1":"product","2":"type-product","3":"status-publish","4":"has-post-thumbnail","6":"product_cat-verdampfer","8":"first","9":"instock","10":"sale","11":"taxable","12":"shipping-taxable","13":"purchasable","14":"product-type-simple"},"aioseo_notices":[],"_links":{"self":[{"href":"https:\/\/www.budream.com\/de\/wp-json\/wp\/v2\/product\/135431","targetHints":{"allow":["GET"]}}],"collection":[{"href":"https:\/\/www.budream.com\/de\/wp-json\/wp\/v2\/product"}],"about":[{"href":"https:\/\/www.budream.com\/de\/wp-json\/wp\/v2\/types\/product"}],"replies":[{"embeddable":true,"href":"https:\/\/www.budream.com\/de\/wp-json\/wp\/v2\/comments?post=135431"}],"version-history":[{"count":1,"href":"https:\/\/www.budream.com\/de\/wp-json\/wp\/v2\/product\/135431\/revisions"}],"predecessor-version":[{"id":264724,"href":"https:\/\/www.budream.com\/de\/wp-json\/wp\/v2\/product\/135431\/revisions\/264724"}],"wp:featuredmedia":[{"embeddable":true,"href":"https:\/\/www.budream.com\/de\/wp-json\/wp\/v2\/media\/135415"}],"wp:attachment":[{"href":"https:\/\/www.budream.com\/de\/wp-json\/wp\/v2\/media?parent=135431"}],"wp:term":[{"taxonomy":"product_brand","embeddable":true,"href":"https:\/\/www.budream.com\/de\/wp-json\/wp\/v2\/product_brand?post=135431"},{"taxonomy":"product_cat","embeddable":true,"href":"https:\/\/www.budream.com\/de\/wp-json\/wp\/v2\/product_cat?post=135431"},{"taxonomy":"product_tag","embeddable":true,"href":"https:\/\/www.budream.com\/de\/wp-json\/wp\/v2\/product_tag?post=135431"}],"curies":[{"name":"wp","href":"https:\/\/api.w.org\/{rel}","templated":true}]}}