{"id":135446,"date":"2025-07-31T02:31:30","date_gmt":"2025-07-31T00:31:30","guid":{"rendered":"https:\/\/www.budream.com\/shop\/ueber-biologische-pheromonfalle-fuer-popillia-japonica-oder-japanischen-kaefer\/"},"modified":"2025-10-14T22:05:00","modified_gmt":"2025-10-14T20:05:00","slug":"ueber-biologische-pheromonfalle-fuer-popillia-japonica-oder-japanischen-kaefer","status":"publish","type":"product","link":"https:\/\/www.budream.com\/de\/shop\/ueber-biologische-pheromonfalle-fuer-popillia-japonica-oder-japanischen-kaefer\/","title":{"rendered":"UEBER &#8211; BIOLOGISCHE PHEROMONFALLE F\u00dcR POPILLIA JAPONICA ODER JAPANISCHEN K\u00c4FER"},"content":{"rendered":"<p>Der Popillia <strong>japonica<\/strong> Newman (Popillia oder japanischer K\u00e4fer) ist ein extrem polyphager Skarab\u00e4usk\u00e4fer, der gro\u00dfe wirtschaftliche Verluste verursacht und hohe Eind\u00e4mmungskosten erfordert.<\/p>\n<p>Die erwachsenen Tiere sind etwa 10 mm lang und haben einen <strong>metallisch gr\u00fcnen K\u00f6rper<\/strong> mit kupferfarbenen Fl\u00fcgeldecken. Die Larven sind wei\u00dflich, C-f\u00f6rmig gekr\u00fcmmt und leben im Boden, wo sie sich von Wurzeln ern\u00e4hren.<\/p>\n<p>Sie leben im Boden und ern\u00e4hren sich von Wurzeln. Die Larven befallen die Wurzeln von krautigen Pflanzen und Rasenfl\u00e4chen und verursachen <strong>Sch\u00e4den an landwirtschaftlichen Kulturen<\/strong> und Rasenfl\u00e4chen.<\/p>\n<p>Die erwachsenen Tiere hingegen ern\u00e4hren sich von Bl\u00fcten, Bl\u00e4ttern und Fr\u00fcchten von \u00fcber 300 Pflanzenarten und hinterlassen auf den Blattspreiten charakteristische<strong> netzartige Erosionen<\/strong>. <\/p>\n<h2 data-start=\"1884\" data-end=\"1906\"><span style=\"text-decoration: underline\"><strong data-start=\"1888\" data-end=\"1906\">Aufstellung von Fallen f\u00fcr Popillia Japonica<\/strong><\/span><\/h2>\n<p data-start=\"1907\" data-end=\"2158\">Um eine optimale Wirkung zu erzielen, sollte die Falle<strong> mindestens 3 Meter windw\u00e4rts<\/strong> von den zu sch\u00fctzenden Pflanzen aufgestellt werden, damit die K\u00e4fer auf dem Weg zu ihr abgefangen werden. Stellen Sie die Falle nicht auf oder in der N\u00e4he der Pflanze auf, da sie sonst noch mehr K\u00e4fer in das Laub lockt. Die optimale H\u00f6he f\u00fcr die Aufstellung ist etwa 1 Meter.<\/p>\n<h2 data-start=\"2165\" data-end=\"2185\"><span style=\"text-decoration: underline\"><strong data-start=\"2169\" data-end=\"2185\">Wartung der <\/strong><strong data-start=\"1888\" data-end=\"1906\">Fallen f\u00fcr Popillia Japonica<\/strong><\/span><\/h2>\n<p data-start=\"2186\" data-end=\"2560\">W\u00e4hrend der Aktivit\u00e4tszeit des Insekts<strong>(Juni &#8211; September<\/strong>) ist es ratsam, die Fallen regelm\u00e4\u00dfig zu kontrollieren und den Beh\u00e4lter zu leeren, bevor er vollst\u00e4ndig gef\u00fcllt ist. Der Sammelbeutel kann ersetzt oder vorsichtig geleert werden. Um die Wirksamkeit zu erh\u00f6hen, sollten Sie die Falle regelm\u00e4\u00dfig von R\u00fcckst\u00e4nden befreien und den K\u00f6der alle 4-6 Wochen austauschen.<\/p>\n<h3 data-start=\"2567\" data-end=\"2583\"> <\/h3>\n","protected":false},"excerpt":{"rendered":"<p>Der Popillia japonica Newman (Popillia oder japanischer K\u00e4fer) ist ein extrem polyphager Skarab\u00e4usk\u00e4fer, der gro\u00dfe wirtschaftliche Verluste verursacht und hohe<\/p>\n","protected":false},"featured_media":135435,"comment_status":"open","ping_status":"closed","template":"","meta":[],"product_brand":[],"product_cat":[7929],"product_tag":[],"class_list":{"0":"post-135446","1":"product","2":"type-product","3":"status-publish","4":"has-post-thumbnail","6":"product_cat-pflanzenschutz-und-abwehr","8":"first","9":"instock","10":"taxable","11":"shipping-taxable","12":"purchasable","13":"product-type-simple"},"aioseo_notices":[],"_links":{"self":[{"href":"https:\/\/www.budream.com\/de\/wp-json\/wp\/v2\/product\/135446","targetHints":{"allow":["GET"]}}],"collection":[{"href":"https:\/\/www.budream.com\/de\/wp-json\/wp\/v2\/product"}],"about":[{"href":"https:\/\/www.budream.com\/de\/wp-json\/wp\/v2\/types\/product"}],"replies":[{"embeddable":true,"href":"https:\/\/www.budream.com\/de\/wp-json\/wp\/v2\/comments?post=135446"}],"version-history":[{"count":0,"href":"https:\/\/www.budream.com\/de\/wp-json\/wp\/v2\/product\/135446\/revisions"}],"wp:featuredmedia":[{"embeddable":true,"href":"https:\/\/www.budream.com\/de\/wp-json\/wp\/v2\/media\/135435"}],"wp:attachment":[{"href":"https:\/\/www.budream.com\/de\/wp-json\/wp\/v2\/media?parent=135446"}],"wp:term":[{"taxonomy":"product_brand","embeddable":true,"href":"https:\/\/www.budream.com\/de\/wp-json\/wp\/v2\/product_brand?post=135446"},{"taxonomy":"product_cat","embeddable":true,"href":"https:\/\/www.budream.com\/de\/wp-json\/wp\/v2\/product_cat?post=135446"},{"taxonomy":"product_tag","embeddable":true,"href":"https:\/\/www.budream.com\/de\/wp-json\/wp\/v2\/product_tag?post=135446"}],"curies":[{"name":"wp","href":"https:\/\/api.w.org\/{rel}","templated":true}]}}