{"id":135486,"date":"2025-07-31T02:32:37","date_gmt":"2025-07-31T00:32:37","guid":{"rendered":"https:\/\/www.budream.com\/shop\/methode-sieben-evolution-sun-polarisiert-schildpatt-sonnenbrille\/"},"modified":"2025-12-19T15:44:48","modified_gmt":"2025-12-19T13:44:48","slug":"methode-sieben-evolution-sun-polarisiert-schildpatt-sonnenbrille","status":"publish","type":"product","link":"https:\/\/www.budream.com\/de\/shop\/methode-sieben-evolution-sun-polarisiert-schildpatt-sonnenbrille\/","title":{"rendered":"METHODE SIEBEN &#8211; EVOLUTION SUN POLARISIERT | SCHILDPATT SONNENBRILLE"},"content":{"rendered":"<div id=\"gt-src-c\" class=\"g-unit\">\n<p>Sie ehrt das gesamte Spektrum der nat\u00fcrlichen Farben, reduziert die Blendung und sch\u00fctzt Ihre Augen, ohne die Farbe zu ver\u00e4ndern oder den Glanz des Lebens zu zerst\u00f6ren. Die Sonnenbrille ist mit der <strong>New World Polarising-Technologie<\/strong> ausgestattet und eignet sich daher auch f\u00fcr Telefone und Fernsehbildschirme.<\/p>\n<p><strong>Endlich sind auch Schildkr\u00f6tenrahmen f\u00fcr die wachsenden Modelle erh\u00e4ltlich!!!<\/strong><\/p>\n<h2><span style=\"text-decoration: underline\">Method Seven Glastechnologie:<\/span><\/h2>\n<p>Die meisten Sonnenbrillen sind zu dunkel, zu stark polarisierend und vor allem modisch orientiert. Sie lassen Ihre Augen vielleicht weniger schielen, aber sie helfen Ihnen nicht, besser zu sehen.<\/p>\n<p>Wir haben dieses Problem mit unserer erstklassigen Filtertechnologie gel\u00f6st.<br \/>Wir filtern das Licht mit solcher Pr\u00e4zision, dass wir eine bestimmte Wellenl\u00e4nge (Lichtfarbe\/-energie), die Sie nicht brauchen, eliminieren und die Wellenl\u00e4ngen, die Sie brauchen, verst\u00e4rken k\u00f6nnen. Das ist Rauschunterdr\u00fcckung f\u00fcr Ihre Augen. <br \/>Sie sehen besser, sind entspannter und k\u00f6nnen Ihre Brille immer aufbehalten, im Auto, in der Bar und beim Scrollen durch Ihr Handy.<\/p>\n<h2><span style=\"text-decoration: underline\">Method Seven Rahmentechnologie:<\/span><\/h2>\n<p>Die Method Seven Lifestyle-Fassungen werden in Italien entworfen und hergestellt. Es sind klassische Designs mit kalifornischem Flair, mit flexiblen Scharnieren und sch\u00f6nen, handgefertigten Materialien.<br \/>Die<strong>Evolution<\/strong> ist bequem und flexibel, da sie aus TR90 besteht: einem unglaublich starken und leichten thermoplastischen Material. TR90 wird mit Schweizer Technologie hergestellt und erm\u00f6glicht es der Evolution, sich unter Druck zu biegen und sich dem Gesicht anzupassen.<\/p>\n<\/div>\n","protected":false},"excerpt":{"rendered":"<p>Sie ehrt das gesamte Spektrum der nat\u00fcrlichen Farben, reduziert die Blendung und sch\u00fctzt Ihre Augen, ohne die Farbe zu ver\u00e4ndern<\/p>\n","protected":false},"featured_media":135470,"comment_status":"open","ping_status":"closed","template":"","meta":[],"product_brand":[],"product_cat":[7925],"product_tag":[],"class_list":{"0":"post-135486","1":"product","2":"type-product","3":"status-publish","4":"has-post-thumbnail","6":"product_cat-growshop-de","8":"first","9":"instock","10":"taxable","11":"shipping-taxable","12":"purchasable","13":"product-type-simple"},"aioseo_notices":[],"_links":{"self":[{"href":"https:\/\/www.budream.com\/de\/wp-json\/wp\/v2\/product\/135486","targetHints":{"allow":["GET"]}}],"collection":[{"href":"https:\/\/www.budream.com\/de\/wp-json\/wp\/v2\/product"}],"about":[{"href":"https:\/\/www.budream.com\/de\/wp-json\/wp\/v2\/types\/product"}],"replies":[{"embeddable":true,"href":"https:\/\/www.budream.com\/de\/wp-json\/wp\/v2\/comments?post=135486"}],"version-history":[{"count":0,"href":"https:\/\/www.budream.com\/de\/wp-json\/wp\/v2\/product\/135486\/revisions"}],"wp:featuredmedia":[{"embeddable":true,"href":"https:\/\/www.budream.com\/de\/wp-json\/wp\/v2\/media\/135470"}],"wp:attachment":[{"href":"https:\/\/www.budream.com\/de\/wp-json\/wp\/v2\/media?parent=135486"}],"wp:term":[{"taxonomy":"product_brand","embeddable":true,"href":"https:\/\/www.budream.com\/de\/wp-json\/wp\/v2\/product_brand?post=135486"},{"taxonomy":"product_cat","embeddable":true,"href":"https:\/\/www.budream.com\/de\/wp-json\/wp\/v2\/product_cat?post=135486"},{"taxonomy":"product_tag","embeddable":true,"href":"https:\/\/www.budream.com\/de\/wp-json\/wp\/v2\/product_tag?post=135486"}],"curies":[{"name":"wp","href":"https:\/\/api.w.org\/{rel}","templated":true}]}}