{"id":135501,"date":"2025-07-31T02:33:06","date_gmt":"2025-07-31T00:33:06","guid":{"rendered":"https:\/\/www.budream.com\/shop\/suesse-samen-gruenes-gift-auto-fem-sws30\/"},"modified":"2026-03-21T12:35:49","modified_gmt":"2026-03-21T10:35:49","slug":"suesse-samen-gruenes-gift-auto-fem-sws30","status":"publish","type":"product","link":"https:\/\/www.budream.com\/de\/shop\/suesse-samen-gruenes-gift-auto-fem-sws30\/","title":{"rendered":"S\u00dcSSE SAMEN &#8211; GR\u00dcNES GIFT AUTO\u00ae FEM (SWS30)"},"content":{"rendered":"<p><strong>GR\u00dcNES GIFT AUTO\u00ae FEM (SWS30)<\/strong> ist ein Indica-dominanter Hybrid, der k\u00f6rperliche Entspannung mit reichlich Ertr\u00e4gen verbindet von SWEET SEEDS. Verf\u00fcgbar in Packungen mit 3 Samen feminisiert. Mit gutem THC-Gehalt (Hoch (15\u201319\u202f%)), diese Pflanze richtet sich an diejenigen, die Potenz und Qualit\u00e4t suchen. Im Anbau, bl\u00fcht schnell in 7-9 Wochen und produziert gro\u00dfz\u00fcgige Ertr\u00e4ge. In der Nase und am Gaumen zeichnet sich sein \ud83c\udf3f Erdiger-Aroma aus.<\/p>\n","protected":false},"excerpt":{"rendered":"<p>\ud83c\udf3f GR\u00dcNES GIFT AUTO\u00ae FEM (SWS30) von SWEET SEEDS \u00b7 \ud83e\uddec Indica Dominant (60%+) \u00b7 \ud83d\udcaa THC hoch (Hoch (15\u201319\u202f%)).<\/p>\n","protected":false},"featured_media":135490,"comment_status":"open","ping_status":"closed","template":"","meta":[],"product_brand":[],"product_cat":[7952],"product_tag":[10147,10195,8510,8543,10126,10128,10140],"class_list":{"0":"post-135501","1":"product","2":"type-product","3":"status-publish","4":"has-post-thumbnail","6":"product_cat-seedshop-de","7":"product_tag-erdiger","8":"product_tag-gruenes-gift-auto-fem-sws30","9":"product_tag-indica","10":"product_tag-sweet-seeds","11":"product_tag-cannabis-samen","12":"product_tag-feminisierte-samen","13":"product_tag-thc-hoch","15":"first","16":"instock","17":"sale","18":"taxable","19":"shipping-taxable","20":"purchasable","21":"product-type-variable"},"aioseo_notices":[],"_links":{"self":[{"href":"https:\/\/www.budream.com\/de\/wp-json\/wp\/v2\/product\/135501","targetHints":{"allow":["GET"]}}],"collection":[{"href":"https:\/\/www.budream.com\/de\/wp-json\/wp\/v2\/product"}],"about":[{"href":"https:\/\/www.budream.com\/de\/wp-json\/wp\/v2\/types\/product"}],"replies":[{"embeddable":true,"href":"https:\/\/www.budream.com\/de\/wp-json\/wp\/v2\/comments?post=135501"}],"version-history":[{"count":1,"href":"https:\/\/www.budream.com\/de\/wp-json\/wp\/v2\/product\/135501\/revisions"}],"predecessor-version":[{"id":258724,"href":"https:\/\/www.budream.com\/de\/wp-json\/wp\/v2\/product\/135501\/revisions\/258724"}],"wp:featuredmedia":[{"embeddable":true,"href":"https:\/\/www.budream.com\/de\/wp-json\/wp\/v2\/media\/135490"}],"wp:attachment":[{"href":"https:\/\/www.budream.com\/de\/wp-json\/wp\/v2\/media?parent=135501"}],"wp:term":[{"taxonomy":"product_brand","embeddable":true,"href":"https:\/\/www.budream.com\/de\/wp-json\/wp\/v2\/product_brand?post=135501"},{"taxonomy":"product_cat","embeddable":true,"href":"https:\/\/www.budream.com\/de\/wp-json\/wp\/v2\/product_cat?post=135501"},{"taxonomy":"product_tag","embeddable":true,"href":"https:\/\/www.budream.com\/de\/wp-json\/wp\/v2\/product_tag?post=135501"}],"curies":[{"name":"wp","href":"https:\/\/api.w.org\/{rel}","templated":true}]}}