{"id":135991,"date":"2025-07-31T02:58:21","date_gmt":"2025-07-31T00:58:21","guid":{"rendered":"https:\/\/www.budream.com\/shop\/suesse-samen-jack-47-fem-sws08\/"},"modified":"2026-04-28T16:26:01","modified_gmt":"2026-04-28T14:26:01","slug":"suesse-samen-jack-47-fem-sws08","status":"publish","type":"product","link":"https:\/\/www.budream.com\/de\/shop\/suesse-samen-jack-47-fem-sws08\/","title":{"rendered":"S\u00dcSSE SAMEN &#8211; JACK 47\u00ae FEM (SWS08)"},"content":{"rendered":"<div style=\"text-align: justify\">Ein Hybrid, der aus der Kreuzung von zwei der st\u00e4rksten Sorten aller Zeiten, Jack Herer und AK 47, entstanden ist.<\/div>\n<p><\/p>\n<h2><strong>Merkmale Jack 47 Fem Sweet Seeds:<\/strong><\/h2>\n<ul style=\"list-style-type: disc\">\n<li><strong>Gattung:<\/strong> Feminisierter Hybrid<\/li>\n<li><strong>Genetik<\/strong>: Jack Herer x AK 47<\/li>\n<li><strong>Zusammensetzung:<\/strong> 25% Indica \/ 75% Sativa<\/li>\n<li>Tage<strong>:<\/strong> 67 Tage<\/li>\n<\/ul>\n<p><span style=\"font-size: 11pt\"><em><strong>WARNUNG:<\/strong> Hanfsamen sind vom gesetzlichen Begriff Cannabis ausgenommen, was bedeutet, dass sie nicht als Bet\u00e4ubungsmittel gelten (L. 412 von 1974, Art. 1, Absatz 1, Buchstabe B; Einheits\u00fcbereinkommen \u00fcber Bet\u00e4ubungsmittel von New York von 1961 und Tabelle II des Ministerialerlasses 27\/7\/1992). In Italien ist der Anbau von Hanf verboten (Artikel 28 und 73 des Pr\u00e4sidialdekrets 309\/90), es sei denn, es liegt eine Sondergenehmigung vor (Artikel 17 des Pr\u00e4sidialdekrets 309\/90). In Ermangelung einer solchen Genehmigung darf das Saatgut nur f\u00fcr andere Zwecke verwendet werden (zootechnische Zwecke, Sammeln usw.). Das Saatgut wird unter dem Vorbehalt verkauft, dass es nicht von Dritten im Widerspruch zu den gesetzlichen Bestimmungen verwendet wird.<\/em><\/span><\/p>\n","protected":false},"excerpt":{"rendered":"<p>\ud83c\udf3f JACK 47\u00ae FEM (SWS08) von SWEET SEEDS \u00b7 \ud83e\uddec Sativa Dominant (60%+) \u00b7 \ud83d\udd25 THC sehr hoch (Sehr hoch (20\u202f%+)) \u00b7 \ud83d\udce6 Ertrag XL.<\/p>\n","protected":false},"featured_media":135980,"comment_status":"open","ping_status":"closed","template":"","meta":[],"product_brand":[],"product_cat":[7952],"product_tag":[8511,8543,8590,10124,10126,10128,10150],"class_list":{"0":"post-135991","1":"product","2":"type-product","3":"status-publish","4":"has-post-thumbnail","6":"product_cat-seedshop-de","7":"product_tag-sativa","8":"product_tag-sweet-seeds","9":"product_tag-jack-47-fem-sws08","10":"product_tag-thc-sehr-hoch","11":"product_tag-cannabis-samen","12":"product_tag-feminisierte-samen","13":"product_tag-zitrusartig","15":"first","16":"instock","17":"sale","18":"taxable","19":"shipping-taxable","20":"purchasable","21":"product-type-variable"},"_links":{"self":[{"href":"https:\/\/www.budream.com\/de\/wp-json\/wp\/v2\/product\/135991","targetHints":{"allow":["GET"]}}],"collection":[{"href":"https:\/\/www.budream.com\/de\/wp-json\/wp\/v2\/product"}],"about":[{"href":"https:\/\/www.budream.com\/de\/wp-json\/wp\/v2\/types\/product"}],"replies":[{"embeddable":true,"href":"https:\/\/www.budream.com\/de\/wp-json\/wp\/v2\/comments?post=135991"}],"version-history":[{"count":2,"href":"https:\/\/www.budream.com\/de\/wp-json\/wp\/v2\/product\/135991\/revisions"}],"predecessor-version":[{"id":260467,"href":"https:\/\/www.budream.com\/de\/wp-json\/wp\/v2\/product\/135991\/revisions\/260467"}],"wp:featuredmedia":[{"embeddable":true,"href":"https:\/\/www.budream.com\/de\/wp-json\/wp\/v2\/media\/135980"}],"wp:attachment":[{"href":"https:\/\/www.budream.com\/de\/wp-json\/wp\/v2\/media?parent=135991"}],"wp:term":[{"taxonomy":"product_brand","embeddable":true,"href":"https:\/\/www.budream.com\/de\/wp-json\/wp\/v2\/product_brand?post=135991"},{"taxonomy":"product_cat","embeddable":true,"href":"https:\/\/www.budream.com\/de\/wp-json\/wp\/v2\/product_cat?post=135991"},{"taxonomy":"product_tag","embeddable":true,"href":"https:\/\/www.budream.com\/de\/wp-json\/wp\/v2\/product_tag?post=135991"}],"curies":[{"name":"wp","href":"https:\/\/api.w.org\/{rel}","templated":true}]}}