{"id":136211,"date":"2025-07-31T03:10:07","date_gmt":"2025-07-31T01:10:07","guid":{"rendered":"https:\/\/www.budream.com\/shop\/suesse-samen-schwarze-creme-auto-fem-sws37\/"},"modified":"2026-03-21T12:36:41","modified_gmt":"2026-03-21T10:36:41","slug":"suesse-samen-schwarze-creme-auto-fem-sws37","status":"publish","type":"product","link":"https:\/\/www.budream.com\/de\/shop\/suesse-samen-schwarze-creme-auto-fem-sws37\/","title":{"rendered":"S\u00dcSSE SAMEN &#8211; SCHWARZE CREME AUTO\u00ae FEM (SWS37)"},"content":{"rendered":"<p><strong>SCHWARZE CREME AUTO\u00ae FEM (SWS37)<\/strong> ist eine \u00fcberwiegend Indica-Sorte mit tiefgreifenden und entspannenden Effekten von SWEET SEEDS. Verf\u00fcgbar in Packungen mit 3 Samen feminisiert. Mit gutem THC-Gehalt (Hoch (15\u201319\u202f%)), diese Pflanze richtet sich an diejenigen, die Potenz und Qualit\u00e4t suchen. Im Anbau, bl\u00fcht schnell in 7-9 Wochen und produziert gro\u00dfz\u00fcgige Ertr\u00e4ge. In der Nase und am Gaumen zeichnet sich sein \ud83c\udf3f Erdiger-Aroma aus.<\/p>\n","protected":false},"excerpt":{"rendered":"<p>\ud83c\udf3f SCHWARZE CREME AUTO\u00ae FEM (SWS37) von SWEET SEEDS \u00b7 \ud83e\uddec Indica (90%+) \u00b7 \ud83d\udcaa THC hoch (Hoch (15\u201319\u202f%)).<\/p>\n","protected":false},"featured_media":136200,"comment_status":"open","ping_status":"closed","template":"","meta":[],"product_brand":[],"product_cat":[7952],"product_tag":[10126,10128,10140,10147,10198,8510,8543],"class_list":{"0":"post-136211","1":"product","2":"type-product","3":"status-publish","4":"has-post-thumbnail","6":"product_cat-seedshop-de","7":"product_tag-cannabis-samen","8":"product_tag-feminisierte-samen","9":"product_tag-thc-hoch","10":"product_tag-erdiger","11":"product_tag-schwarze-creme-auto-fem-sws37","12":"product_tag-indica","13":"product_tag-sweet-seeds","15":"first","16":"instock","17":"sale","18":"taxable","19":"shipping-taxable","20":"purchasable","21":"product-type-variable"},"_links":{"self":[{"href":"https:\/\/www.budream.com\/de\/wp-json\/wp\/v2\/product\/136211","targetHints":{"allow":["GET"]}}],"collection":[{"href":"https:\/\/www.budream.com\/de\/wp-json\/wp\/v2\/product"}],"about":[{"href":"https:\/\/www.budream.com\/de\/wp-json\/wp\/v2\/types\/product"}],"replies":[{"embeddable":true,"href":"https:\/\/www.budream.com\/de\/wp-json\/wp\/v2\/comments?post=136211"}],"version-history":[{"count":1,"href":"https:\/\/www.budream.com\/de\/wp-json\/wp\/v2\/product\/136211\/revisions"}],"predecessor-version":[{"id":258730,"href":"https:\/\/www.budream.com\/de\/wp-json\/wp\/v2\/product\/136211\/revisions\/258730"}],"wp:featuredmedia":[{"embeddable":true,"href":"https:\/\/www.budream.com\/de\/wp-json\/wp\/v2\/media\/136200"}],"wp:attachment":[{"href":"https:\/\/www.budream.com\/de\/wp-json\/wp\/v2\/media?parent=136211"}],"wp:term":[{"taxonomy":"product_brand","embeddable":true,"href":"https:\/\/www.budream.com\/de\/wp-json\/wp\/v2\/product_brand?post=136211"},{"taxonomy":"product_cat","embeddable":true,"href":"https:\/\/www.budream.com\/de\/wp-json\/wp\/v2\/product_cat?post=136211"},{"taxonomy":"product_tag","embeddable":true,"href":"https:\/\/www.budream.com\/de\/wp-json\/wp\/v2\/product_tag?post=136211"}],"curies":[{"name":"wp","href":"https:\/\/api.w.org\/{rel}","templated":true}]}}