{"id":136526,"date":"2025-07-31T03:30:31","date_gmt":"2025-07-31T01:30:31","guid":{"rendered":"https:\/\/www.budream.com\/shop\/suesse-samen-jack-47-f1-schnelle-version-fem-sws51\/"},"modified":"2026-03-24T22:32:25","modified_gmt":"2026-03-24T20:32:25","slug":"suesse-samen-jack-47-f1-schnelle-version-fem-sws51","status":"publish","type":"product","link":"https:\/\/www.budream.com\/de\/shop\/suesse-samen-jack-47-f1-schnelle-version-fem-sws51\/","title":{"rendered":"S\u00dcSSE SAMEN &#8211; JACK 47 F1 SCHNELLE VERSION\u00ae FEM (SWS51)"},"content":{"rendered":"<div style=\"text-align: justify\">Feminisierte, photoperiodenabh\u00e4ngige, superschnell bl\u00fchende Version einer der potentesten Sorten in unserem Katalog. Diese Genetik ist das Ergebnis der Kreuzung einer ausgew\u00e4hlten Sorte von Jack 47 Auto&reg; (SWS31) und einem Elite-Klon unserer Jack 47&reg; (SWS08).<\/div>\n<h2><strong><br \/>Eigenschaften Jack 47 F1 Fast Version Fem:<\/strong><\/h2>\n<ul style=\"list-style-type: disc\">\n<li><strong>Gattung:<\/strong> Hybrid Feminisiert<\/li>\n<li><strong>Genotyp<\/strong>: Hybrid: Indica: 25% \/ Sativa: 75%<\/li>\n<li><strong>Genetik: <\/strong>Jack 47 Auto x Jack 47<\/li>\n<li><strong>Tage:<\/strong> 50\/56 Tage<\/li>\n<\/ul>\n<p><\/p>\n<div style=\"text-align: justify\"><span style=\"font-size: 11pt\"><em><strong>WARNUNG:<\/strong> Hanfsamen sind vom gesetzlichen Begriff Cannabis ausgenommen, was bedeutet, dass sie nicht als Bet\u00e4ubungsmittel gelten (L. 412 von 1974, Art. 1, Absatz 1, Buchstabe B; Einheits\u00fcbereinkommen \u00fcber Bet\u00e4ubungsmittel von New York von 1961 und Tabelle II des Ministerialerlasses 27\/7\/1992). In Italien ist der Anbau von Hanf verboten (Artikel 28 und 73 des Pr\u00e4sidialdekrets 309\/90), es sei denn, es liegt eine Sondergenehmigung vor (Artikel 17 des Pr\u00e4sidialdekrets 309\/90). In Ermangelung einer solchen Genehmigung darf das Saatgut nur f\u00fcr andere Zwecke verwendet werden (zootechnische Zwecke, Sammeln usw.). Das Saatgut wird unter dem Vorbehalt verkauft, dass es nicht von Dritten im Widerspruch zu den gesetzlichen Bestimmungen verwendet wird.<\/em><\/span><\/div>\n","protected":false},"excerpt":{"rendered":"<p>\ud83c\udf3f JACK 47 F1 SCHNELLE VERSION\u00ae FEM (SWS51) von SWEET SEEDS \u00b7 \ud83e\uddec Sativa Dominant (60%+) \u00b7 \ud83d\udd25 THC sehr hoch (Sehr hoch (20\u202f%+)) \u00b7 \ud83d\udce6 Ertrag XL.<\/p>\n","protected":false},"featured_media":136515,"comment_status":"open","ping_status":"closed","template":"","meta":[],"product_brand":[],"product_cat":[7952],"product_tag":[10124,10126,10128,10150,10201,8511,8543],"class_list":{"0":"post-136526","1":"product","2":"type-product","3":"status-publish","4":"has-post-thumbnail","6":"product_cat-seedshop-de","7":"product_tag-thc-sehr-hoch","8":"product_tag-cannabis-samen","9":"product_tag-feminisierte-samen","10":"product_tag-zitrusartig","11":"product_tag-jack-47-f1-schnelle-version-fem-sws51","12":"product_tag-sativa","13":"product_tag-sweet-seeds","15":"first","16":"instock","17":"sale","18":"taxable","19":"shipping-taxable","20":"purchasable","21":"product-type-variable"},"_links":{"self":[{"href":"https:\/\/www.budream.com\/de\/wp-json\/wp\/v2\/product\/136526","targetHints":{"allow":["GET"]}}],"collection":[{"href":"https:\/\/www.budream.com\/de\/wp-json\/wp\/v2\/product"}],"about":[{"href":"https:\/\/www.budream.com\/de\/wp-json\/wp\/v2\/types\/product"}],"replies":[{"embeddable":true,"href":"https:\/\/www.budream.com\/de\/wp-json\/wp\/v2\/comments?post=136526"}],"version-history":[{"count":2,"href":"https:\/\/www.budream.com\/de\/wp-json\/wp\/v2\/product\/136526\/revisions"}],"predecessor-version":[{"id":260233,"href":"https:\/\/www.budream.com\/de\/wp-json\/wp\/v2\/product\/136526\/revisions\/260233"}],"wp:featuredmedia":[{"embeddable":true,"href":"https:\/\/www.budream.com\/de\/wp-json\/wp\/v2\/media\/136515"}],"wp:attachment":[{"href":"https:\/\/www.budream.com\/de\/wp-json\/wp\/v2\/media?parent=136526"}],"wp:term":[{"taxonomy":"product_brand","embeddable":true,"href":"https:\/\/www.budream.com\/de\/wp-json\/wp\/v2\/product_brand?post=136526"},{"taxonomy":"product_cat","embeddable":true,"href":"https:\/\/www.budream.com\/de\/wp-json\/wp\/v2\/product_cat?post=136526"},{"taxonomy":"product_tag","embeddable":true,"href":"https:\/\/www.budream.com\/de\/wp-json\/wp\/v2\/product_tag?post=136526"}],"curies":[{"name":"wp","href":"https:\/\/api.w.org\/{rel}","templated":true}]}}