{"id":136960,"date":"2025-07-31T03:54:45","date_gmt":"2025-07-31T01:54:45","guid":{"rendered":"https:\/\/www.budream.com\/shop\/suesse-samen-big-devil-xl-auto-fem-sws28-2\/"},"modified":"2026-04-28T16:17:24","modified_gmt":"2026-04-28T14:17:24","slug":"suesse-samen-big-devil-xl-auto-fem-sws28-2","status":"publish","type":"product","link":"https:\/\/www.budream.com\/de\/shop\/suesse-samen-big-devil-xl-auto-fem-sws28-2\/","title":{"rendered":"S\u00dcSSE SAMEN &#8211; BIG DEVIL XL AUTO\u00ae FEM (SWS28)"},"content":{"rendered":"<div style=\"text-align: justify\">Autoflowering der 3. Generation. Hybrid aus der Kreuzung von Big Devil #2 Auto mit einer ausgew\u00e4hlten Jack Herer Auto Sorte.<\/div>\n<p><\/p>\n<h2><strong>Eigenschaften Big Devil Xl Auto Fem:<\/strong><\/h2>\n<ul style=\"list-style-type: disc\">\n<li><strong>Gattung:<\/strong> Hybrid Feminisiert Autoflowering<\/li>\n<li><strong>Genotyp:<\/strong> Indica: 31,9% \/ Sativa: 65% \/ 3,1% Ruderalis<\/li>\n<li><strong>Genetik:<\/strong> Big Devil #2 Auto x Jack Herer Auto<\/li>\n<li><strong>Tage:<\/strong> 63 &#8211; 70<\/li>\n<\/ul>\n<p><\/p>\n<div style=\"text-align: justify\"><span style=\"font-size: 11pt\"><em><strong>WARNUNG:<\/strong> Hanfsamen sind vom gesetzlichen Begriff Cannabis ausgenommen, was bedeutet, dass sie nicht als Bet\u00e4ubungsmittel gelten (L. 412 von 1974, Art. 1, Absatz 1, Buchstabe B; Einheits\u00fcbereinkommen \u00fcber Bet\u00e4ubungsmittel von New York von 1961 und Tabelle II des Ministerialerlasses 27\/7\/1992). In Italien ist der Anbau von Hanf verboten (Artikel 28 und 73 des Pr\u00e4sidialdekrets 309\/90), es sei denn, es liegt eine Sondergenehmigung vor (Artikel 17 des Pr\u00e4sidialdekrets 309\/90). In Ermangelung einer solchen Genehmigung darf das Saatgut nur f\u00fcr andere Zwecke verwendet werden (zootechnische Zwecke, Sammeln usw.). Das Saatgut wird unter dem Vorbehalt verkauft, dass es nicht von Dritten im Widerspruch zu den gesetzlichen Bestimmungen verwendet wird.<\/em><\/span><\/div>\n","protected":false},"excerpt":{"rendered":"<p>\ud83c\udf3f BIG DEVIL XL AUTO\u00ae FEM (SWS28) von SWEET SEEDS \u00b7 \ud83e\uddec Sativa Dominant (60%+) \u00b7 \ud83d\udcaa THC hoch (Hoch (15\u201319\u202f%)) \u00b7 \ud83d\udce6 Ertrag XL.<\/p>\n","protected":false},"featured_media":136939,"comment_status":"open","ping_status":"closed","template":"","meta":[],"product_brand":[],"product_cat":[7952],"product_tag":[8599,10126,10127,10128,10140,8511,8543],"class_list":{"0":"post-136960","1":"product","2":"type-product","3":"status-publish","4":"has-post-thumbnail","6":"product_cat-seedshop-de","7":"product_tag-big-devil-xl-auto-fem-sws28","8":"product_tag-cannabis-samen","9":"product_tag-scharf","10":"product_tag-feminisierte-samen","11":"product_tag-thc-hoch","12":"product_tag-sativa","13":"product_tag-sweet-seeds","15":"first","16":"instock","17":"taxable","18":"shipping-taxable","19":"purchasable","20":"product-type-variable"},"_links":{"self":[{"href":"https:\/\/www.budream.com\/de\/wp-json\/wp\/v2\/product\/136960","targetHints":{"allow":["GET"]}}],"collection":[{"href":"https:\/\/www.budream.com\/de\/wp-json\/wp\/v2\/product"}],"about":[{"href":"https:\/\/www.budream.com\/de\/wp-json\/wp\/v2\/types\/product"}],"replies":[{"embeddable":true,"href":"https:\/\/www.budream.com\/de\/wp-json\/wp\/v2\/comments?post=136960"}],"version-history":[{"count":2,"href":"https:\/\/www.budream.com\/de\/wp-json\/wp\/v2\/product\/136960\/revisions"}],"predecessor-version":[{"id":260859,"href":"https:\/\/www.budream.com\/de\/wp-json\/wp\/v2\/product\/136960\/revisions\/260859"}],"wp:featuredmedia":[{"embeddable":true,"href":"https:\/\/www.budream.com\/de\/wp-json\/wp\/v2\/media\/136939"}],"wp:attachment":[{"href":"https:\/\/www.budream.com\/de\/wp-json\/wp\/v2\/media?parent=136960"}],"wp:term":[{"taxonomy":"product_brand","embeddable":true,"href":"https:\/\/www.budream.com\/de\/wp-json\/wp\/v2\/product_brand?post=136960"},{"taxonomy":"product_cat","embeddable":true,"href":"https:\/\/www.budream.com\/de\/wp-json\/wp\/v2\/product_cat?post=136960"},{"taxonomy":"product_tag","embeddable":true,"href":"https:\/\/www.budream.com\/de\/wp-json\/wp\/v2\/product_tag?post=136960"}],"curies":[{"name":"wp","href":"https:\/\/api.w.org\/{rel}","templated":true}]}}