{"id":137350,"date":"2025-07-31T04:15:17","date_gmt":"2025-07-31T02:15:17","guid":{"rendered":"https:\/\/www.budream.com\/shop\/suesse-samen-suesser-kaese-auto-fem-sws33-2\/"},"modified":"2026-04-22T13:27:30","modified_gmt":"2026-04-22T11:27:30","slug":"suesse-samen-suesser-kaese-auto-fem-sws33-2","status":"publish","type":"product","link":"https:\/\/www.budream.com\/de\/shop\/suesse-samen-suesser-kaese-auto-fem-sws33-2\/","title":{"rendered":"S\u00dcSSE SAMEN &#8211; S\u00dcSSER K\u00c4SE AUTO\u00ae FEM (SWS33)"},"content":{"rendered":"<div style=\"text-align: justify\">Autoflowering der 3. Generation. Hybrid aus der Kreuzung einer ausgew\u00e4hlten Sorte von Fast Bud Auto (SWS16) mit einem Eliteklon von Sweet Cheese (SWS19).<\/div>\n<p><\/p>\n<h2><strong>Merkmale Sweet Cheese Auto Fem:<\/strong><\/h2>\n<ul style=\"list-style-type: disc\">\n<li><strong>Gattung:<\/strong> Autoflowering feminisierter Hybrid<\/li>\n<li><strong>Genotyp:<\/strong> Indica: 35,6% \/ Sativa: 61,3% \/ 3,1% Ruderalis<\/li>\n<li><strong>Genetik:<\/strong> Fast Buds Auto (SWS16) x elit\u00e4rer Sweet Cheese-Klon (SWS19)<\/li>\n<li><strong>Tage:<\/strong> 56<\/li>\n<\/ul>\n<p><\/p>\n<div style=\"text-align: justify\"><span style=\"font-size: 11pt\"><em><strong>WARNUNG:<\/strong> Hanfsamen sind vom gesetzlichen Begriff Cannabis ausgeschlossen, was bedeutet, dass sie nicht als Bet\u00e4ubungsmittel gelten (L. 412 von 1974, Art. 1, Komma 1, Buchstabe B; Einheits\u00fcbereinkommen \u00fcber Bet\u00e4ubungsmittel von New York von 1961 und Tabelle II des Ministerialerlasses vom 27.7.1992). In Italien ist der Anbau von Hanf verboten (Artikel 28 und 73 des Pr\u00e4sidialdekrets 309\/90), es sei denn, es liegt eine Sondergenehmigung vor (Artikel 17 des Pr\u00e4sidialdekrets 309\/90). In Ermangelung einer solchen Genehmigung darf das Saatgut nur f\u00fcr andere Zwecke verwendet werden (zootechnische Zwecke, Sammeln usw.). Das Saatgut wird unter dem Vorbehalt verkauft, dass es nicht von Dritten im Widerspruch zu den gesetzlichen Bestimmungen verwendet wird.<\/em><\/span><\/div>\n","protected":false},"excerpt":{"rendered":"<p>\ud83c\udf3f S\u00dcSSER K\u00c4SE AUTO\u00ae FEM (SWS33) von SWEET SEEDS \u00b7 \ud83e\uddec Sativa Dominant (60%+) \u00b7 \ud83d\udcaa THC hoch (Hoch (15\u201319\u202f%)).<\/p>\n","protected":false},"featured_media":137329,"comment_status":"open","ping_status":"closed","template":"","meta":[],"product_brand":[],"product_cat":[7952],"product_tag":[10128,10140,10171,10206,8511,8543,10126],"class_list":{"0":"post-137350","1":"product","2":"type-product","3":"status-publish","4":"has-post-thumbnail","6":"product_cat-seedshop-de","7":"product_tag-feminisierte-samen","8":"product_tag-thc-hoch","9":"product_tag-suess-fruchtig","10":"product_tag-suesser-kaese-auto-fem-sws33","11":"product_tag-sativa","12":"product_tag-sweet-seeds","13":"product_tag-cannabis-samen","15":"first","16":"instock","17":"sale","18":"taxable","19":"shipping-taxable","20":"purchasable","21":"product-type-variable"},"aioseo_notices":[],"_links":{"self":[{"href":"https:\/\/www.budream.com\/de\/wp-json\/wp\/v2\/product\/137350","targetHints":{"allow":["GET"]}}],"collection":[{"href":"https:\/\/www.budream.com\/de\/wp-json\/wp\/v2\/product"}],"about":[{"href":"https:\/\/www.budream.com\/de\/wp-json\/wp\/v2\/types\/product"}],"replies":[{"embeddable":true,"href":"https:\/\/www.budream.com\/de\/wp-json\/wp\/v2\/comments?post=137350"}],"version-history":[{"count":2,"href":"https:\/\/www.budream.com\/de\/wp-json\/wp\/v2\/product\/137350\/revisions"}],"predecessor-version":[{"id":260305,"href":"https:\/\/www.budream.com\/de\/wp-json\/wp\/v2\/product\/137350\/revisions\/260305"}],"wp:featuredmedia":[{"embeddable":true,"href":"https:\/\/www.budream.com\/de\/wp-json\/wp\/v2\/media\/137329"}],"wp:attachment":[{"href":"https:\/\/www.budream.com\/de\/wp-json\/wp\/v2\/media?parent=137350"}],"wp:term":[{"taxonomy":"product_brand","embeddable":true,"href":"https:\/\/www.budream.com\/de\/wp-json\/wp\/v2\/product_brand?post=137350"},{"taxonomy":"product_cat","embeddable":true,"href":"https:\/\/www.budream.com\/de\/wp-json\/wp\/v2\/product_cat?post=137350"},{"taxonomy":"product_tag","embeddable":true,"href":"https:\/\/www.budream.com\/de\/wp-json\/wp\/v2\/product_tag?post=137350"}],"curies":[{"name":"wp","href":"https:\/\/api.w.org\/{rel}","templated":true}]}}