{"id":137466,"date":"2025-07-31T04:19:47","date_gmt":"2025-07-31T02:19:47","guid":{"rendered":"https:\/\/www.budream.com\/shop\/suesse-samen-suesses-stinktier-auto-sws34\/"},"modified":"2026-03-27T15:37:37","modified_gmt":"2026-03-27T13:37:37","slug":"suesse-samen-suesses-stinktier-auto-sws34","status":"publish","type":"product","link":"https:\/\/www.budream.com\/de\/shop\/suesse-samen-suesses-stinktier-auto-sws34\/","title":{"rendered":"S\u00dcSSE SAMEN &#8211; S\u00dcSSES STINKTIER AUTO\u00ae (SWS34)"},"content":{"rendered":"<div style=\"text-align: justify\">Eine autoflowering Hommage der 3. Generation von Sweet Seeds an eine Genetik, die keiner Vorstellung bedarf. Hybrid, der durch Kreuzung eines Elite-Klons von Early Skunk mit einer autoflowering Version von Critical Mass entstanden ist.<\/div>\n<p><\/p>\n<h2><strong>Eigenschaften Sweet Skunk Auto Fem:<\/strong><\/h2>\n<ul style=\"list-style-type: disc\">\n<li><strong>Gattung:<\/strong> Automatisch bl\u00fchende feminisierte Hybride<\/li>\n<li><strong>Genotyp:<\/strong> Indica: 58% \/ Sativa: 38,9% \/ 3,1% Ruderalis<\/li>\n<li><strong>Genetik:<\/strong> Early Skunk x Eliteklon Critical Mass Autoflowering<\/li>\n<li><strong>Tage:<\/strong> 49 &#8211; 56 Tage<\/li>\n<\/ul>\n<p><\/p>\n<div style=\"text-align: justify\"><span style=\"font-size: 11pt\"><em><strong>WARNUNG:<\/strong> Hanfsamen sind vom gesetzlichen Begriff Cannabis ausgeschlossen, was bedeutet, dass sie nicht als Bet\u00e4ubungsmittel gelten (L. 412 von 1974, Art. 1, Absatz 1, Buchstabe B; Einheits\u00fcbereinkommen \u00fcber Bet\u00e4ubungsmittel von New York von 1961 und Tabelle II des Ministerialerlasses vom 27.7.1992). In Italien ist der Anbau von Hanf verboten (Artikel 28 und 73 des Pr\u00e4sidialdekrets 309\/90), es sei denn, es liegt eine Sondergenehmigung vor (Artikel 17 des Pr\u00e4sidialdekrets 309\/90). In Ermangelung einer solchen Genehmigung darf das Saatgut nur f\u00fcr andere Zwecke verwendet werden (zootechnische Zwecke, Sammeln usw.). Das Saatgut wird unter dem Vorbehalt verkauft, dass es nicht von Dritten im Widerspruch zu den gesetzlichen Bestimmungen verwendet wird.<\/em><\/span><\/div>\n","protected":false},"excerpt":{"rendered":"<p>\ud83c\udf3f S\u00dcSSES STINKTIER AUTO\u00ae (SWS34) von SWEET SEEDS \u00b7 \ud83e\uddec Indica Dominant (60%+) \u00b7 \ud83d\udcaa THC hoch (Hoch (15\u201319\u202f%)) \u00b7 \ud83d\udce6 Ertrag XL.<\/p>\n","protected":false},"featured_media":137455,"comment_status":"open","ping_status":"closed","template":"","meta":[],"product_brand":[],"product_cat":[7952],"product_tag":[8510,8543,10126,10128,10140,10171,10209],"class_list":{"0":"post-137466","1":"product","2":"type-product","3":"status-publish","4":"has-post-thumbnail","6":"product_cat-seedshop-de","7":"product_tag-indica","8":"product_tag-sweet-seeds","9":"product_tag-cannabis-samen","10":"product_tag-feminisierte-samen","11":"product_tag-thc-hoch","12":"product_tag-suess-fruchtig","13":"product_tag-suesses-stinktier-auto-sws34","15":"first","16":"instock","17":"sale","18":"taxable","19":"shipping-taxable","20":"purchasable","21":"product-type-variable"},"aioseo_notices":[],"_links":{"self":[{"href":"https:\/\/www.budream.com\/de\/wp-json\/wp\/v2\/product\/137466","targetHints":{"allow":["GET"]}}],"collection":[{"href":"https:\/\/www.budream.com\/de\/wp-json\/wp\/v2\/product"}],"about":[{"href":"https:\/\/www.budream.com\/de\/wp-json\/wp\/v2\/types\/product"}],"replies":[{"embeddable":true,"href":"https:\/\/www.budream.com\/de\/wp-json\/wp\/v2\/comments?post=137466"}],"version-history":[{"count":2,"href":"https:\/\/www.budream.com\/de\/wp-json\/wp\/v2\/product\/137466\/revisions"}],"predecessor-version":[{"id":260302,"href":"https:\/\/www.budream.com\/de\/wp-json\/wp\/v2\/product\/137466\/revisions\/260302"}],"wp:featuredmedia":[{"embeddable":true,"href":"https:\/\/www.budream.com\/de\/wp-json\/wp\/v2\/media\/137455"}],"wp:attachment":[{"href":"https:\/\/www.budream.com\/de\/wp-json\/wp\/v2\/media?parent=137466"}],"wp:term":[{"taxonomy":"product_brand","embeddable":true,"href":"https:\/\/www.budream.com\/de\/wp-json\/wp\/v2\/product_brand?post=137466"},{"taxonomy":"product_cat","embeddable":true,"href":"https:\/\/www.budream.com\/de\/wp-json\/wp\/v2\/product_cat?post=137466"},{"taxonomy":"product_tag","embeddable":true,"href":"https:\/\/www.budream.com\/de\/wp-json\/wp\/v2\/product_tag?post=137466"}],"curies":[{"name":"wp","href":"https:\/\/api.w.org\/{rel}","templated":true}]}}