{"id":137780,"date":"2025-07-31T04:32:55","date_gmt":"2025-07-31T02:32:55","guid":{"rendered":"https:\/\/www.budream.com\/shop\/green-house-seed-co-lemon-skunk-fem\/"},"modified":"2026-04-27T12:14:49","modified_gmt":"2026-04-27T10:14:49","slug":"green-house-seed-co-lemon-skunk-fem","status":"publish","type":"product","link":"https:\/\/www.budream.com\/de\/shop\/green-house-seed-co-lemon-skunk-fem\/","title":{"rendered":"GREEN HOUSE SEED CO. &#8211; LEMON SKUNK FEM"},"content":{"rendered":"<p>Lemon Skunk Feminisiert ist eine stabile Sorte, die viele schon seit Jahren kennen. Eine ziemlich ausgewogene Genetik, 50% Indica und 50% Sativa, das Ergebnis der Kombination einer Citral X Skunk.<\/p>\n<h2><strong>Merkmale Lemon Skunk Fem<\/strong><\/h2>\n<ul style=\"list-style-type: disc\">\n<li><strong>Gattung:<\/strong> Feminisiert<\/li>\n<li><strong>Genotyp:<\/strong> Hybrid 50% Indica 50% Sativa<\/li>\n<li><strong>Genetik:<\/strong> Skunk x Citral<\/li>\n<li><strong>Tage:<\/strong> 49-56 Tage<\/li>\n<\/ul>\n<p><span style=\"font-size: 11pt\"><em><strong>ACHTUNG:<\/strong> Hanfsamen fallen nicht unter den Rechtsbegriff Cannabis, was bedeutet, dass sie nicht als Bet\u00e4ubungsmittel gelten (L. 412 von 1974, Art. 1, Absatz 1, Buchstabe B; Einheits\u00fcbereinkommen \u00fcber Suchtstoffe von New York von 1961 und Tabelle II des Ministerialerlasses 27\/7\/1992). In Italien ist der Anbau von Hanf verboten (Artikel 28 und 73 des Pr\u00e4sidialdekrets 309\/90), es sei denn, es liegt eine Sondergenehmigung vor (Artikel 17 des Pr\u00e4sidialdekrets 309\/90). In Ermangelung einer solchen Genehmigung darf das Saatgut nur f\u00fcr andere Zwecke verwendet werden (zootechnische Zwecke, Sammeln usw.). Das Saatgut wird unter dem Vorbehalt verkauft, dass es nicht von Dritten im Widerspruch zu den gesetzlichen Bestimmungen verwendet wird.<\/em><\/span><\/p>\n","protected":false},"excerpt":{"rendered":"<p>\ud83c\udf3f LEMON SKUNK von GREEN HOUSE SEED CO. \u00b7 \ud83e\uddec Indica \/ Sativa \u00b7 \ud83d\udd25 THC sehr hoch (Sehr hoch (20\u202f%+)) \u00b7 \ud83d\udce6 Ertrag XL.<\/p>\n","protected":false},"featured_media":225773,"comment_status":"open","ping_status":"closed","template":"","meta":[],"product_brand":[],"product_cat":[1175],"product_tag":[8511,8533,8605,9931,10124,10126,10128,10150,8510],"class_list":{"0":"post-137780","1":"product","2":"type-product","3":"status-publish","4":"has-post-thumbnail","6":"product_cat-seedshop","7":"product_tag-sativa","8":"product_tag-green-house-seed-co","9":"product_tag-lemon-skunk","10":"product_tag-hybrid","11":"product_tag-thc-sehr-hoch","12":"product_tag-cannabis-samen","13":"product_tag-feminisierte-samen","14":"product_tag-zitrusartig","15":"product_tag-indica","17":"first","18":"instock","19":"taxable","20":"shipping-taxable","21":"purchasable","22":"product-type-variable"},"aioseo_notices":[],"_links":{"self":[{"href":"https:\/\/www.budream.com\/de\/wp-json\/wp\/v2\/product\/137780","targetHints":{"allow":["GET"]}}],"collection":[{"href":"https:\/\/www.budream.com\/de\/wp-json\/wp\/v2\/product"}],"about":[{"href":"https:\/\/www.budream.com\/de\/wp-json\/wp\/v2\/types\/product"}],"replies":[{"embeddable":true,"href":"https:\/\/www.budream.com\/de\/wp-json\/wp\/v2\/comments?post=137780"}],"version-history":[{"count":2,"href":"https:\/\/www.budream.com\/de\/wp-json\/wp\/v2\/product\/137780\/revisions"}],"predecessor-version":[{"id":259730,"href":"https:\/\/www.budream.com\/de\/wp-json\/wp\/v2\/product\/137780\/revisions\/259730"}],"wp:featuredmedia":[{"embeddable":true,"href":"https:\/\/www.budream.com\/de\/wp-json\/wp\/v2\/media\/225773"}],"wp:attachment":[{"href":"https:\/\/www.budream.com\/de\/wp-json\/wp\/v2\/media?parent=137780"}],"wp:term":[{"taxonomy":"product_brand","embeddable":true,"href":"https:\/\/www.budream.com\/de\/wp-json\/wp\/v2\/product_brand?post=137780"},{"taxonomy":"product_cat","embeddable":true,"href":"https:\/\/www.budream.com\/de\/wp-json\/wp\/v2\/product_cat?post=137780"},{"taxonomy":"product_tag","embeddable":true,"href":"https:\/\/www.budream.com\/de\/wp-json\/wp\/v2\/product_tag?post=137780"}],"curies":[{"name":"wp","href":"https:\/\/api.w.org\/{rel}","templated":true}]}}