{"id":138184,"date":"2025-07-31T04:53:25","date_gmt":"2025-07-31T02:53:25","guid":{"rendered":"https:\/\/www.budream.com\/shop\/suesse-samen-s-a-d-sweet-afgani-delicious-cbd-fem-sws60\/"},"modified":"2026-03-21T12:39:56","modified_gmt":"2026-03-21T10:39:56","slug":"suesse-samen-s-a-d-sweet-afgani-delicious-cbd-fem-sws60","status":"publish","type":"product","link":"https:\/\/www.budream.com\/de\/shop\/suesse-samen-s-a-d-sweet-afgani-delicious-cbd-fem-sws60\/","title":{"rendered":"S\u00dcSSE SAMEN &#8211; S.A.D. SWEET AFGANI DELICIOUS CBD\u00ae FEM (SWS60)"},"content":{"rendered":"<p><strong>S.A.D. SWEET AFGANI DELICIOUS CBD\u00ae FEM (SWS60)<\/strong> ist ein Indica-dominanter Hybrid, der k\u00f6rperliche Entspannung mit reichlich Ertr\u00e4gen verbindet von SWEET SEEDS. Verf\u00fcgbar in Packungen mit 3 Samen feminisiert. Mit einem THC-Gehalt von Niedrig (5\u20139\u202f%) und CBD Hoch (6\u202f%+), diese Pflanze richtet sich an diejenigen, die ein therapeutisches Profil bevorzugen. Im Anbau, bl\u00fcht schnell in 7-9 Wochen und garantiert reichlich Ertr\u00e4ge. In der Nase und am Gaumen zeichnet sich sein \ud83c\udf3f Erdiger-Aroma aus.<\/p>\n","protected":false},"excerpt":{"rendered":"<p>\ud83c\udf3f S.A.D. SWEET AFGANI DELICIOUS CBD\u00ae FEM (SWS60) von SWEET SEEDS \u00b7 \ud83e\uddec Indica Dominant (60%+) \u00b7 \ud83d\udce6 Ertrag XL.<\/p>\n","protected":false},"featured_media":138173,"comment_status":"open","ping_status":"closed","template":"","meta":[],"product_brand":[],"product_cat":[7952],"product_tag":[8510,8543,8607,10126,10128,10147],"class_list":{"0":"post-138184","1":"product","2":"type-product","3":"status-publish","4":"has-post-thumbnail","6":"product_cat-seedshop-de","7":"product_tag-indica","8":"product_tag-sweet-seeds","9":"product_tag-s-a-d-sweet-afgani-delicious-cbd-fem-sws60","10":"product_tag-cannabis-samen","11":"product_tag-feminisierte-samen","12":"product_tag-erdiger","14":"first","15":"instock","16":"sale","17":"taxable","18":"shipping-taxable","19":"purchasable","20":"product-type-variable"},"aioseo_notices":[],"_links":{"self":[{"href":"https:\/\/www.budream.com\/de\/wp-json\/wp\/v2\/product\/138184","targetHints":{"allow":["GET"]}}],"collection":[{"href":"https:\/\/www.budream.com\/de\/wp-json\/wp\/v2\/product"}],"about":[{"href":"https:\/\/www.budream.com\/de\/wp-json\/wp\/v2\/types\/product"}],"replies":[{"embeddable":true,"href":"https:\/\/www.budream.com\/de\/wp-json\/wp\/v2\/comments?post=138184"}],"version-history":[{"count":1,"href":"https:\/\/www.budream.com\/de\/wp-json\/wp\/v2\/product\/138184\/revisions"}],"predecessor-version":[{"id":258745,"href":"https:\/\/www.budream.com\/de\/wp-json\/wp\/v2\/product\/138184\/revisions\/258745"}],"wp:featuredmedia":[{"embeddable":true,"href":"https:\/\/www.budream.com\/de\/wp-json\/wp\/v2\/media\/138173"}],"wp:attachment":[{"href":"https:\/\/www.budream.com\/de\/wp-json\/wp\/v2\/media?parent=138184"}],"wp:term":[{"taxonomy":"product_brand","embeddable":true,"href":"https:\/\/www.budream.com\/de\/wp-json\/wp\/v2\/product_brand?post=138184"},{"taxonomy":"product_cat","embeddable":true,"href":"https:\/\/www.budream.com\/de\/wp-json\/wp\/v2\/product_cat?post=138184"},{"taxonomy":"product_tag","embeddable":true,"href":"https:\/\/www.budream.com\/de\/wp-json\/wp\/v2\/product_tag?post=138184"}],"curies":[{"name":"wp","href":"https:\/\/api.w.org\/{rel}","templated":true}]}}