{"id":138357,"date":"2025-07-31T04:59:48","date_gmt":"2025-07-31T02:59:48","guid":{"rendered":"https:\/\/www.budream.com\/shop\/royal-queen-seeds-haze-berry-fem\/"},"modified":"2026-03-27T14:11:21","modified_gmt":"2026-03-27T12:11:21","slug":"royal-queen-seeds-haze-berry-fem","status":"publish","type":"product","link":"https:\/\/www.budream.com\/de\/shop\/royal-queen-seeds-haze-berry-fem\/","title":{"rendered":"ROYAL QUEEN SEEDS &#8211; HAZE BERRY FEM"},"content":{"rendered":"<p>Haze Berry ist in Kalifornien und vielen anderen Staaten, die medizinischen Hanf legalisieren, beliebt. Sie ist das Ergebnis einer Kreuzung zwischen der klassischen Blueberry und einer belebenden, Sativa-dominanten Haze-Sorte.<\/p>\n<h2><strong>Eigenschaften Haze Berry Royal Queen Seeds:<\/strong><\/h2>\n<ul style=\"list-style-type: disc\">\n<li><strong>Gattung:<\/strong> Feminisiert<\/li>\n<li><strong>Genotyp:<\/strong> 80% Sativa \/ 20% Indica<\/li>\n<li><strong>Genetik:<\/strong> Blueberry x Shining Silver Haze<\/li>\n<li><strong>Tage:<\/strong> 63-77<\/li>\n<\/ul>\n<p><em><strong>WARNUNG:<\/strong> Hanfsamen sind vom gesetzlichen Begriff Cannabis ausgenommen, was bedeutet, dass sie nicht als Bet\u00e4ubungsmittel gelten (L. 412 von 1974, Art. 1, Absatz 1, Buchstabe B; Einheits\u00fcbereinkommen \u00fcber Bet\u00e4ubungsmittel von New York von 1961 und Tabelle II des Ministerialerlasses 27\/7\/1992). In Italien ist der Anbau von Hanf verboten (Artikel 28 und 73 des Pr\u00e4sidialdekrets 309\/90), es sei denn, es liegt eine Sondergenehmigung vor (Artikel 17 des Pr\u00e4sidialdekrets 309\/90). In Ermangelung einer solchen Genehmigung darf das Saatgut nur f\u00fcr andere Zwecke verwendet werden (zootechnische Zwecke, Sammeln usw.). Das Saatgut wird unter dem Vorbehalt verkauft, dass es nicht von Dritten im Widerspruch zu den gesetzlichen Bestimmungen verwendet wird.<\/em><\/p>\n","protected":false},"excerpt":{"rendered":"<p>\ud83c\udf3f HAZE BERRY von ROYAL QUEEN SEEDS \u00b7 \ud83e\uddec Sativa Dominant (60%+) \u00b7 \ud83d\udcaa THC hoch (Hoch (15\u201319\u202f%)) \u00b7 \ud83d\udce6 Ertrag XL.<\/p>\n","protected":false},"featured_media":138341,"comment_status":"open","ping_status":"closed","template":"","meta":[],"product_brand":[],"product_cat":[7952],"product_tag":[8612,10126,10127,10128,10140,8511,8609],"class_list":{"0":"post-138357","1":"product","2":"type-product","3":"status-publish","4":"has-post-thumbnail","6":"product_cat-seedshop-de","7":"product_tag-haze-berry","8":"product_tag-cannabis-samen","9":"product_tag-scharf","10":"product_tag-feminisierte-samen","11":"product_tag-thc-hoch","12":"product_tag-sativa","13":"product_tag-royal-queen-seeds","15":"first","16":"instock","17":"sale","18":"taxable","19":"shipping-taxable","20":"purchasable","21":"product-type-variable"},"aioseo_notices":[],"_links":{"self":[{"href":"https:\/\/www.budream.com\/de\/wp-json\/wp\/v2\/product\/138357","targetHints":{"allow":["GET"]}}],"collection":[{"href":"https:\/\/www.budream.com\/de\/wp-json\/wp\/v2\/product"}],"about":[{"href":"https:\/\/www.budream.com\/de\/wp-json\/wp\/v2\/types\/product"}],"replies":[{"embeddable":true,"href":"https:\/\/www.budream.com\/de\/wp-json\/wp\/v2\/comments?post=138357"}],"version-history":[{"count":2,"href":"https:\/\/www.budream.com\/de\/wp-json\/wp\/v2\/product\/138357\/revisions"}],"predecessor-version":[{"id":261552,"href":"https:\/\/www.budream.com\/de\/wp-json\/wp\/v2\/product\/138357\/revisions\/261552"}],"wp:featuredmedia":[{"embeddable":true,"href":"https:\/\/www.budream.com\/de\/wp-json\/wp\/v2\/media\/138341"}],"wp:attachment":[{"href":"https:\/\/www.budream.com\/de\/wp-json\/wp\/v2\/media?parent=138357"}],"wp:term":[{"taxonomy":"product_brand","embeddable":true,"href":"https:\/\/www.budream.com\/de\/wp-json\/wp\/v2\/product_brand?post=138357"},{"taxonomy":"product_cat","embeddable":true,"href":"https:\/\/www.budream.com\/de\/wp-json\/wp\/v2\/product_cat?post=138357"},{"taxonomy":"product_tag","embeddable":true,"href":"https:\/\/www.budream.com\/de\/wp-json\/wp\/v2\/product_tag?post=138357"}],"curies":[{"name":"wp","href":"https:\/\/api.w.org\/{rel}","templated":true}]}}