{"id":138402,"date":"2025-07-31T05:01:33","date_gmt":"2025-07-31T03:01:33","guid":{"rendered":"https:\/\/www.budream.com\/shop\/koenigliche-koenigin-samen-kali-hund-fem\/"},"modified":"2026-03-27T13:54:52","modified_gmt":"2026-03-27T11:54:52","slug":"koenigliche-koenigin-samen-kali-hund-fem","status":"publish","type":"product","link":"https:\/\/www.budream.com\/de\/shop\/koenigliche-koenigin-samen-kali-hund-fem\/","title":{"rendered":"K\u00d6NIGLICHE K\u00d6NIGIN SAMEN &#8211; KALI HUND FEM"},"content":{"rendered":"<p><em>Kali Dog<\/em> ist ein hervorragendes Beispiel f\u00fcr die starke Genetik, die derzeit von US-Z\u00fcchtern kommt. Obwohl sie Indica-dominant ist, gibt es einen gro\u00dfen Zustrom von Sativa-Charakteren aus der gro\u00dfen Genetik.<\/p>\n<h2><strong>Eigenschaften Kali Dog Fem Royal Queen Seeds:<\/strong><\/h2>\n<ul style=\"list-style-type: disc\">\n<li><strong>Gattung:<\/strong> Feminisiert<\/li>\n<li><strong>Genotyp:<\/strong> 60% Sativa \/ 40% Indica-Hybrid<\/li>\n<li><strong>Genetik:<\/strong> OG Kush x Sour Diesel<\/li>\n<li><strong>Tage:<\/strong> 60-70<\/li>\n<\/ul>\n<p><em><strong>WARNUNG:<\/strong> Hanfsamen sind vom gesetzlichen Begriff Cannabis ausgenommen, was bedeutet, dass sie nicht als Bet\u00e4ubungsmittel gelten (L. 412 von 1974, Art. 1, Absatz 1, Buchstabe B; Einheits\u00fcbereinkommen \u00fcber Bet\u00e4ubungsmittel von New York von 1961 und Tabelle II des Ministerialerlasses vom 27.7.1992). In Italien ist der Anbau von Hanf verboten (Artikel 28 und 73 des Pr\u00e4sidialdekrets 309\/90), es sei denn, es liegt eine Sondergenehmigung vor (Artikel 17 des Pr\u00e4sidialdekrets 309\/90). In Ermangelung einer solchen Genehmigung darf das Saatgut nur f\u00fcr andere Zwecke verwendet werden (zootechnische Zwecke, Sammeln usw.). Das Saatgut wird unter dem Vorbehalt verkauft, dass es nicht von Dritten im Widerspruch zu den gesetzlichen Bestimmungen verwendet wird.<\/em><\/p>\n","protected":false},"excerpt":{"rendered":"<p>\ud83c\udf3f KALI HUND von ROYAL QUEEN SEEDS \u00b7 \ud83e\uddec Indica \/ Sativa \u00b7 \ud83d\udcaa THC hoch (Hoch (15\u201319\u202f%)) \u00b7 \ud83d\udce6 Ertrag XL.<\/p>\n","protected":false},"featured_media":138391,"comment_status":"open","ping_status":"closed","template":"","meta":[],"product_brand":[],"product_cat":[7952],"product_tag":[10150,10210,8510,8511,8609,9931,10126,10128,10140],"class_list":{"0":"post-138402","1":"product","2":"type-product","3":"status-publish","4":"has-post-thumbnail","6":"product_cat-seedshop-de","7":"product_tag-zitrusartig","8":"product_tag-kali-hund","9":"product_tag-indica","10":"product_tag-sativa","11":"product_tag-royal-queen-seeds","12":"product_tag-hybrid","13":"product_tag-cannabis-samen","14":"product_tag-feminisierte-samen","15":"product_tag-thc-hoch","17":"first","18":"instock","19":"sale","20":"taxable","21":"shipping-taxable","22":"purchasable","23":"product-type-variable"},"aioseo_notices":[],"_links":{"self":[{"href":"https:\/\/www.budream.com\/de\/wp-json\/wp\/v2\/product\/138402","targetHints":{"allow":["GET"]}}],"collection":[{"href":"https:\/\/www.budream.com\/de\/wp-json\/wp\/v2\/product"}],"about":[{"href":"https:\/\/www.budream.com\/de\/wp-json\/wp\/v2\/types\/product"}],"replies":[{"embeddable":true,"href":"https:\/\/www.budream.com\/de\/wp-json\/wp\/v2\/comments?post=138402"}],"version-history":[{"count":2,"href":"https:\/\/www.budream.com\/de\/wp-json\/wp\/v2\/product\/138402\/revisions"}],"predecessor-version":[{"id":261543,"href":"https:\/\/www.budream.com\/de\/wp-json\/wp\/v2\/product\/138402\/revisions\/261543"}],"wp:featuredmedia":[{"embeddable":true,"href":"https:\/\/www.budream.com\/de\/wp-json\/wp\/v2\/media\/138391"}],"wp:attachment":[{"href":"https:\/\/www.budream.com\/de\/wp-json\/wp\/v2\/media?parent=138402"}],"wp:term":[{"taxonomy":"product_brand","embeddable":true,"href":"https:\/\/www.budream.com\/de\/wp-json\/wp\/v2\/product_brand?post=138402"},{"taxonomy":"product_cat","embeddable":true,"href":"https:\/\/www.budream.com\/de\/wp-json\/wp\/v2\/product_cat?post=138402"},{"taxonomy":"product_tag","embeddable":true,"href":"https:\/\/www.budream.com\/de\/wp-json\/wp\/v2\/product_tag?post=138402"}],"curies":[{"name":"wp","href":"https:\/\/api.w.org\/{rel}","templated":true}]}}