{"id":138586,"date":"2025-07-31T05:08:25","date_gmt":"2025-07-31T03:08:25","guid":{"rendered":"https:\/\/www.budream.com\/shop\/royal-queen-seeds-medizinische-masse-cbd-fem\/"},"modified":"2026-03-21T12:43:43","modified_gmt":"2026-03-21T10:43:43","slug":"royal-queen-seeds-medizinische-masse-cbd-fem","status":"publish","type":"product","link":"https:\/\/www.budream.com\/de\/shop\/royal-queen-seeds-medizinische-masse-cbd-fem\/","title":{"rendered":"ROYAL QUEEN SEEDS &#8211; MEDIZINISCHE MASSE CBD FEM"},"content":{"rendered":"<p><strong>MEDIZINISCHE MASSE CBD<\/strong> ist ein Indica-dominanter Hybrid, der k\u00f6rperliche Entspannung mit reichlich Ertr\u00e4gen verbindet von ROYAL QUEEN SEEDS. Verf\u00fcgbar in Packungen mit 1 Samen feminisiert. Mit einem THC-Gehalt von Mittel (10\u201314\u202f%) und CBD Hoch (6\u202f%+), diese Pflanze richtet sich an diejenigen, die ein therapeutisches Profil bevorzugen. Im Anbau, hat einen mittleren Bl\u00fctezyklus von 10-12 Wochen und garantiert reichlich Ertr\u00e4ge. In der Nase und am Gaumen zeichnet sich sein \ud83c\udf53 S\u00fc\u00df \/ Fruchtig-Aroma aus.<\/p>\n","protected":false},"excerpt":{"rendered":"<p>\ud83c\udf3f MEDIZINISCHE MASSE CBD von ROYAL QUEEN SEEDS \u00b7 \ud83e\uddec Indica Dominant (60%+) \u00b7 \u2696\ufe0f THC mittel (Mittel (10\u201314\u202f%)) \u00b7 \ud83d\udce6 Ertrag XL.<\/p>\n","protected":false},"featured_media":138575,"comment_status":"open","ping_status":"closed","template":"","meta":[],"product_brand":[],"product_cat":[7952],"product_tag":[10126,10128,8510,10212,8609,10171,10129],"class_list":{"0":"post-138586","1":"product","2":"type-product","3":"status-publish","4":"has-post-thumbnail","6":"product_cat-seedshop-de","7":"product_tag-cannabis-samen","8":"product_tag-feminisierte-samen","9":"product_tag-indica","10":"product_tag-medizinische-masse-cbd","11":"product_tag-royal-queen-seeds","12":"product_tag-suess-fruchtig","13":"product_tag-thc-mittel","15":"first","16":"instock","17":"taxable","18":"shipping-taxable","19":"purchasable","20":"product-type-variable"},"aioseo_notices":[],"_links":{"self":[{"href":"https:\/\/www.budream.com\/de\/wp-json\/wp\/v2\/product\/138586","targetHints":{"allow":["GET"]}}],"collection":[{"href":"https:\/\/www.budream.com\/de\/wp-json\/wp\/v2\/product"}],"about":[{"href":"https:\/\/www.budream.com\/de\/wp-json\/wp\/v2\/types\/product"}],"replies":[{"embeddable":true,"href":"https:\/\/www.budream.com\/de\/wp-json\/wp\/v2\/comments?post=138586"}],"version-history":[{"count":1,"href":"https:\/\/www.budream.com\/de\/wp-json\/wp\/v2\/product\/138586\/revisions"}],"predecessor-version":[{"id":258754,"href":"https:\/\/www.budream.com\/de\/wp-json\/wp\/v2\/product\/138586\/revisions\/258754"}],"wp:featuredmedia":[{"embeddable":true,"href":"https:\/\/www.budream.com\/de\/wp-json\/wp\/v2\/media\/138575"}],"wp:attachment":[{"href":"https:\/\/www.budream.com\/de\/wp-json\/wp\/v2\/media?parent=138586"}],"wp:term":[{"taxonomy":"product_brand","embeddable":true,"href":"https:\/\/www.budream.com\/de\/wp-json\/wp\/v2\/product_brand?post=138586"},{"taxonomy":"product_cat","embeddable":true,"href":"https:\/\/www.budream.com\/de\/wp-json\/wp\/v2\/product_cat?post=138586"},{"taxonomy":"product_tag","embeddable":true,"href":"https:\/\/www.budream.com\/de\/wp-json\/wp\/v2\/product_tag?post=138586"}],"curies":[{"name":"wp","href":"https:\/\/api.w.org\/{rel}","templated":true}]}}