{"id":138630,"date":"2025-07-31T05:10:12","date_gmt":"2025-07-31T03:10:12","guid":{"rendered":"https:\/\/www.budream.com\/shop\/royal-queen-seeds-painkiller-xl-cbd-fem\/"},"modified":"2026-03-21T12:44:07","modified_gmt":"2026-03-21T10:44:07","slug":"royal-queen-seeds-painkiller-xl-cbd-fem","status":"publish","type":"product","link":"https:\/\/www.budream.com\/de\/shop\/royal-queen-seeds-painkiller-xl-cbd-fem\/","title":{"rendered":"ROYAL QUEEN SEEDS &#8211; PAINKILLER XL CBD FEM"},"content":{"rendered":"<p><strong>PAINKILLER XL CBD<\/strong> ist ein Sativa-dominanter Hybrid, ideal f\u00fcr diejenigen, die Klarheit und Kreativit\u00e4t suchen von ROYAL QUEEN SEEDS. Verf\u00fcgbar in Packungen mit 1 Samen feminisiert. Mit einem THC-Gehalt von Niedrig (5\u20139\u202f%) und CBD Hoch (6\u202f%+), diese Pflanze richtet sich an diejenigen, die ein therapeutisches Profil bevorzugen. Im Anbau, bl\u00fcht schnell in 7-9 Wochen und garantiert reichlich Ertr\u00e4ge. In der Nase und am Gaumen zeichnet sich sein \ud83c\udf4b Zitrusartig-Aroma aus.<\/p>\n","protected":false},"excerpt":{"rendered":"<p>\ud83c\udf3f PAINKILLER XL CBD von ROYAL QUEEN SEEDS \u00b7 \ud83e\uddec Sativa Dominant (60%+) \u00b7 \ud83d\udce6 Ertrag XL.<\/p>\n","protected":false},"featured_media":138619,"comment_status":"open","ping_status":"closed","template":"","meta":[],"product_brand":[],"product_cat":[7952],"product_tag":[10128,10150,8511,8609,8618,10126],"class_list":{"0":"post-138630","1":"product","2":"type-product","3":"status-publish","4":"has-post-thumbnail","6":"product_cat-seedshop-de","7":"product_tag-feminisierte-samen","8":"product_tag-zitrusartig","9":"product_tag-sativa","10":"product_tag-royal-queen-seeds","11":"product_tag-painkiller-xl-cbd","12":"product_tag-cannabis-samen","14":"first","15":"instock","16":"sale","17":"taxable","18":"shipping-taxable","19":"purchasable","20":"product-type-variable"},"aioseo_notices":[],"_links":{"self":[{"href":"https:\/\/www.budream.com\/de\/wp-json\/wp\/v2\/product\/138630","targetHints":{"allow":["GET"]}}],"collection":[{"href":"https:\/\/www.budream.com\/de\/wp-json\/wp\/v2\/product"}],"about":[{"href":"https:\/\/www.budream.com\/de\/wp-json\/wp\/v2\/types\/product"}],"replies":[{"embeddable":true,"href":"https:\/\/www.budream.com\/de\/wp-json\/wp\/v2\/comments?post=138630"}],"version-history":[{"count":1,"href":"https:\/\/www.budream.com\/de\/wp-json\/wp\/v2\/product\/138630\/revisions"}],"predecessor-version":[{"id":258755,"href":"https:\/\/www.budream.com\/de\/wp-json\/wp\/v2\/product\/138630\/revisions\/258755"}],"wp:featuredmedia":[{"embeddable":true,"href":"https:\/\/www.budream.com\/de\/wp-json\/wp\/v2\/media\/138619"}],"wp:attachment":[{"href":"https:\/\/www.budream.com\/de\/wp-json\/wp\/v2\/media?parent=138630"}],"wp:term":[{"taxonomy":"product_brand","embeddable":true,"href":"https:\/\/www.budream.com\/de\/wp-json\/wp\/v2\/product_brand?post=138630"},{"taxonomy":"product_cat","embeddable":true,"href":"https:\/\/www.budream.com\/de\/wp-json\/wp\/v2\/product_cat?post=138630"},{"taxonomy":"product_tag","embeddable":true,"href":"https:\/\/www.budream.com\/de\/wp-json\/wp\/v2\/product_tag?post=138630"}],"curies":[{"name":"wp","href":"https:\/\/api.w.org\/{rel}","templated":true}]}}