{"id":138867,"date":"2025-07-31T05:18:45","date_gmt":"2025-07-31T03:18:45","guid":{"rendered":"https:\/\/www.budream.com\/shop\/royal-queen-seeds-fast-eddy-automatic-cbd-fem\/"},"modified":"2026-03-21T12:45:00","modified_gmt":"2026-03-21T10:45:00","slug":"royal-queen-seeds-fast-eddy-automatic-cbd-fem","status":"publish","type":"product","link":"https:\/\/www.budream.com\/de\/shop\/royal-queen-seeds-fast-eddy-automatic-cbd-fem\/","title":{"rendered":"ROYAL QUEEN SEEDS &#8211; FAST EDDY AUTOMATIC CBD FEM"},"content":{"rendered":"<p><strong>FAST EDDY AUTOMATIC CBD<\/strong> ist ein Sativa-dominanter Hybrid, ideal f\u00fcr diejenigen, die Klarheit und Kreativit\u00e4t suchen von ROYAL QUEEN SEEDS. Verf\u00fcgbar in Packungen mit 1 Samen feminisiert. Mit einem THC-Gehalt von Niedrig (5\u20139\u202f%) und CBD Hoch (6\u202f%+), diese Pflanze richtet sich an diejenigen, die ein therapeutisches Profil bevorzugen. Im Anbau, hat einen mittleren Bl\u00fctezyklus von 10-12 Wochen und produziert gro\u00dfz\u00fcgige Ertr\u00e4ge. In der Nase und am Gaumen zeichnet sich sein \ud83c\udf4b Zitrusartig-Aroma aus.<\/p>\n","protected":false},"excerpt":{"rendered":"<p>\ud83c\udf3f FAST EDDY AUTOMATIC CBD von ROYAL QUEEN SEEDS \u00b7 \ud83e\uddec Sativa Dominant (60%+).<\/p>\n","protected":false},"featured_media":138856,"comment_status":"open","ping_status":"closed","template":"","meta":[],"product_brand":[],"product_cat":[7952],"product_tag":[10128,10150,8511,8609,8623,10126],"class_list":{"0":"post-138867","1":"product","2":"type-product","3":"status-publish","4":"has-post-thumbnail","6":"product_cat-seedshop-de","7":"product_tag-feminisierte-samen","8":"product_tag-zitrusartig","9":"product_tag-sativa","10":"product_tag-royal-queen-seeds","11":"product_tag-fast-eddy-automatic-cbd","12":"product_tag-cannabis-samen","14":"first","15":"instock","16":"sale","17":"taxable","18":"shipping-taxable","19":"purchasable","20":"product-type-variable"},"aioseo_notices":[],"_links":{"self":[{"href":"https:\/\/www.budream.com\/de\/wp-json\/wp\/v2\/product\/138867","targetHints":{"allow":["GET"]}}],"collection":[{"href":"https:\/\/www.budream.com\/de\/wp-json\/wp\/v2\/product"}],"about":[{"href":"https:\/\/www.budream.com\/de\/wp-json\/wp\/v2\/types\/product"}],"replies":[{"embeddable":true,"href":"https:\/\/www.budream.com\/de\/wp-json\/wp\/v2\/comments?post=138867"}],"version-history":[{"count":1,"href":"https:\/\/www.budream.com\/de\/wp-json\/wp\/v2\/product\/138867\/revisions"}],"predecessor-version":[{"id":258760,"href":"https:\/\/www.budream.com\/de\/wp-json\/wp\/v2\/product\/138867\/revisions\/258760"}],"wp:featuredmedia":[{"embeddable":true,"href":"https:\/\/www.budream.com\/de\/wp-json\/wp\/v2\/media\/138856"}],"wp:attachment":[{"href":"https:\/\/www.budream.com\/de\/wp-json\/wp\/v2\/media?parent=138867"}],"wp:term":[{"taxonomy":"product_brand","embeddable":true,"href":"https:\/\/www.budream.com\/de\/wp-json\/wp\/v2\/product_brand?post=138867"},{"taxonomy":"product_cat","embeddable":true,"href":"https:\/\/www.budream.com\/de\/wp-json\/wp\/v2\/product_cat?post=138867"},{"taxonomy":"product_tag","embeddable":true,"href":"https:\/\/www.budream.com\/de\/wp-json\/wp\/v2\/product_tag?post=138867"}],"curies":[{"name":"wp","href":"https:\/\/api.w.org\/{rel}","templated":true}]}}