{"id":139608,"date":"2025-07-31T05:45:57","date_gmt":"2025-07-31T03:45:57","guid":{"rendered":"https:\/\/www.budream.com\/shop\/air-pot\/"},"modified":"2026-03-30T22:43:46","modified_gmt":"2026-03-30T20:43:46","slug":"air-pot","status":"publish","type":"product","link":"https:\/\/www.budream.com\/de\/shop\/air-pot\/","title":{"rendered":"AIR-POT"},"content":{"rendered":"<p><span style=\"font-family: arial, helvetica, sans-serif;font-size: medium\"><span style=\"font-family: arial, helvetica, sans-serif\"><span style=\"font-family: 'Times New Roman'\">Superoots Air-Pot Hydro ist die f\u00fcr den Innenanbau konzipierte Version.<br \/>Der wiederverwendbare Kunststofftopf, dessen besondere Struktur die Qualit\u00e4t des Wurzelsystems der Pflanzen aktiv f\u00f6rdert.<\/span><\/span><\/span><\/p>\n<div style=\"font-family: 'Times New Roman';font-size: medium\"><span style=\"font-family: arial, helvetica, sans-serif\">Der aus recyceltem HDPE hergestellte Superoots Air-Pot hat eine runde Form mit einer perforierten Wand, die wie ein Eierkarton gestaltet ist. Es gibt keine flachen Oberfl\u00e4chen, an denen die Wurzeln den spiralf\u00f6rmigen Prozess beginnen k\u00f6nnen.<\/span><\/div>\n<div style=\"font-family: 'Times New Roman';font-size: medium\"><span style=\"font-family: arial, helvetica, sans-serif\">Die geschlossenen, nach innen gerichteten Kegel bewirken, dass die Wurzeln das Loch am Ende der \u00e4u\u00dferen Kegel ansteuern, wo die Wurzel austrocknet.<\/span><\/div>\n<div style=\"font-family: 'Times New Roman';font-size: medium\"><span style=\"font-family: arial, helvetica, sans-serif\">Die Pflanze reagiert auf diese Beschneidung, indem sie noch mehr Wurzeln ausbildet, so dass sich in k\u00fcrzester Zeit ein dichtes und faseriges radiales Wurzelsystem entwickelt.<br \/><\/span><\/div>\n","protected":false},"excerpt":{"rendered":"<p>Superoots Air-Pot Hydro ist die f\u00fcr den Innenanbau konzipierte Version.Der wiederverwendbare Kunststofftopf, dessen besondere Struktur die Qualit\u00e4t des Wurzelsystems der<\/p>\n","protected":false},"featured_media":139601,"comment_status":"open","ping_status":"closed","template":"","meta":[],"product_brand":[],"product_cat":[7941],"product_tag":[],"class_list":{"0":"post-139608","1":"product","2":"type-product","3":"status-publish","4":"has-post-thumbnail","6":"product_cat-toepfe-de","8":"first","9":"instock","10":"taxable","11":"shipping-taxable","12":"purchasable","13":"product-type-variable"},"_links":{"self":[{"href":"https:\/\/www.budream.com\/de\/wp-json\/wp\/v2\/product\/139608","targetHints":{"allow":["GET"]}}],"collection":[{"href":"https:\/\/www.budream.com\/de\/wp-json\/wp\/v2\/product"}],"about":[{"href":"https:\/\/www.budream.com\/de\/wp-json\/wp\/v2\/types\/product"}],"replies":[{"embeddable":true,"href":"https:\/\/www.budream.com\/de\/wp-json\/wp\/v2\/comments?post=139608"}],"version-history":[{"count":0,"href":"https:\/\/www.budream.com\/de\/wp-json\/wp\/v2\/product\/139608\/revisions"}],"wp:featuredmedia":[{"embeddable":true,"href":"https:\/\/www.budream.com\/de\/wp-json\/wp\/v2\/media\/139601"}],"wp:attachment":[{"href":"https:\/\/www.budream.com\/de\/wp-json\/wp\/v2\/media?parent=139608"}],"wp:term":[{"taxonomy":"product_brand","embeddable":true,"href":"https:\/\/www.budream.com\/de\/wp-json\/wp\/v2\/product_brand?post=139608"},{"taxonomy":"product_cat","embeddable":true,"href":"https:\/\/www.budream.com\/de\/wp-json\/wp\/v2\/product_cat?post=139608"},{"taxonomy":"product_tag","embeddable":true,"href":"https:\/\/www.budream.com\/de\/wp-json\/wp\/v2\/product_tag?post=139608"}],"curies":[{"name":"wp","href":"https:\/\/api.w.org\/{rel}","templated":true}]}}