{"id":139780,"date":"2025-07-31T05:48:46","date_gmt":"2025-07-31T03:48:46","guid":{"rendered":"https:\/\/www.budream.com\/shop\/sensi-samen-bank-michka-fem\/"},"modified":"2026-03-21T12:49:59","modified_gmt":"2026-03-21T10:49:59","slug":"sensi-samen-bank-michka-fem","status":"publish","type":"product","link":"https:\/\/www.budream.com\/de\/shop\/sensi-samen-bank-michka-fem\/","title":{"rendered":"SENSI SAMEN BANK &#8211; MICHKA FEM"},"content":{"rendered":"<p><strong>MICHKA<\/strong> ist ein Sativa-dominanter Hybrid, ideal f\u00fcr diejenigen, die Klarheit und Kreativit\u00e4t suchen von SENSI SEEDS BANK. Verf\u00fcgbar in Packungen mit 3 Samen feminisiert. Im Anbau, erfordert eine l\u00e4ngere Bl\u00fctezeit (13+ Wochen), belohnt mit au\u00dfergew\u00f6hnlicher Qualit\u00e4t und produziert gro\u00dfz\u00fcgige Ertr\u00e4ge.<\/p>\n","protected":false},"excerpt":{"rendered":"<p>\ud83c\udf3f MICHKA von SENSI SEEDS BANK \u00b7 \ud83e\uddec Sativa Dominant (60%+).<\/p>\n","protected":false},"featured_media":197077,"comment_status":"open","ping_status":"closed","template":"","meta":[],"product_brand":[],"product_cat":[7952],"product_tag":[8511,8526,8636,10126,10128],"class_list":{"0":"post-139780","1":"product","2":"type-product","3":"status-publish","4":"has-post-thumbnail","6":"product_cat-seedshop-de","7":"product_tag-sativa","8":"product_tag-sensi-seeds-bank","9":"product_tag-michka","10":"product_tag-cannabis-samen","11":"product_tag-feminisierte-samen","13":"first","14":"instock","15":"taxable","16":"shipping-taxable","17":"purchasable","18":"product-type-variable"},"aioseo_notices":[],"_links":{"self":[{"href":"https:\/\/www.budream.com\/de\/wp-json\/wp\/v2\/product\/139780","targetHints":{"allow":["GET"]}}],"collection":[{"href":"https:\/\/www.budream.com\/de\/wp-json\/wp\/v2\/product"}],"about":[{"href":"https:\/\/www.budream.com\/de\/wp-json\/wp\/v2\/types\/product"}],"replies":[{"embeddable":true,"href":"https:\/\/www.budream.com\/de\/wp-json\/wp\/v2\/comments?post=139780"}],"version-history":[{"count":1,"href":"https:\/\/www.budream.com\/de\/wp-json\/wp\/v2\/product\/139780\/revisions"}],"predecessor-version":[{"id":258766,"href":"https:\/\/www.budream.com\/de\/wp-json\/wp\/v2\/product\/139780\/revisions\/258766"}],"wp:featuredmedia":[{"embeddable":true,"href":"https:\/\/www.budream.com\/de\/wp-json\/wp\/v2\/media\/197077"}],"wp:attachment":[{"href":"https:\/\/www.budream.com\/de\/wp-json\/wp\/v2\/media?parent=139780"}],"wp:term":[{"taxonomy":"product_brand","embeddable":true,"href":"https:\/\/www.budream.com\/de\/wp-json\/wp\/v2\/product_brand?post=139780"},{"taxonomy":"product_cat","embeddable":true,"href":"https:\/\/www.budream.com\/de\/wp-json\/wp\/v2\/product_cat?post=139780"},{"taxonomy":"product_tag","embeddable":true,"href":"https:\/\/www.budream.com\/de\/wp-json\/wp\/v2\/product_tag?post=139780"}],"curies":[{"name":"wp","href":"https:\/\/api.w.org\/{rel}","templated":true}]}}