{"id":139915,"date":"2025-07-31T05:51:57","date_gmt":"2025-07-31T03:51:57","guid":{"rendered":"https:\/\/www.budream.com\/shop\/royal-queen-seeds-metallmuehle-mit-logo-40x18mm\/"},"modified":"2026-03-16T14:02:37","modified_gmt":"2026-03-16T12:02:37","slug":"royal-queen-seeds-metallmuehle-mit-logo-40x18mm","status":"publish","type":"product","link":"https:\/\/www.budream.com\/de\/shop\/royal-queen-seeds-metallmuehle-mit-logo-40x18mm\/","title":{"rendered":"ROYAL QUEEN SEEDS &#8211; METALLM\u00dcHLE MIT LOGO | 40x18mm"},"content":{"rendered":"<p>Der Royal Queen Seeds Metal Grinder ist nicht Ihr typischer billiger Plastikgrinder f\u00fcr Gras! Er ist ein 2-teiliger Grinder mit scharfen Metallz\u00e4hnen, die selbst die h\u00e4rtesten Buds zu einem feinen Pulver zermahlen. Der schwarze Grinder ist robust und hat einen Deckel mit Farben, die das Royal Queen Seeds Logo hervorheben.<\/p>\n<h2><strong>Eigenschaften Aluminium Grinder mit Royal Queen Seeds Logo:<\/strong><\/h2>\n<ul style=\"list-style-type: disc\">\n<li><strong>Material:<\/strong> Aluminium<\/li>\n<\/ul>\n<p><a href=\"http:\/\/www.dutch-passion.nl\/it\/\" target=\"_blank\" rel=\"noopener noreferrer\"><br \/><\/a><\/p>\n<div><\/div>\n","protected":false},"excerpt":{"rendered":"<p>Der Royal Queen Seeds Metal Grinder ist nicht Ihr typischer billiger Plastikgrinder f\u00fcr Gras! Er ist ein 2-teiliger Grinder mit<\/p>\n","protected":false},"featured_media":139904,"comment_status":"open","ping_status":"closed","template":"","meta":[],"product_brand":[],"product_cat":[7947],"product_tag":[],"class_list":{"0":"post-139915","1":"product","2":"type-product","3":"status-publish","4":"has-post-thumbnail","6":"product_cat-headshop-de","8":"first","9":"outofstock","10":"taxable","11":"shipping-taxable","12":"purchasable","13":"product-type-variable"},"aioseo_notices":[],"_links":{"self":[{"href":"https:\/\/www.budream.com\/de\/wp-json\/wp\/v2\/product\/139915","targetHints":{"allow":["GET"]}}],"collection":[{"href":"https:\/\/www.budream.com\/de\/wp-json\/wp\/v2\/product"}],"about":[{"href":"https:\/\/www.budream.com\/de\/wp-json\/wp\/v2\/types\/product"}],"replies":[{"embeddable":true,"href":"https:\/\/www.budream.com\/de\/wp-json\/wp\/v2\/comments?post=139915"}],"version-history":[{"count":0,"href":"https:\/\/www.budream.com\/de\/wp-json\/wp\/v2\/product\/139915\/revisions"}],"wp:featuredmedia":[{"embeddable":true,"href":"https:\/\/www.budream.com\/de\/wp-json\/wp\/v2\/media\/139904"}],"wp:attachment":[{"href":"https:\/\/www.budream.com\/de\/wp-json\/wp\/v2\/media?parent=139915"}],"wp:term":[{"taxonomy":"product_brand","embeddable":true,"href":"https:\/\/www.budream.com\/de\/wp-json\/wp\/v2\/product_brand?post=139915"},{"taxonomy":"product_cat","embeddable":true,"href":"https:\/\/www.budream.com\/de\/wp-json\/wp\/v2\/product_cat?post=139915"},{"taxonomy":"product_tag","embeddable":true,"href":"https:\/\/www.budream.com\/de\/wp-json\/wp\/v2\/product_tag?post=139915"}],"curies":[{"name":"wp","href":"https:\/\/api.w.org\/{rel}","templated":true}]}}