{"id":139971,"date":"2025-07-31T05:53:04","date_gmt":"2025-07-31T03:53:04","guid":{"rendered":"https:\/\/www.budream.com\/shop\/suesse-samen-schwarzer-jack-cbd-fem-sws68\/"},"modified":"2026-03-21T12:49:59","modified_gmt":"2026-03-21T10:49:59","slug":"suesse-samen-schwarzer-jack-cbd-fem-sws68","status":"publish","type":"product","link":"https:\/\/www.budream.com\/de\/shop\/suesse-samen-schwarzer-jack-cbd-fem-sws68\/","title":{"rendered":"S\u00dcSSE SAMEN &#8211; SCHWARZER JACK CBD FEM (SWS68)"},"content":{"rendered":"<p><strong>SCHWARZER JACK CBD FEM (SWS68)<\/strong> ist ein ausgewogener Hybrid zwischen Indica und Sativa, vielseitig und f\u00fcr jede Gelegenheit geeignet von SWEET SEEDS. Verf\u00fcgbar in Packungen mit 3 Samen feminisiert. Mit einem THC-Gehalt von Mittel (10\u201314\u202f%) und CBD Hoch (6\u202f%+), diese Pflanze richtet sich an diejenigen, die ein therapeutisches Profil bevorzugen. Im Anbau, bl\u00fcht schnell in 7-9 Wochen und produziert gro\u00dfz\u00fcgige Ertr\u00e4ge. In der Nase und am Gaumen zeichnet sich sein \ud83c\udf4b Zitrusartig-Aroma aus.<\/p>\n","protected":false},"excerpt":{"rendered":"<p>\ud83c\udf3f SCHWARZER JACK CBD FEM (SWS68) von SWEET SEEDS \u00b7 \ud83e\uddec Indica \/ Sativa \u00b7 \u2696\ufe0f THC mittel (Mittel (10\u201314\u202f%)).<\/p>\n","protected":false},"featured_media":139955,"comment_status":"open","ping_status":"closed","template":"","meta":[],"product_brand":[],"product_cat":[7952],"product_tag":[8543,9931,10126,10128,10129,10150,10219,8510,8511],"class_list":{"0":"post-139971","1":"product","2":"type-product","3":"status-publish","4":"has-post-thumbnail","6":"product_cat-seedshop-de","7":"product_tag-sweet-seeds","8":"product_tag-hybrid","9":"product_tag-cannabis-samen","10":"product_tag-feminisierte-samen","11":"product_tag-thc-mittel","12":"product_tag-zitrusartig","13":"product_tag-schwarzer-jack-cbd-fem-sws68","14":"product_tag-indica","15":"product_tag-sativa","17":"first","18":"instock","19":"sale","20":"taxable","21":"shipping-taxable","22":"purchasable","23":"product-type-variable"},"aioseo_notices":[],"_links":{"self":[{"href":"https:\/\/www.budream.com\/de\/wp-json\/wp\/v2\/product\/139971","targetHints":{"allow":["GET"]}}],"collection":[{"href":"https:\/\/www.budream.com\/de\/wp-json\/wp\/v2\/product"}],"about":[{"href":"https:\/\/www.budream.com\/de\/wp-json\/wp\/v2\/types\/product"}],"replies":[{"embeddable":true,"href":"https:\/\/www.budream.com\/de\/wp-json\/wp\/v2\/comments?post=139971"}],"version-history":[{"count":1,"href":"https:\/\/www.budream.com\/de\/wp-json\/wp\/v2\/product\/139971\/revisions"}],"predecessor-version":[{"id":258767,"href":"https:\/\/www.budream.com\/de\/wp-json\/wp\/v2\/product\/139971\/revisions\/258767"}],"wp:featuredmedia":[{"embeddable":true,"href":"https:\/\/www.budream.com\/de\/wp-json\/wp\/v2\/media\/139955"}],"wp:attachment":[{"href":"https:\/\/www.budream.com\/de\/wp-json\/wp\/v2\/media?parent=139971"}],"wp:term":[{"taxonomy":"product_brand","embeddable":true,"href":"https:\/\/www.budream.com\/de\/wp-json\/wp\/v2\/product_brand?post=139971"},{"taxonomy":"product_cat","embeddable":true,"href":"https:\/\/www.budream.com\/de\/wp-json\/wp\/v2\/product_cat?post=139971"},{"taxonomy":"product_tag","embeddable":true,"href":"https:\/\/www.budream.com\/de\/wp-json\/wp\/v2\/product_tag?post=139971"}],"curies":[{"name":"wp","href":"https:\/\/api.w.org\/{rel}","templated":true}]}}