{"id":140159,"date":"2025-07-31T05:59:41","date_gmt":"2025-07-31T03:59:41","guid":{"rendered":"https:\/\/www.budream.com\/shop\/dutch-passion-bubba-island-kush-fem-verfuegbar-solange-der-vorrat-reicht\/"},"modified":"2026-03-21T12:50:25","modified_gmt":"2026-03-21T10:50:25","slug":"dutch-passion-bubba-island-kush-fem-verfuegbar-solange-der-vorrat-reicht","status":"publish","type":"product","link":"https:\/\/www.budream.com\/de\/shop\/dutch-passion-bubba-island-kush-fem-verfuegbar-solange-der-vorrat-reicht\/","title":{"rendered":"DUTCH PASSION &#8211; BUBBA ISLAND KUSH FEM Verf\u00fcgbar solange der Vorrat reicht"},"content":{"rendered":"<p><strong>BUBBA ISLAND KUSH<\/strong> ist ein Indica-dominanter Hybrid, der k\u00f6rperliche Entspannung mit reichlich Ertr\u00e4gen verbindet von DUTCH PASSION. Verf\u00fcgbar in Packungen mit 3 Samen feminisiert. Mit gutem THC-Gehalt (Hoch (15\u201319\u202f%)), diese Pflanze richtet sich an diejenigen, die Potenz und Qualit\u00e4t suchen. Im Anbau, bl\u00fcht schnell in 7-9 Wochen und produziert gro\u00dfz\u00fcgige Ertr\u00e4ge. In der Nase und am Gaumen zeichnet sich sein \ud83c\udf3f Erdiger-Aroma aus.<\/p>\n","protected":false},"excerpt":{"rendered":"<p>\ud83c\udf3f BUBBA ISLAND KUSH von DUTCH PASSION \u00b7 \ud83e\uddec Indica Dominant (60%+) \u00b7 \ud83d\udcaa THC hoch (Hoch (15\u201319\u202f%)).<\/p>\n","protected":false},"featured_media":140144,"comment_status":"open","ping_status":"closed","template":"","meta":[],"product_brand":[],"product_cat":[7952],"product_tag":[10224,8508,8510,10126,10128,10140,10147],"class_list":{"0":"post-140159","1":"product","2":"type-product","3":"status-publish","4":"has-post-thumbnail","6":"product_cat-seedshop-de","7":"product_tag-bubba-island-kush-fem-verfuegbar-solange-der-vorrat-reicht","8":"product_tag-dutch-passion","9":"product_tag-indica","10":"product_tag-cannabis-samen","11":"product_tag-feminisierte-samen","12":"product_tag-thc-hoch","13":"product_tag-erdiger","15":"first","16":"outofstock","17":"taxable","18":"shipping-taxable","19":"product-type-variable"},"aioseo_notices":[],"_links":{"self":[{"href":"https:\/\/www.budream.com\/de\/wp-json\/wp\/v2\/product\/140159","targetHints":{"allow":["GET"]}}],"collection":[{"href":"https:\/\/www.budream.com\/de\/wp-json\/wp\/v2\/product"}],"about":[{"href":"https:\/\/www.budream.com\/de\/wp-json\/wp\/v2\/types\/product"}],"replies":[{"embeddable":true,"href":"https:\/\/www.budream.com\/de\/wp-json\/wp\/v2\/comments?post=140159"}],"version-history":[{"count":1,"href":"https:\/\/www.budream.com\/de\/wp-json\/wp\/v2\/product\/140159\/revisions"}],"predecessor-version":[{"id":258772,"href":"https:\/\/www.budream.com\/de\/wp-json\/wp\/v2\/product\/140159\/revisions\/258772"}],"wp:featuredmedia":[{"embeddable":true,"href":"https:\/\/www.budream.com\/de\/wp-json\/wp\/v2\/media\/140144"}],"wp:attachment":[{"href":"https:\/\/www.budream.com\/de\/wp-json\/wp\/v2\/media?parent=140159"}],"wp:term":[{"taxonomy":"product_brand","embeddable":true,"href":"https:\/\/www.budream.com\/de\/wp-json\/wp\/v2\/product_brand?post=140159"},{"taxonomy":"product_cat","embeddable":true,"href":"https:\/\/www.budream.com\/de\/wp-json\/wp\/v2\/product_cat?post=140159"},{"taxonomy":"product_tag","embeddable":true,"href":"https:\/\/www.budream.com\/de\/wp-json\/wp\/v2\/product_tag?post=140159"}],"curies":[{"name":"wp","href":"https:\/\/api.w.org\/{rel}","templated":true}]}}