{"id":140585,"date":"2025-07-31T06:13:22","date_gmt":"2025-07-31T04:13:22","guid":{"rendered":"https:\/\/www.budream.com\/shop\/hollaendische-leidenschaft-auto-kritische-orange-punsch-fem-2\/"},"modified":"2026-04-20T09:41:18","modified_gmt":"2026-04-20T07:41:18","slug":"hollaendische-leidenschaft-auto-kritische-orange-punsch-fem-2-2","status":"publish","type":"product","link":"https:\/\/www.budream.com\/de\/shop\/hollaendische-leidenschaft-auto-kritische-orange-punsch-fem-2-2\/","title":{"rendered":"HOLL\u00c4NDISCHE LEIDENSCHAFT &#8211; AUTO KRITISCHE ORANGE PUNSCH FEM"},"content":{"rendered":"<div style=\"text-align: justify\">Auto Critical Orange Punch ist eine feminisierte autoflowering Sorte, die erste autoflowering Sorte von Dutch Passion, die Critical-Genetik verwendet. Die genetische Basis war Grandaddy Purple (Purps) x Orange Bud. Urspr\u00fcnglich wurde sie Orange Punch genannt, bis sie mit einer elit\u00e4ren XXL-Genetik, Auto Kritical Bilbo, gekreuzt wurde.<\/div>\n<p><\/p>\n<h2><strong>Eigenschaften Auto Critical Orange Punch Fem:<\/strong><\/h2>\n<ul style=\"list-style-type: disc\">\n<li><strong>Gattung:<\/strong> Autoflowering Feminisiert<\/li>\n<li><strong>Genotyp:<\/strong> Indica\/Sativa-Hybrid<\/li>\n<li><strong>Genetik:<\/strong> (Grandaddy Purps x Orange Bud) x Auto Critical Bilbo XXL<\/li>\n<li>Tage<strong>:<\/strong> 70 Tage<\/li>\n<\/ul>\n<p><\/p>\n<div style=\"text-align: justify\"><span style=\"font-size: 11pt\"><em><strong>WARNUNG:<\/strong> Hanfsamen sind vom gesetzlichen Begriff Cannabis ausgenommen, was bedeutet, dass sie nicht als Bet\u00e4ubungsmittel gelten (L. 412 von 1974, Art. 1, Absatz 1, Buchstabe B; Einheits\u00fcbereinkommen \u00fcber Bet\u00e4ubungsmittel von New York von 1961 und Tabelle II des Ministerialerlasses 27\/7\/1992). In Italien ist der Anbau von Hanf verboten (Artikel 28 und 73 des Pr\u00e4sidialdekrets 309\/90), es sei denn, es liegt eine Sondergenehmigung vor (Artikel 17 des Pr\u00e4sidialdekrets 309\/90). In Ermangelung einer solchen Genehmigung darf das Saatgut nur f\u00fcr andere Zwecke verwendet werden (zootechnische Zwecke, Sammeln usw.). Das Saatgut wird unter dem Vorbehalt verkauft, dass es nicht von Dritten im Widerspruch zu den gesetzlichen Bestimmungen verwendet wird.<\/em><\/span><\/div>\n","protected":false},"excerpt":{"rendered":"<p>\ud83c\udf3f AUTO KRITISCHE ORANGE PUNSCH von DUTCH PASSION \u00b7 \ud83e\uddec Indica \/ Sativa \u00b7 \ud83d\udcaa THC hoch (Hoch (15\u201319\u202f%)) \u00b7 \ud83c\udfc6 Ertrag XXL.<\/p>\n","protected":false},"featured_media":140555,"comment_status":"open","ping_status":"closed","template":"","meta":[],"product_brand":[],"product_cat":[7952],"product_tag":[10125,10126,10128,10140,10171,10225,8508,8510,8511,9931],"class_list":{"0":"post-140585","1":"product","2":"type-product","3":"status-publish","4":"has-post-thumbnail","6":"product_cat-seedshop-de","7":"product_tag-ertrag-xxl","8":"product_tag-cannabis-samen","9":"product_tag-feminisierte-samen","10":"product_tag-thc-hoch","11":"product_tag-suess-fruchtig","12":"product_tag-auto-kritische-orange-punsch","13":"product_tag-dutch-passion","14":"product_tag-indica","15":"product_tag-sativa","16":"product_tag-hybrid","18":"first","19":"instock","20":"taxable","21":"shipping-taxable","22":"purchasable","23":"product-type-variable"},"aioseo_notices":[],"_links":{"self":[{"href":"https:\/\/www.budream.com\/de\/wp-json\/wp\/v2\/product\/140585","targetHints":{"allow":["GET"]}}],"collection":[{"href":"https:\/\/www.budream.com\/de\/wp-json\/wp\/v2\/product"}],"about":[{"href":"https:\/\/www.budream.com\/de\/wp-json\/wp\/v2\/types\/product"}],"replies":[{"embeddable":true,"href":"https:\/\/www.budream.com\/de\/wp-json\/wp\/v2\/comments?post=140585"}],"version-history":[{"count":2,"href":"https:\/\/www.budream.com\/de\/wp-json\/wp\/v2\/product\/140585\/revisions"}],"predecessor-version":[{"id":260780,"href":"https:\/\/www.budream.com\/de\/wp-json\/wp\/v2\/product\/140585\/revisions\/260780"}],"wp:featuredmedia":[{"embeddable":true,"href":"https:\/\/www.budream.com\/de\/wp-json\/wp\/v2\/media\/140555"}],"wp:attachment":[{"href":"https:\/\/www.budream.com\/de\/wp-json\/wp\/v2\/media?parent=140585"}],"wp:term":[{"taxonomy":"product_brand","embeddable":true,"href":"https:\/\/www.budream.com\/de\/wp-json\/wp\/v2\/product_brand?post=140585"},{"taxonomy":"product_cat","embeddable":true,"href":"https:\/\/www.budream.com\/de\/wp-json\/wp\/v2\/product_cat?post=140585"},{"taxonomy":"product_tag","embeddable":true,"href":"https:\/\/www.budream.com\/de\/wp-json\/wp\/v2\/product_tag?post=140585"}],"curies":[{"name":"wp","href":"https:\/\/api.w.org\/{rel}","templated":true}]}}