{"id":140615,"date":"2025-07-31T06:13:55","date_gmt":"2025-07-31T04:13:55","guid":{"rendered":"https:\/\/www.budream.com\/shop\/hollaendische-leidenschaft-kritische-orangenbowle-fem\/"},"modified":"2026-04-22T08:50:33","modified_gmt":"2026-04-22T06:50:33","slug":"hollaendische-leidenschaft-kritische-orangenbowle-fem","status":"publish","type":"product","link":"https:\/\/www.budream.com\/de\/shop\/hollaendische-leidenschaft-kritische-orangenbowle-fem\/","title":{"rendered":"HOLL\u00c4NDISCHE LEIDENSCHAFT &#8211; KRITISCHE ORANGENBOWLE FEM"},"content":{"rendered":"<div style=\"text-align: justify\">Dies ist eine feminisierte photoperiodische Sorte und die erste Sorte von Dutch Passion, die auf der hervorragenden Genetik der spanischen Kritikal Bilbo basiert. Die Z\u00fcchtungsarbeit begann mit der Kreuzung einiger Elitestecklinge von Grandaddy Purple und Orange Bud (die zusammen &#8218;Orange Punch&#8216; ergeben). Anschlie\u00dfend wurde sie mit einer Critical gekreuzt, um deren elterliche Kraft zu erben.<\/div>\n<h2><strong>Eigenschaften Critical Orange Punch Fem:<\/strong><\/h2>\n<ul style=\"list-style-type: disc\">\n<li><strong>Gattung:<\/strong> Hybrid Feminisiert<\/li>\n<li><strong>Genotyp:<\/strong> Indica\/Sativa<\/li>\n<li><strong>Genetik<\/strong>: Critical X (Grandaddy Purps X Orange Bud)<\/li>\n<li>Tage<strong>:<\/strong> 56 Tage<\/li>\n<\/ul>\n<p><\/p>\n<div style=\"text-align: justify\"><span style=\"font-size: 11pt\"><em><strong>ACHTUNG:<\/strong> Hanfsamen sind vom gesetzlichen Begriff Cannabis ausgenommen, was bedeutet, dass sie nicht als Bet\u00e4ubungsmittel gelten (Gesetz 412 von 1974, Art. 1, Absatz 1, Buchstabe B; Einheits\u00fcbereinkommen \u00fcber Bet\u00e4ubungsmittel von New York von 1961 und Tabelle II des Ministerialerlasses 27\/7\/1992). In Italien ist der Anbau von Hanf verboten (Artikel 28 und 73 des Pr\u00e4sidialdekrets 309\/90), es sei denn, es liegt eine Sondergenehmigung vor (Artikel 17 des Pr\u00e4sidialdekrets 309\/90). In Ermangelung einer solchen Genehmigung darf das Saatgut nur f\u00fcr andere Zwecke verwendet werden (zootechnische Zwecke, Sammeln usw.). Das Saatgut wird unter dem Vorbehalt verkauft, dass es nicht von Dritten im Widerspruch zu den gesetzlichen Bestimmungen verwendet wird.<\/em><\/span><\/div>\n","protected":false},"excerpt":{"rendered":"<p>\ud83c\udf3f KRITISCHE ORANGENBOWLE von DUTCH PASSION \u00b7 \ud83e\uddec Indica \/ Sativa \u00b7 \u2696\ufe0f THC mittel (Mittel (10\u201314\u202f%)) \u00b7 \ud83c\udfc6 Ertrag XXL.<\/p>\n","protected":false},"featured_media":140593,"comment_status":"open","ping_status":"closed","template":"","meta":[],"product_brand":[],"product_cat":[1175],"product_tag":[10226,8508,8510,8511,9931,10125,10126,10127,10128,10129],"class_list":{"0":"post-140615","1":"product","2":"type-product","3":"status-publish","4":"has-post-thumbnail","6":"product_cat-seedshop","7":"product_tag-kritische-orangenbowle","8":"product_tag-dutch-passion","9":"product_tag-indica","10":"product_tag-sativa","11":"product_tag-hybrid","12":"product_tag-ertrag-xxl","13":"product_tag-cannabis-samen","14":"product_tag-scharf","15":"product_tag-feminisierte-samen","16":"product_tag-thc-mittel","18":"first","19":"instock","20":"taxable","21":"shipping-taxable","22":"purchasable","23":"product-type-variable"},"aioseo_notices":[],"_links":{"self":[{"href":"https:\/\/www.budream.com\/de\/wp-json\/wp\/v2\/product\/140615","targetHints":{"allow":["GET"]}}],"collection":[{"href":"https:\/\/www.budream.com\/de\/wp-json\/wp\/v2\/product"}],"about":[{"href":"https:\/\/www.budream.com\/de\/wp-json\/wp\/v2\/types\/product"}],"replies":[{"embeddable":true,"href":"https:\/\/www.budream.com\/de\/wp-json\/wp\/v2\/comments?post=140615"}],"version-history":[{"count":2,"href":"https:\/\/www.budream.com\/de\/wp-json\/wp\/v2\/product\/140615\/revisions"}],"predecessor-version":[{"id":260724,"href":"https:\/\/www.budream.com\/de\/wp-json\/wp\/v2\/product\/140615\/revisions\/260724"}],"wp:featuredmedia":[{"embeddable":true,"href":"https:\/\/www.budream.com\/de\/wp-json\/wp\/v2\/media\/140593"}],"wp:attachment":[{"href":"https:\/\/www.budream.com\/de\/wp-json\/wp\/v2\/media?parent=140615"}],"wp:term":[{"taxonomy":"product_brand","embeddable":true,"href":"https:\/\/www.budream.com\/de\/wp-json\/wp\/v2\/product_brand?post=140615"},{"taxonomy":"product_cat","embeddable":true,"href":"https:\/\/www.budream.com\/de\/wp-json\/wp\/v2\/product_cat?post=140615"},{"taxonomy":"product_tag","embeddable":true,"href":"https:\/\/www.budream.com\/de\/wp-json\/wp\/v2\/product_tag?post=140615"}],"curies":[{"name":"wp","href":"https:\/\/api.w.org\/{rel}","templated":true}]}}