{"id":141067,"date":"2025-07-31T06:21:51","date_gmt":"2025-07-31T04:21:51","guid":{"rendered":"https:\/\/www.budream.com\/shop\/barneys-farm-pink-kush-fem-verfuegbar-solange-der-vorrat-reicht\/"},"modified":"2026-03-21T12:53:28","modified_gmt":"2026-03-21T10:53:28","slug":"barneys-farm-pink-kush-fem-verfuegbar-solange-der-vorrat-reicht","status":"publish","type":"product","link":"https:\/\/www.budream.com\/de\/shop\/barneys-farm-pink-kush-fem-verfuegbar-solange-der-vorrat-reicht\/","title":{"rendered":"BARNEY&#8217;S FARM &#8211; PINK KUSH FEM Verf\u00fcgbar solange der Vorrat reicht"},"content":{"rendered":"<p><strong>PINK KUSH<\/strong> ist ein Indica-dominanter Hybrid, der k\u00f6rperliche Entspannung mit reichlich Ertr\u00e4gen verbindet von BARNEY&#8217;S FARM. Verf\u00fcgbar in Packungen mit 1 Samen feminisiert. Mit gutem THC-Gehalt (Hoch (15\u201319\u202f%)), diese Pflanze richtet sich an diejenigen, die Potenz und Qualit\u00e4t suchen. Im Anbau, bl\u00fcht schnell in 7-9 Wochen und produziert gro\u00dfz\u00fcgige Ertr\u00e4ge. In der Nase und am Gaumen zeichnet sich sein \ud83c\udf53 S\u00fc\u00df \/ Fruchtig-Aroma aus.<\/p>\n","protected":false},"excerpt":{"rendered":"<p>\ud83c\udf3f PINK KUSH von BARNEY&#8217;S FARM \u00b7 \ud83e\uddec Indica Dominant (60%+) \u00b7 \ud83d\udcaa THC hoch (Hoch (15\u201319\u202f%)).<\/p>\n","protected":false},"featured_media":141052,"comment_status":"open","ping_status":"closed","template":"","meta":[],"product_brand":[],"product_cat":[7952],"product_tag":[10140,10171,10227,8510,8645,10126,10128],"class_list":{"0":"post-141067","1":"product","2":"type-product","3":"status-publish","4":"has-post-thumbnail","6":"product_cat-seedshop-de","7":"product_tag-thc-hoch","8":"product_tag-suess-fruchtig","9":"product_tag-pink-kush-fem-verfuegbar-solange-der-vorrat-reicht","10":"product_tag-indica","11":"product_tag-barneys-farm","12":"product_tag-cannabis-samen","13":"product_tag-feminisierte-samen","15":"first","16":"outofstock","17":"taxable","18":"shipping-taxable","19":"product-type-variable"},"aioseo_notices":[],"_links":{"self":[{"href":"https:\/\/www.budream.com\/de\/wp-json\/wp\/v2\/product\/141067","targetHints":{"allow":["GET"]}}],"collection":[{"href":"https:\/\/www.budream.com\/de\/wp-json\/wp\/v2\/product"}],"about":[{"href":"https:\/\/www.budream.com\/de\/wp-json\/wp\/v2\/types\/product"}],"replies":[{"embeddable":true,"href":"https:\/\/www.budream.com\/de\/wp-json\/wp\/v2\/comments?post=141067"}],"version-history":[{"count":1,"href":"https:\/\/www.budream.com\/de\/wp-json\/wp\/v2\/product\/141067\/revisions"}],"predecessor-version":[{"id":258777,"href":"https:\/\/www.budream.com\/de\/wp-json\/wp\/v2\/product\/141067\/revisions\/258777"}],"wp:featuredmedia":[{"embeddable":true,"href":"https:\/\/www.budream.com\/de\/wp-json\/wp\/v2\/media\/141052"}],"wp:attachment":[{"href":"https:\/\/www.budream.com\/de\/wp-json\/wp\/v2\/media?parent=141067"}],"wp:term":[{"taxonomy":"product_brand","embeddable":true,"href":"https:\/\/www.budream.com\/de\/wp-json\/wp\/v2\/product_brand?post=141067"},{"taxonomy":"product_cat","embeddable":true,"href":"https:\/\/www.budream.com\/de\/wp-json\/wp\/v2\/product_cat?post=141067"},{"taxonomy":"product_tag","embeddable":true,"href":"https:\/\/www.budream.com\/de\/wp-json\/wp\/v2\/product_tag?post=141067"}],"curies":[{"name":"wp","href":"https:\/\/api.w.org\/{rel}","templated":true}]}}