{"id":141453,"date":"2025-07-31T06:33:02","date_gmt":"2025-07-31T04:33:02","guid":{"rendered":"https:\/\/www.budream.com\/shop\/suesse-samen-suesse-amnesie-haze-fem-sws72-2\/"},"modified":"2026-04-22T13:30:15","modified_gmt":"2026-04-22T11:30:15","slug":"suesse-samen-suesse-amnesie-haze-fem-sws72-2","status":"publish","type":"product","link":"https:\/\/www.budream.com\/de\/shop\/suesse-samen-suesse-amnesie-haze-fem-sws72-2\/","title":{"rendered":"S\u00dcSSE SAMEN &#8211; S\u00dcSSE AMNESIE HAZE\u00ae FEM (SWS72)"},"content":{"rendered":"<div style=\"text-align: justify\">Sorte, die aus der Hybridisierung zwischen zwei Elite-Amnesia-Haze-Klonen hervorgegangen ist.<\/div>\n<p><\/p>\n<h2><strong>Eigenschaften Sweet Amnesia Haze&reg; Fem:<\/strong><\/h2>\n<ul style=\"list-style-type: disc\">\n<li><strong>Gattung<\/strong>: Hybrid Feminisiert<\/li>\n<li><strong>Genotyp<\/strong>: Hybrid: Indica: 30% \/ Sativa: 70%<\/li>\n<li><strong>Genetik:<\/strong> Elite-Klon von Amnesia Haze<\/li>\n<li>Tage<strong>:<\/strong> 63 Tage<\/li>\n<\/ul>\n<p><\/p>\n<div style=\"text-align: justify\"><span style=\"font-size: 11pt\"><em><strong>WARNUNG:<\/strong> Hanfsamen sind vom gesetzlichen Begriff Cannabis ausgenommen, was bedeutet, dass sie nicht als Bet\u00e4ubungsmittel gelten (L. 412 von 1974, Art. 1, Komma 1, Buchstabe B; Einheits\u00fcbereinkommen \u00fcber Bet\u00e4ubungsmittel von New York von 1961 und Tabelle II des Ministerialerlasses vom 27.7.1992). In Italien ist der Anbau von Hanf verboten (Artikel 28 und 73 des Pr\u00e4sidialdekrets 309\/90), es sei denn, es liegt eine Sondergenehmigung vor (Artikel 17 des Pr\u00e4sidialdekrets 309\/90). In Ermangelung einer solchen Genehmigung darf das Saatgut nur f\u00fcr andere Zwecke verwendet werden (zootechnische Zwecke, Sammeln usw.). Das Saatgut wird unter dem Vorbehalt verkauft, dass es nicht von Dritten im Widerspruch zu den gesetzlichen Bestimmungen verwendet wird.<\/em><\/span><\/div>\n","protected":false},"excerpt":{"rendered":"<p>\ud83c\udf3f S\u00dcSSE AMNESIE HAZE\u00ae FEM (SWS72) von SWEET SEEDS \u00b7 \ud83e\uddec Sativa Dominant (60%+) \u00b7 \ud83d\udd25 THC sehr hoch (Sehr hoch (20\u202f%+)) \u00b7 \ud83d\udce6 Ertrag XL.<\/p>\n","protected":false},"featured_media":141406,"comment_status":"open","ping_status":"closed","template":"","meta":[],"product_brand":[],"product_cat":[1175],"product_tag":[8511,8543,10124,10126,10127,10128,10228],"class_list":{"0":"post-141453","1":"product","2":"type-product","3":"status-publish","4":"has-post-thumbnail","6":"product_cat-seedshop","7":"product_tag-sativa","8":"product_tag-sweet-seeds","9":"product_tag-thc-sehr-hoch","10":"product_tag-cannabis-samen","11":"product_tag-scharf","12":"product_tag-feminisierte-samen","13":"product_tag-suesse-amnesie-haze-fem-sws72","15":"first","16":"instock","17":"taxable","18":"shipping-taxable","19":"purchasable","20":"product-type-variable"},"aioseo_notices":[],"_links":{"self":[{"href":"https:\/\/www.budream.com\/de\/wp-json\/wp\/v2\/product\/141453","targetHints":{"allow":["GET"]}}],"collection":[{"href":"https:\/\/www.budream.com\/de\/wp-json\/wp\/v2\/product"}],"about":[{"href":"https:\/\/www.budream.com\/de\/wp-json\/wp\/v2\/types\/product"}],"replies":[{"embeddable":true,"href":"https:\/\/www.budream.com\/de\/wp-json\/wp\/v2\/comments?post=141453"}],"version-history":[{"count":2,"href":"https:\/\/www.budream.com\/de\/wp-json\/wp\/v2\/product\/141453\/revisions"}],"predecessor-version":[{"id":260777,"href":"https:\/\/www.budream.com\/de\/wp-json\/wp\/v2\/product\/141453\/revisions\/260777"}],"wp:featuredmedia":[{"embeddable":true,"href":"https:\/\/www.budream.com\/de\/wp-json\/wp\/v2\/media\/141406"}],"wp:attachment":[{"href":"https:\/\/www.budream.com\/de\/wp-json\/wp\/v2\/media?parent=141453"}],"wp:term":[{"taxonomy":"product_brand","embeddable":true,"href":"https:\/\/www.budream.com\/de\/wp-json\/wp\/v2\/product_brand?post=141453"},{"taxonomy":"product_cat","embeddable":true,"href":"https:\/\/www.budream.com\/de\/wp-json\/wp\/v2\/product_cat?post=141453"},{"taxonomy":"product_tag","embeddable":true,"href":"https:\/\/www.budream.com\/de\/wp-json\/wp\/v2\/product_tag?post=141453"}],"curies":[{"name":"wp","href":"https:\/\/api.w.org\/{rel}","templated":true}]}}