{"id":141803,"date":"2025-07-31T06:41:33","date_gmt":"2025-07-31T04:41:33","guid":{"rendered":"https:\/\/www.budream.com\/shop\/barneys-farm-orange-sherbert-fem-verfuegbar-solange-der-vorrat-reicht-2\/"},"modified":"2026-03-21T12:54:14","modified_gmt":"2026-03-21T10:54:14","slug":"barneys-farm-orange-sherbert-fem-verfuegbar-solange-der-vorrat-reicht-2","status":"publish","type":"product","link":"https:\/\/www.budream.com\/de\/shop\/barneys-farm-orange-sherbert-fem-verfuegbar-solange-der-vorrat-reicht-2\/","title":{"rendered":"BARNEY&#8217;S FARM &#8211; ORANGE SHERBERT FEM Verf\u00fcgbar solange der Vorrat reicht"},"content":{"rendered":"<p><strong>ORANGE SHERBERT<\/strong> ist ein Indica-dominanter Hybrid, der k\u00f6rperliche Entspannung mit reichlich Ertr\u00e4gen verbindet von BARNEY&#8217;S FARM. Verf\u00fcgbar in Packungen mit 1 Samen feminisiert. Mit gutem THC-Gehalt (Hoch (15\u201319\u202f%)), diese Pflanze richtet sich an diejenigen, die Potenz und Qualit\u00e4t suchen. Im Anbau, hat einen mittleren Bl\u00fctezyklus von 10-12 Wochen und produziert gro\u00dfz\u00fcgige Ertr\u00e4ge. In der Nase und am Gaumen zeichnet sich sein \ud83c\udf4b Zitrusartig-Aroma aus.<\/p>\n","protected":false},"excerpt":{"rendered":"<p>\ud83c\udf3f ORANGE SHERBERT von BARNEY&#8217;S FARM \u00b7 \ud83e\uddec Indica Dominant (60%+) \u00b7 \ud83d\udcaa THC hoch (Hoch (15\u201319\u202f%)).<\/p>\n","protected":false},"featured_media":141777,"comment_status":"open","ping_status":"closed","template":"","meta":[],"product_brand":[],"product_cat":[7952],"product_tag":[10140,10150,10229,8510,8645,10126,10128],"class_list":{"0":"post-141803","1":"product","2":"type-product","3":"status-publish","4":"has-post-thumbnail","6":"product_cat-seedshop-de","7":"product_tag-thc-hoch","8":"product_tag-zitrusartig","9":"product_tag-orange-sherbert-fem-verfuegbar-solange-der-vorrat-reicht","10":"product_tag-indica","11":"product_tag-barneys-farm","12":"product_tag-cannabis-samen","13":"product_tag-feminisierte-samen","15":"first","16":"outofstock","17":"taxable","18":"shipping-taxable","19":"product-type-variable"},"_links":{"self":[{"href":"https:\/\/www.budream.com\/de\/wp-json\/wp\/v2\/product\/141803","targetHints":{"allow":["GET"]}}],"collection":[{"href":"https:\/\/www.budream.com\/de\/wp-json\/wp\/v2\/product"}],"about":[{"href":"https:\/\/www.budream.com\/de\/wp-json\/wp\/v2\/types\/product"}],"replies":[{"embeddable":true,"href":"https:\/\/www.budream.com\/de\/wp-json\/wp\/v2\/comments?post=141803"}],"version-history":[{"count":1,"href":"https:\/\/www.budream.com\/de\/wp-json\/wp\/v2\/product\/141803\/revisions"}],"predecessor-version":[{"id":258780,"href":"https:\/\/www.budream.com\/de\/wp-json\/wp\/v2\/product\/141803\/revisions\/258780"}],"wp:featuredmedia":[{"embeddable":true,"href":"https:\/\/www.budream.com\/de\/wp-json\/wp\/v2\/media\/141777"}],"wp:attachment":[{"href":"https:\/\/www.budream.com\/de\/wp-json\/wp\/v2\/media?parent=141803"}],"wp:term":[{"taxonomy":"product_brand","embeddable":true,"href":"https:\/\/www.budream.com\/de\/wp-json\/wp\/v2\/product_brand?post=141803"},{"taxonomy":"product_cat","embeddable":true,"href":"https:\/\/www.budream.com\/de\/wp-json\/wp\/v2\/product_cat?post=141803"},{"taxonomy":"product_tag","embeddable":true,"href":"https:\/\/www.budream.com\/de\/wp-json\/wp\/v2\/product_tag?post=141803"}],"curies":[{"name":"wp","href":"https:\/\/api.w.org\/{rel}","templated":true}]}}