{"id":141900,"date":"2025-07-31T06:44:28","date_gmt":"2025-07-31T04:44:28","guid":{"rendered":"https:\/\/www.budream.com\/shop\/royal-queen-seeds-solomatic-cbd-auto\/"},"modified":"2026-03-21T12:55:24","modified_gmt":"2026-03-21T10:55:24","slug":"royal-queen-seeds-solomatic-cbd-auto","status":"publish","type":"product","link":"https:\/\/www.budream.com\/de\/shop\/royal-queen-seeds-solomatic-cbd-auto\/","title":{"rendered":"ROYAL QUEEN SEEDS &#8211; SOLOMATIC CBD AUTO"},"content":{"rendered":"<p><strong>SOLOMATIC CBD<\/strong> ist ein Sativa-dominanter Hybrid, ideal f\u00fcr diejenigen, die Klarheit und Kreativit\u00e4t suchen von ROYAL QUEEN SEEDS. Verf\u00fcgbar in Packungen mit 1 Samen feminisiert. Mit einem THC-Gehalt von Sehr niedrig (0\u20134\u202f%) und CBD Hoch (6\u202f%+), diese Pflanze richtet sich an diejenigen, die ein therapeutisches Profil bevorzugen. Im Anbau, hat einen mittleren Bl\u00fctezyklus von 10-12 Wochen und bietet durchschnittliche Ertr\u00e4ge. In der Nase und am Gaumen zeichnet sich sein \ud83c\udf4b Zitrusartig-Aroma aus.<\/p>\n","protected":false},"excerpt":{"rendered":"<p>\ud83c\udf3f SOLOMATIC CBD von ROYAL QUEEN SEEDS \u00b7 \ud83e\uddec Sativa Dominant (60%+).<\/p>\n","protected":false},"featured_media":141889,"comment_status":"open","ping_status":"closed","template":"","meta":[],"product_brand":[],"product_cat":[7952],"product_tag":[8511,8609,8653,10126,10128,10150],"class_list":{"0":"post-141900","1":"product","2":"type-product","3":"status-publish","4":"has-post-thumbnail","6":"product_cat-seedshop-de","7":"product_tag-sativa","8":"product_tag-royal-queen-seeds","9":"product_tag-solomatic-cbd","10":"product_tag-cannabis-samen","11":"product_tag-feminisierte-samen","12":"product_tag-zitrusartig","14":"first","15":"instock","16":"sale","17":"taxable","18":"shipping-taxable","19":"purchasable","20":"product-type-variable"},"aioseo_notices":[],"_links":{"self":[{"href":"https:\/\/www.budream.com\/de\/wp-json\/wp\/v2\/product\/141900","targetHints":{"allow":["GET"]}}],"collection":[{"href":"https:\/\/www.budream.com\/de\/wp-json\/wp\/v2\/product"}],"about":[{"href":"https:\/\/www.budream.com\/de\/wp-json\/wp\/v2\/types\/product"}],"replies":[{"embeddable":true,"href":"https:\/\/www.budream.com\/de\/wp-json\/wp\/v2\/comments?post=141900"}],"version-history":[{"count":1,"href":"https:\/\/www.budream.com\/de\/wp-json\/wp\/v2\/product\/141900\/revisions"}],"predecessor-version":[{"id":258782,"href":"https:\/\/www.budream.com\/de\/wp-json\/wp\/v2\/product\/141900\/revisions\/258782"}],"wp:featuredmedia":[{"embeddable":true,"href":"https:\/\/www.budream.com\/de\/wp-json\/wp\/v2\/media\/141889"}],"wp:attachment":[{"href":"https:\/\/www.budream.com\/de\/wp-json\/wp\/v2\/media?parent=141900"}],"wp:term":[{"taxonomy":"product_brand","embeddable":true,"href":"https:\/\/www.budream.com\/de\/wp-json\/wp\/v2\/product_brand?post=141900"},{"taxonomy":"product_cat","embeddable":true,"href":"https:\/\/www.budream.com\/de\/wp-json\/wp\/v2\/product_cat?post=141900"},{"taxonomy":"product_tag","embeddable":true,"href":"https:\/\/www.budream.com\/de\/wp-json\/wp\/v2\/product_tag?post=141900"}],"curies":[{"name":"wp","href":"https:\/\/api.w.org\/{rel}","templated":true}]}}