{"id":142535,"date":"2025-07-31T07:04:57","date_gmt":"2025-07-31T05:04:57","guid":{"rendered":"https:\/\/www.budream.com\/shop\/suesse-samen-black-jack-fem-sws01\/"},"modified":"2026-03-21T12:59:04","modified_gmt":"2026-03-21T10:59:04","slug":"suesse-samen-black-jack-fem-sws01","status":"publish","type":"product","link":"https:\/\/www.budream.com\/de\/shop\/suesse-samen-black-jack-fem-sws01\/","title":{"rendered":"S\u00dcSSE SAMEN &#8211; BLACK JACK\u00ae FEM (SWS01)"},"content":{"rendered":"<p><strong>BLACK JACK\u00ae FEM (SWS01)<\/strong> ist ein ausgewogener Hybrid zwischen Indica und Sativa, vielseitig und f\u00fcr jede Gelegenheit geeignet von SWEET SEEDS. Verf\u00fcgbar in Packungen mit 100 Samen feminisiert. Mit gutem THC-Gehalt (Hoch (15\u201319\u202f%)), diese Pflanze richtet sich an diejenigen, die Potenz und Qualit\u00e4t suchen. Im Anbau, bl\u00fcht schnell in 7-9 Wochen und produziert gro\u00dfz\u00fcgige Ertr\u00e4ge. In der Nase und am Gaumen zeichnet sich sein \ud83c\udf4b Zitrusartig-Aroma aus.<\/p>\n","protected":false},"excerpt":{"rendered":"<p>\ud83c\udf3f BLACK JACK\u00ae FEM (SWS01) von SWEET SEEDS \u00b7 \ud83e\uddec Indica \/ Sativa \u00b7 \ud83d\udcaa THC hoch (Hoch (15\u201319\u202f%)).<\/p>\n","protected":false},"featured_media":142529,"comment_status":"open","ping_status":"closed","template":"","meta":[],"product_brand":[],"product_cat":[7952],"product_tag":[8510,8511,8543,8663,9931,10126,10128,10140,10150],"class_list":{"0":"post-142535","1":"product","2":"type-product","3":"status-publish","4":"has-post-thumbnail","6":"product_cat-seedshop-de","7":"product_tag-indica","8":"product_tag-sativa","9":"product_tag-sweet-seeds","10":"product_tag-black-jack-fem-sws01","11":"product_tag-hybrid","12":"product_tag-cannabis-samen","13":"product_tag-feminisierte-samen","14":"product_tag-thc-hoch","15":"product_tag-zitrusartig","17":"first","18":"instock","19":"sale","20":"taxable","21":"shipping-taxable","22":"purchasable","23":"product-type-variable"},"_links":{"self":[{"href":"https:\/\/www.budream.com\/de\/wp-json\/wp\/v2\/product\/142535","targetHints":{"allow":["GET"]}}],"collection":[{"href":"https:\/\/www.budream.com\/de\/wp-json\/wp\/v2\/product"}],"about":[{"href":"https:\/\/www.budream.com\/de\/wp-json\/wp\/v2\/types\/product"}],"replies":[{"embeddable":true,"href":"https:\/\/www.budream.com\/de\/wp-json\/wp\/v2\/comments?post=142535"}],"version-history":[{"count":1,"href":"https:\/\/www.budream.com\/de\/wp-json\/wp\/v2\/product\/142535\/revisions"}],"predecessor-version":[{"id":258792,"href":"https:\/\/www.budream.com\/de\/wp-json\/wp\/v2\/product\/142535\/revisions\/258792"}],"wp:featuredmedia":[{"embeddable":true,"href":"https:\/\/www.budream.com\/de\/wp-json\/wp\/v2\/media\/142529"}],"wp:attachment":[{"href":"https:\/\/www.budream.com\/de\/wp-json\/wp\/v2\/media?parent=142535"}],"wp:term":[{"taxonomy":"product_brand","embeddable":true,"href":"https:\/\/www.budream.com\/de\/wp-json\/wp\/v2\/product_brand?post=142535"},{"taxonomy":"product_cat","embeddable":true,"href":"https:\/\/www.budream.com\/de\/wp-json\/wp\/v2\/product_cat?post=142535"},{"taxonomy":"product_tag","embeddable":true,"href":"https:\/\/www.budream.com\/de\/wp-json\/wp\/v2\/product_tag?post=142535"}],"curies":[{"name":"wp","href":"https:\/\/api.w.org\/{rel}","templated":true}]}}