{"id":142576,"date":"2025-07-31T07:06:35","date_gmt":"2025-07-31T05:06:35","guid":{"rendered":"https:\/\/www.budream.com\/shop\/suesse-samen-s-a-d-suesse-afgani-delicious-s1-fem-sws02\/"},"modified":"2026-04-28T16:27:37","modified_gmt":"2026-04-28T14:27:37","slug":"suesse-samen-s-a-d-suesse-afgani-delicious-s1-fem-sws02","status":"publish","type":"product","link":"https:\/\/www.budream.com\/de\/shop\/suesse-samen-s-a-d-suesse-afgani-delicious-s1-fem-sws02\/","title":{"rendered":"S\u00dcSSE SAMEN &#8211; S.A.D. S\u00dcSSE AFGANI DELICIOUS S1\u00ae FEM (SWS02)"},"content":{"rendered":"<div style=\"text-align: justify\">Selbstbefruchtet von einer unserer Mutterpflanzen, Black Domina, die 1998 aus Samen selektiert wurde und in der Branche als Black Domina&#8217;98 bekannt ist. Eine der am meisten ausgezeichneten Genetiken in unserem Katalog.<\/div>\n<p><\/p>\n<h2><strong>Eigenschaften S.A.D. Sweet Afgani Delicious S1 Fem (SWS02):<\/strong><\/h2>\n<ul style=\"list-style-type: disc\">\n<li><strong>Gattung:<\/strong> Hybrid Feminisiert<\/li>\n<li><strong>Genotyp<\/strong>: Hybrid: Indica: 90% \/ Sativa: 10%<\/li>\n<li><strong>Genetik: <\/strong>Black Domina &#8217;98<\/li>\n<li><strong>Tage:<\/strong> 56-63 Tage<\/li>\n<\/ul>\n<p><\/p>\n<div style=\"text-align: justify\"><span style=\"font-size: 11pt\"><em><strong>ACHTUNG:<\/strong> Hanfsamen sind vom gesetzlichen Begriff Cannabis ausgenommen, was bedeutet, dass sie nicht als Bet\u00e4ubungsmittel gelten (Gesetz 412 von 1974, Art. 1, Absatz 1, Buchstabe B; Einheits\u00fcbereinkommen \u00fcber Bet\u00e4ubungsmittel von New York von 1961 und Tabelle II des Ministerialerlasses 27\/7\/1992). In Italien ist der Anbau von Hanf verboten (Artikel 28 und 73 des Pr\u00e4sidialdekrets 309\/90), es sei denn, es liegt eine Sondergenehmigung vor (Artikel 17 des Pr\u00e4sidialdekrets 309\/90). In Ermangelung einer solchen Genehmigung darf das Saatgut nur f\u00fcr andere Zwecke verwendet werden (zootechnische Zwecke, Sammeln usw.). Das Saatgut wird unter dem Vorbehalt verkauft, dass es nicht von Dritten im Widerspruch zu den gesetzlichen Bestimmungen verwendet wird.<\/em><\/span><\/div>\n","protected":false},"excerpt":{"rendered":"<p>\ud83c\udf3f S.A.D. S\u00dcSSE AFGANI DELICIOUS S1\u00ae FEM (SWS02) von SWEET SEEDS \u00b7 \ud83e\uddec Indica (90%+) \u00b7 \ud83d\udcaa THC hoch (Hoch (15\u201319\u202f%)) \u00b7 \ud83d\udce6 Ertrag XL.<\/p>\n","protected":false},"featured_media":142564,"comment_status":"open","ping_status":"closed","template":"","meta":[],"product_brand":[],"product_cat":[7952],"product_tag":[10128,10140,10147,10236,8510,8543,10126],"class_list":{"0":"post-142576","1":"product","2":"type-product","3":"status-publish","4":"has-post-thumbnail","6":"product_cat-seedshop-de","7":"product_tag-feminisierte-samen","8":"product_tag-thc-hoch","9":"product_tag-erdiger","10":"product_tag-s-a-d-suesse-afgani-delicious-s1-fem-sws02","11":"product_tag-indica","12":"product_tag-sweet-seeds","13":"product_tag-cannabis-samen","15":"first","16":"instock","17":"sale","18":"taxable","19":"shipping-taxable","20":"purchasable","21":"product-type-variable"},"_links":{"self":[{"href":"https:\/\/www.budream.com\/de\/wp-json\/wp\/v2\/product\/142576","targetHints":{"allow":["GET"]}}],"collection":[{"href":"https:\/\/www.budream.com\/de\/wp-json\/wp\/v2\/product"}],"about":[{"href":"https:\/\/www.budream.com\/de\/wp-json\/wp\/v2\/types\/product"}],"replies":[{"embeddable":true,"href":"https:\/\/www.budream.com\/de\/wp-json\/wp\/v2\/comments?post=142576"}],"version-history":[{"count":2,"href":"https:\/\/www.budream.com\/de\/wp-json\/wp\/v2\/product\/142576\/revisions"}],"predecessor-version":[{"id":260688,"href":"https:\/\/www.budream.com\/de\/wp-json\/wp\/v2\/product\/142576\/revisions\/260688"}],"wp:featuredmedia":[{"embeddable":true,"href":"https:\/\/www.budream.com\/de\/wp-json\/wp\/v2\/media\/142564"}],"wp:attachment":[{"href":"https:\/\/www.budream.com\/de\/wp-json\/wp\/v2\/media?parent=142576"}],"wp:term":[{"taxonomy":"product_brand","embeddable":true,"href":"https:\/\/www.budream.com\/de\/wp-json\/wp\/v2\/product_brand?post=142576"},{"taxonomy":"product_cat","embeddable":true,"href":"https:\/\/www.budream.com\/de\/wp-json\/wp\/v2\/product_cat?post=142576"},{"taxonomy":"product_tag","embeddable":true,"href":"https:\/\/www.budream.com\/de\/wp-json\/wp\/v2\/product_tag?post=142576"}],"curies":[{"name":"wp","href":"https:\/\/api.w.org\/{rel}","templated":true}]}}