{"id":142651,"date":"2025-07-31T07:09:53","date_gmt":"2025-07-31T05:09:53","guid":{"rendered":"https:\/\/www.budream.com\/shop\/suesse-samen-suesse-reine-cbd-fem-sws65\/"},"modified":"2026-03-21T12:59:51","modified_gmt":"2026-03-21T10:59:51","slug":"suesse-samen-suesse-reine-cbd-fem-sws65","status":"publish","type":"product","link":"https:\/\/www.budream.com\/de\/shop\/suesse-samen-suesse-reine-cbd-fem-sws65\/","title":{"rendered":"S\u00dcSSE SAMEN &#8211; S\u00dcSSE REINE CBD\u00ae FEM (SWS65)"},"content":{"rendered":"<p><strong>S\u00dcSSE REINE CBD\u00ae FEM (SWS65)<\/strong> ist ein Sativa-dominanter Hybrid, ideal f\u00fcr diejenigen, die Klarheit und Kreativit\u00e4t suchen von SWEET SEEDS. Verf\u00fcgbar in Packungen mit 100 Samen feminisiert. Mit einem THC-Gehalt von Sehr niedrig (0\u20134\u202f%) und CBD Hoch (6\u202f%+), diese Pflanze richtet sich an diejenigen, die ein therapeutisches Profil bevorzugen. Im Anbau, bl\u00fcht schnell in 7-9 Wochen und garantiert reichlich Ertr\u00e4ge. In der Nase und am Gaumen zeichnet sich sein \ud83c\udf53 S\u00fc\u00df \/ Fruchtig-Aroma aus.<\/p>\n","protected":false},"excerpt":{"rendered":"<p>\ud83c\udf3f S\u00dcSSE REINE CBD\u00ae FEM (SWS65) von SWEET SEEDS \u00b7 \ud83e\uddec Sativa Dominant (60%+) \u00b7 \ud83d\udce6 Ertrag XL.<\/p>\n","protected":false},"featured_media":142640,"comment_status":"open","ping_status":"closed","template":"","meta":[],"product_brand":[],"product_cat":[7952],"product_tag":[10126,10128,10171,10237,8511,8543],"class_list":{"0":"post-142651","1":"product","2":"type-product","3":"status-publish","4":"has-post-thumbnail","6":"product_cat-seedshop-de","7":"product_tag-cannabis-samen","8":"product_tag-feminisierte-samen","9":"product_tag-suess-fruchtig","10":"product_tag-suesse-reine-cbd-fem-sws65","11":"product_tag-sativa","12":"product_tag-sweet-seeds","14":"first","15":"instock","16":"sale","17":"taxable","18":"shipping-taxable","19":"purchasable","20":"product-type-variable"},"_links":{"self":[{"href":"https:\/\/www.budream.com\/de\/wp-json\/wp\/v2\/product\/142651","targetHints":{"allow":["GET"]}}],"collection":[{"href":"https:\/\/www.budream.com\/de\/wp-json\/wp\/v2\/product"}],"about":[{"href":"https:\/\/www.budream.com\/de\/wp-json\/wp\/v2\/types\/product"}],"replies":[{"embeddable":true,"href":"https:\/\/www.budream.com\/de\/wp-json\/wp\/v2\/comments?post=142651"}],"version-history":[{"count":1,"href":"https:\/\/www.budream.com\/de\/wp-json\/wp\/v2\/product\/142651\/revisions"}],"predecessor-version":[{"id":258795,"href":"https:\/\/www.budream.com\/de\/wp-json\/wp\/v2\/product\/142651\/revisions\/258795"}],"wp:featuredmedia":[{"embeddable":true,"href":"https:\/\/www.budream.com\/de\/wp-json\/wp\/v2\/media\/142640"}],"wp:attachment":[{"href":"https:\/\/www.budream.com\/de\/wp-json\/wp\/v2\/media?parent=142651"}],"wp:term":[{"taxonomy":"product_brand","embeddable":true,"href":"https:\/\/www.budream.com\/de\/wp-json\/wp\/v2\/product_brand?post=142651"},{"taxonomy":"product_cat","embeddable":true,"href":"https:\/\/www.budream.com\/de\/wp-json\/wp\/v2\/product_cat?post=142651"},{"taxonomy":"product_tag","embeddable":true,"href":"https:\/\/www.budream.com\/de\/wp-json\/wp\/v2\/product_tag?post=142651"}],"curies":[{"name":"wp","href":"https:\/\/api.w.org\/{rel}","templated":true}]}}