{"id":143642,"date":"2025-07-31T07:28:30","date_gmt":"2025-07-31T05:28:30","guid":{"rendered":"https:\/\/www.budream.com\/shop\/biobizz-left-coat-2\/"},"modified":"2026-03-05T03:04:23","modified_gmt":"2026-03-05T01:04:23","slug":"biobizz-left-coat-2","status":"publish","type":"product","link":"https:\/\/www.budream.com\/de\/shop\/biobizz-left-coat-2\/","title":{"rendered":"BIOBIZZ &#8211; LEFT COAT"},"content":{"rendered":"<p><strong>Biobizz LEAFT COAT ist ein Pflanzenst\u00e4rkungsmittel.<br \/><\/strong><br \/>Wenn es auf die Pflanzen gespr\u00fcht wird, verlangsamt und reguliert es die Evapotranspiration der Bl\u00e4tter und erleichtert so die Bewurzelung von Stecklingen und die Gesundheit gestresster Pflanzen. Die Anwendung von LeafCoat st\u00e4rkt die Pflanzen, indem es ihre nat\u00fcrliche Widerstandskraft stimuliert.<\/p>\n<p>Auf die Bl\u00e4tter aufgespr\u00fcht, bildet es eine sehr d\u00fcnne, elastische Schicht (1,5 Mikrometer), die die von der Pflanze ben\u00f6tigten N\u00e4hrstoffe enth\u00e4lt. Der Naturlatex bildet eine Schutzschicht auf dem Blatt, die luft- und lichtdurchl\u00e4ssig, aber gleichzeitig innerhalb von 2 Wochen biologisch abbaubar ist. Diese d\u00fcnne Schicht ist dennoch wirksam genug, um die Pflanze mechanisch vor nat\u00fcrlichen Antagonisten zu sch\u00fctzen. LeafCoat sch\u00fctzt Pflanzen, indem es ihnen eine starke abweisende Wirkung gegen Sch\u00e4dlinge verleiht. Aufgrund seiner Viskosit\u00e4t verhindert es mechanisch das Auftreten von Parasiten- und Pilzinfektionen an den Blattsystemen.<\/p>\n<p>Kann ab der vegetativen Phase bis zu zwei Wochen vor der Ernte verwendet werden.<\/p>\n<h3><strong>Was ist Leaf-Coat?<\/strong><\/h3>\n<p>Leaf-Coat ist ein gebrauchsfertiges Produkt, das die Pflanzen st\u00e4rkt und sch\u00fctzt.<\/p>\n<p>Es besteht aus Naturlatex und wurde urspr\u00fcnglich entwickelt, um Verdunstung zu verhindern. Es bildet eine durchl\u00e4ssige, sich selbst abbauende Barriere auf dem Blatt, l\u00e4sst aber dennoch Luft und Licht hindurch.<\/p>\n<h3><strong>Warum Leaf-Coat unter allen Bedingungen am besten sch\u00fctzt<\/strong><\/h3>\n<p>Wenn die Umgebung zu hei\u00df-feucht ist (Temperatur \u00fcber 28 &deg;C), hilft Leaf-Coat der Pflanze, das notwendige Wasser w\u00e4hrend der Verdunstung zu halten. Gleichzeitig hilft die nat\u00fcrliche Latexschicht, die sich auf den Bl\u00e4ttern bildet, der Pflanze zu atmen und verhindert, dass sie austrocknet. Und wenn das Thermometer sinkt, wie im Winter, sch\u00fctzt Leaf-Coat vor K\u00e4lte und hilft, die Temperatur der Bl\u00e4tter konstant zu halten.<\/p>\n<p>Als gr\u00fcne und umweltfreundliche Alternative zu Pestiziden ist Leaf-Coat wirklich die ideale und sicherste Wahl. Au\u00dferdem sparen Sie durch den geringeren Einsatz von Pestiziden Geld! Im Gegensatz zu synthetischen und giftigen Produkten hat Leaf-Coat einen angenehmen Duft und ist nicht reizend. Gerade weil Leaf-Coat nicht von den Bl\u00e4ttern aufgenommen wird, hat es keinen Einfluss auf das Aroma der Fr\u00fcchte.<\/p>\n<h3><strong>Wie wird es verwendet?<\/strong><\/h3>\n<p>Sie brauchen Leaf-Coat nicht mit Wasser zu mischen, sondern k\u00f6nnen es direkt aus der Flasche auftragen, am besten durch Spr\u00fchen. Spr\u00fchen Sie das Produkt auf alle Bl\u00e4tter und Bl\u00fcten und wiederholen Sie die Prozedur zweimal pro Woche bis etwa 15 Tage nach Ende der Bl\u00fcte.<\/p>\n<p>Wenige Stunden nach dem Auftragen bildet sich auf den Bl\u00e4ttern eine hauchd\u00fcnne, elastische Schicht von nur 1,5 Mikron Dicke. Die positive Wirkung h\u00e4lt bis zu 2 Wochen an, wenn die nat\u00fcrliche Zersetzung durch Licht oder Sonneneinstrahlung beginnt.<\/p>\n","protected":false},"excerpt":{"rendered":"<p>Biobizz LEAFT COAT ist ein Pflanzenst\u00e4rkungsmittel.Wenn es auf die Pflanzen gespr\u00fcht wird, verlangsamt und reguliert es die Evapotranspiration der Bl\u00e4tter<\/p>\n","protected":false},"featured_media":143608,"comment_status":"open","ping_status":"closed","template":"","meta":[],"product_brand":[],"product_cat":[7929],"product_tag":[],"class_list":{"0":"post-143642","1":"product","2":"type-product","3":"status-publish","4":"has-post-thumbnail","6":"product_cat-pflanzenschutz-und-abwehr","8":"first","9":"instock","10":"taxable","11":"shipping-taxable","12":"purchasable","13":"product-type-variable"},"_links":{"self":[{"href":"https:\/\/www.budream.com\/de\/wp-json\/wp\/v2\/product\/143642","targetHints":{"allow":["GET"]}}],"collection":[{"href":"https:\/\/www.budream.com\/de\/wp-json\/wp\/v2\/product"}],"about":[{"href":"https:\/\/www.budream.com\/de\/wp-json\/wp\/v2\/types\/product"}],"replies":[{"embeddable":true,"href":"https:\/\/www.budream.com\/de\/wp-json\/wp\/v2\/comments?post=143642"}],"version-history":[{"count":0,"href":"https:\/\/www.budream.com\/de\/wp-json\/wp\/v2\/product\/143642\/revisions"}],"wp:featuredmedia":[{"embeddable":true,"href":"https:\/\/www.budream.com\/de\/wp-json\/wp\/v2\/media\/143608"}],"wp:attachment":[{"href":"https:\/\/www.budream.com\/de\/wp-json\/wp\/v2\/media?parent=143642"}],"wp:term":[{"taxonomy":"product_brand","embeddable":true,"href":"https:\/\/www.budream.com\/de\/wp-json\/wp\/v2\/product_brand?post=143642"},{"taxonomy":"product_cat","embeddable":true,"href":"https:\/\/www.budream.com\/de\/wp-json\/wp\/v2\/product_cat?post=143642"},{"taxonomy":"product_tag","embeddable":true,"href":"https:\/\/www.budream.com\/de\/wp-json\/wp\/v2\/product_tag?post=143642"}],"curies":[{"name":"wp","href":"https:\/\/api.w.org\/{rel}","templated":true}]}}