{"id":143924,"date":"2025-07-31T07:33:45","date_gmt":"2025-07-31T05:33:45","guid":{"rendered":"https:\/\/www.budream.com\/shop\/biobizz-bio-up-bio-ph-2\/"},"modified":"2026-03-25T19:42:19","modified_gmt":"2026-03-25T17:42:19","slug":"biobizz-bio-up-bio-ph-2","status":"publish","type":"product","link":"https:\/\/www.budream.com\/de\/shop\/biobizz-bio-up-bio-ph-2\/","title":{"rendered":"BIOBIZZ &#8211; BIO UP (BIO pH+)"},"content":{"rendered":"<p>Wir begr\u00fc\u00dfen den j\u00fcngsten Zuwachs in der Biobizz-Familie. Es hei\u00dft Bio-Up und ist speziell f\u00fcr den \u00f6kologischen Landbau konzipiert. Biobizz Bio-Up ist eine Formulierung auf der Basis von nat\u00fcrlich gewonnenen Humins\u00e4uren, die speziell f\u00fcr Z\u00fcchter entwickelt wurde, die von der Aussaat bis zur Ernte alles organisch halten wollen.<\/p>\n<p><strong>Die nat\u00fcrliche<\/strong> Formulierung von Bio-Up erm\u00f6glicht eine schnelle Anpassung des <strong>pH-Wertes<\/strong> f\u00fcr jede Art von Substrat und jede Art von Kultur, ohne das mikrobielle Leben im Boden zu beeintr\u00e4chtigen.<\/p>\n<p>Es ist so konzipiert, dass es perfekt mit den Biobizz-N\u00e4hrstoffen zusammenarbeitet und kann bei jeder Bew\u00e4sserung verwendet werden. Es kann sowohl w\u00e4hrend der Wachstums- als auch w\u00e4hrend der Bl\u00fctezeit verwendet werden.<\/p>\n<h2><strong><span style=\"text-decoration: underline\">Wie man Bio-Up verwendet<\/span><\/strong><\/h2>\n<p>Mischen Sie die erforderliche Menge an Biobizz-N\u00e4hrstoffen und messen Sie den pH-Wert der L\u00f6sung. Tragen Sie 0,1 ml Bio-Up auf, um den pH-Wert um 0,1 Punkte anzuheben. F\u00fcgen Sie die erforderliche Menge Bio-Up hinzu, mischen Sie 10 Sekunden lang und messen Sie den pH-Wert erneut. Fahren Sie mit der Zugabe von Bio-Up fort, bis Sie den optimalen pH-Wert im Bereich von 6,2 bis 6,5 erreicht haben und bereit sind, die N\u00e4hrstoffmischung an Ihre Pflanzen zu geben.<\/p>\n<h2><strong><span style=\"text-decoration: underline\">Warum Bio-Up w\u00e4hlen?<\/span><br \/><\/strong><\/h2>\n<p>Bio-Up kann sowohl w\u00e4hrend der Wachstums- als auch der Bl\u00fctezeit, bei jeder Bew\u00e4sserung und in Kombination mit jedem Biobizz-Substrat oder Fl\u00fcssigprodukt verwendet werden.<\/p>\n<p>Bio-Up enth\u00e4lt keine starken S\u00e4uren. Das bedeutet, dass dieser 100% biologische pH-Regulator das mikrobielle Leben im Substrat nicht beeintr\u00e4chtigt.<\/p>\n","protected":false},"excerpt":{"rendered":"<p>Wir begr\u00fc\u00dfen den j\u00fcngsten Zuwachs in der Biobizz-Familie. Es hei\u00dft Bio-Up und ist speziell f\u00fcr den \u00f6kologischen Landbau konzipiert. Biobizz<\/p>\n","protected":false},"featured_media":143881,"comment_status":"open","ping_status":"closed","template":"","meta":[],"product_brand":[],"product_cat":[7934],"product_tag":[],"class_list":{"0":"post-143924","1":"product","2":"type-product","3":"status-publish","4":"has-post-thumbnail","6":"product_cat-duenger","8":"first","9":"instock","10":"sale","11":"taxable","12":"shipping-taxable","13":"purchasable","14":"product-type-variable"},"_links":{"self":[{"href":"https:\/\/www.budream.com\/de\/wp-json\/wp\/v2\/product\/143924","targetHints":{"allow":["GET"]}}],"collection":[{"href":"https:\/\/www.budream.com\/de\/wp-json\/wp\/v2\/product"}],"about":[{"href":"https:\/\/www.budream.com\/de\/wp-json\/wp\/v2\/types\/product"}],"replies":[{"embeddable":true,"href":"https:\/\/www.budream.com\/de\/wp-json\/wp\/v2\/comments?post=143924"}],"version-history":[{"count":0,"href":"https:\/\/www.budream.com\/de\/wp-json\/wp\/v2\/product\/143924\/revisions"}],"wp:featuredmedia":[{"embeddable":true,"href":"https:\/\/www.budream.com\/de\/wp-json\/wp\/v2\/media\/143881"}],"wp:attachment":[{"href":"https:\/\/www.budream.com\/de\/wp-json\/wp\/v2\/media?parent=143924"}],"wp:term":[{"taxonomy":"product_brand","embeddable":true,"href":"https:\/\/www.budream.com\/de\/wp-json\/wp\/v2\/product_brand?post=143924"},{"taxonomy":"product_cat","embeddable":true,"href":"https:\/\/www.budream.com\/de\/wp-json\/wp\/v2\/product_cat?post=143924"},{"taxonomy":"product_tag","embeddable":true,"href":"https:\/\/www.budream.com\/de\/wp-json\/wp\/v2\/product_tag?post=143924"}],"curies":[{"name":"wp","href":"https:\/\/api.w.org\/{rel}","templated":true}]}}