{"id":143993,"date":"2025-07-31T07:35:08","date_gmt":"2025-07-31T05:35:08","guid":{"rendered":"https:\/\/www.budream.com\/shop\/biobizz-bio-down-ex-bio-ph\/"},"modified":"2026-03-25T19:39:41","modified_gmt":"2026-03-25T17:39:41","slug":"biobizz-bio-down-ex-bio-ph","status":"publish","type":"product","link":"https:\/\/www.budream.com\/de\/shop\/biobizz-bio-down-ex-bio-ph\/","title":{"rendered":"BIOBIZZ &#8211; BIO DOWN (EX BIO pH-)"},"content":{"rendered":"<p>Wir begr\u00fc\u00dfen den j\u00fcngsten Zuwachs in der Biobizz-Familie. Es hei\u00dft Bio-Down und wurde speziell f\u00fcr den \u00f6kologischen Landbau entwickelt.<br \/>Biobizz Bio-Down ist eine w\u00e4ssrige L\u00f6sung von Zitronens\u00e4ure, die nat\u00fcrlicherweise in verschiedenen Zitrusfr\u00fcchten wie Zitronen vorkommt.<\/p>\n<p>Die nat\u00fcrliche Formulierung von Bio-Down erm\u00f6glicht eine schnelle Anpassung des <strong>pH-Wertes<\/strong> f\u00fcr jede Art von Substrat und f\u00fcr jede Art von Kultur, ohne das mikrobielle Leben im Boden zu beeintr\u00e4chtigen.<\/p>\n<p>Es ist so konzipiert, dass es perfekt mit den Biobizz-N\u00e4hrstoffen zusammenarbeitet und kann bei jeder Bew\u00e4sserung verwendet werden. Es kann sowohl w\u00e4hrend der Wachstums- als auch w\u00e4hrend der Bl\u00fctezeit verwendet werden.<\/p>\n<h2><span style=\"text-decoration: underline\"><strong>Wie man Bio-Down verwendet<\/strong><\/span><\/h2>\n<p>Mischen Sie die erforderliche Menge an Biobizz-N\u00e4hrstoffen und messen Sie den pH-Wert der L\u00f6sung. Tragen Sie 0,1 ml Bio-Down auf, um den pH-Wert um 0,5 Punkte zu senken. F\u00fcgen Sie die erforderliche Menge Bio-Down hinzu, mischen Sie 10 Sekunden lang und messen Sie den pH-Wert erneut. Fahren Sie mit der Zugabe von Bio-Down fort, bis Sie den optimalen pH-Wert im Bereich von 6,2 bis 6,5 erreicht haben und bereit sind, die N\u00e4hrstoffmischung an Ihre Pflanzen zu geben.<\/p>\n<h2><strong><br \/><span style=\"text-decoration: underline\">Warum Bio-Down w\u00e4hlen?<\/span><\/strong><\/h2>\n<p>Bio-Down kann sowohl w\u00e4hrend der Wachstums- als auch der Bl\u00fctezeit, bei jeder Bew\u00e4sserung und in Kombination mit jedem Biobizz-Substrat oder Fl\u00fcssigprodukt verwendet werden.<\/p>\n<p>Bio-Down enth\u00e4lt keine starken S\u00e4uren. Das bedeutet, dass dieser 100% biologische pH-Regulator das mikrobielle Leben des Substrats nicht beeintr\u00e4chtigt.<\/p>\n","protected":false},"excerpt":{"rendered":"<p>Wir begr\u00fc\u00dfen den j\u00fcngsten Zuwachs in der Biobizz-Familie. Es hei\u00dft Bio-Down und wurde speziell f\u00fcr den \u00f6kologischen Landbau entwickelt.Biobizz Bio-Down<\/p>\n","protected":false},"featured_media":143962,"comment_status":"open","ping_status":"closed","template":"","meta":[],"product_brand":[],"product_cat":[7934],"product_tag":[],"class_list":{"0":"post-143993","1":"product","2":"type-product","3":"status-publish","4":"has-post-thumbnail","6":"product_cat-duenger","8":"first","9":"instock","10":"taxable","11":"shipping-taxable","12":"purchasable","13":"product-type-variable"},"aioseo_notices":[],"_links":{"self":[{"href":"https:\/\/www.budream.com\/de\/wp-json\/wp\/v2\/product\/143993","targetHints":{"allow":["GET"]}}],"collection":[{"href":"https:\/\/www.budream.com\/de\/wp-json\/wp\/v2\/product"}],"about":[{"href":"https:\/\/www.budream.com\/de\/wp-json\/wp\/v2\/types\/product"}],"replies":[{"embeddable":true,"href":"https:\/\/www.budream.com\/de\/wp-json\/wp\/v2\/comments?post=143993"}],"version-history":[{"count":0,"href":"https:\/\/www.budream.com\/de\/wp-json\/wp\/v2\/product\/143993\/revisions"}],"wp:featuredmedia":[{"embeddable":true,"href":"https:\/\/www.budream.com\/de\/wp-json\/wp\/v2\/media\/143962"}],"wp:attachment":[{"href":"https:\/\/www.budream.com\/de\/wp-json\/wp\/v2\/media?parent=143993"}],"wp:term":[{"taxonomy":"product_brand","embeddable":true,"href":"https:\/\/www.budream.com\/de\/wp-json\/wp\/v2\/product_brand?post=143993"},{"taxonomy":"product_cat","embeddable":true,"href":"https:\/\/www.budream.com\/de\/wp-json\/wp\/v2\/product_cat?post=143993"},{"taxonomy":"product_tag","embeddable":true,"href":"https:\/\/www.budream.com\/de\/wp-json\/wp\/v2\/product_tag?post=143993"}],"curies":[{"name":"wp","href":"https:\/\/api.w.org\/{rel}","templated":true}]}}