{"id":144597,"date":"2025-07-31T07:48:41","date_gmt":"2025-07-31T05:48:41","guid":{"rendered":"https:\/\/www.budream.com\/shop\/hollaendische-leidenschaft-cbd-charlottes-angel-fem-2\/"},"modified":"2026-03-21T13:00:13","modified_gmt":"2026-03-21T11:00:13","slug":"hollaendische-leidenschaft-cbd-charlottes-angel-fem-2","status":"publish","type":"product","link":"https:\/\/www.budream.com\/de\/shop\/hollaendische-leidenschaft-cbd-charlottes-angel-fem-2\/","title":{"rendered":"HOLL\u00c4NDISCHE LEIDENSCHAFT &#8211; CBD CHARLOTTE&#8217;S ANGEL FEM"},"content":{"rendered":"<p><strong>CBD CHARLOTTE&#8217;S ANGEL<\/strong> ist ein Sativa-dominanter Hybrid, ideal f\u00fcr diejenigen, die Klarheit und Kreativit\u00e4t suchen von DUTCH PASSION. Verf\u00fcgbar in Packungen mit 10 Samen feminisiert. Mit einem THC-Gehalt von Sehr niedrig (0\u20134\u202f%) und CBD Hoch (6\u202f%+), diese Pflanze richtet sich an diejenigen, die ein therapeutisches Profil bevorzugen. Im Anbau, hat einen mittleren Bl\u00fctezyklus von 10-12 Wochen und garantiert reichlich Ertr\u00e4ge. In der Nase und am Gaumen zeichnet sich sein \ud83c\udf4b Zitrusartig-Aroma aus.<\/p>\n","protected":false},"excerpt":{"rendered":"<p>\ud83c\udf3f CBD CHARLOTTE&#8217;S ANGEL von DUTCH PASSION \u00b7 \ud83e\uddec Sativa Dominant (60%+) \u00b7 \ud83d\udce6 Ertrag XL.<\/p>\n","protected":false},"featured_media":144560,"comment_status":"open","ping_status":"closed","template":"","meta":[],"product_brand":[],"product_cat":[7952],"product_tag":[10150,8508,8511,8668,10126,10128],"class_list":{"0":"post-144597","1":"product","2":"type-product","3":"status-publish","4":"has-post-thumbnail","6":"product_cat-seedshop-de","7":"product_tag-zitrusartig","8":"product_tag-dutch-passion","9":"product_tag-sativa","10":"product_tag-cbd-charlottes-angel","11":"product_tag-cannabis-samen","12":"product_tag-feminisierte-samen","14":"first","15":"instock","16":"sale","17":"taxable","18":"shipping-taxable","19":"purchasable","20":"product-type-variable"},"_links":{"self":[{"href":"https:\/\/www.budream.com\/de\/wp-json\/wp\/v2\/product\/144597","targetHints":{"allow":["GET"]}}],"collection":[{"href":"https:\/\/www.budream.com\/de\/wp-json\/wp\/v2\/product"}],"about":[{"href":"https:\/\/www.budream.com\/de\/wp-json\/wp\/v2\/types\/product"}],"replies":[{"embeddable":true,"href":"https:\/\/www.budream.com\/de\/wp-json\/wp\/v2\/comments?post=144597"}],"version-history":[{"count":1,"href":"https:\/\/www.budream.com\/de\/wp-json\/wp\/v2\/product\/144597\/revisions"}],"predecessor-version":[{"id":258797,"href":"https:\/\/www.budream.com\/de\/wp-json\/wp\/v2\/product\/144597\/revisions\/258797"}],"wp:featuredmedia":[{"embeddable":true,"href":"https:\/\/www.budream.com\/de\/wp-json\/wp\/v2\/media\/144560"}],"wp:attachment":[{"href":"https:\/\/www.budream.com\/de\/wp-json\/wp\/v2\/media?parent=144597"}],"wp:term":[{"taxonomy":"product_brand","embeddable":true,"href":"https:\/\/www.budream.com\/de\/wp-json\/wp\/v2\/product_brand?post=144597"},{"taxonomy":"product_cat","embeddable":true,"href":"https:\/\/www.budream.com\/de\/wp-json\/wp\/v2\/product_cat?post=144597"},{"taxonomy":"product_tag","embeddable":true,"href":"https:\/\/www.budream.com\/de\/wp-json\/wp\/v2\/product_tag?post=144597"}],"curies":[{"name":"wp","href":"https:\/\/api.w.org\/{rel}","templated":true}]}}