{"id":144649,"date":"2025-07-31T07:50:00","date_gmt":"2025-07-31T05:50:00","guid":{"rendered":"https:\/\/www.budream.com\/shop\/hollaendische-leidenschaft-cbd-auto-charlottes-angel-fem\/"},"modified":"2026-03-27T11:06:53","modified_gmt":"2026-03-27T09:06:53","slug":"hollaendische-leidenschaft-cbd-auto-charlottes-angel-fem","status":"publish","type":"product","link":"https:\/\/www.budream.com\/de\/shop\/hollaendische-leidenschaft-cbd-auto-charlottes-angel-fem\/","title":{"rendered":"HOLL\u00c4NDISCHE LEIDENSCHAFT &#8211; CBD AUTO CHARLOTTE&#8217;S ANGEL\u00ae FEM"},"content":{"rendered":"<div style=\"text-align: justify\">CBD Charlotte&#8217;s Angel war die erste CBD-reiche Sorte von Dutch Passion. CBD Charlotte&#8217;s Angel wurde mit CBD Auto Compassion Lime gekreuzt, um sie zu einer autoflowering Sorte zu machen. Sie besteht zu 20% aus Indica und zu 80% aus Sativa. Der CBD-Gehalt liegt bei 16% und der THC-Gehalt immer unter 1%.<\/div>\n<p><\/p>\n<h2><strong>Eigenschaften CBD Auto Charlotte&#8217;s Angel Fem:<\/strong><\/h2>\n<ul style=\"list-style-type: disc\">\n<li><strong>Gattung:<\/strong> Autoflowering Feminisiert L<\/li>\n<li><strong>Genotyp:<\/strong> Sativa-dominanter Hybrid<\/li>\n<li><strong>Genetik:<\/strong> CBD Charlotte&#8217;s Angel X CBD Auto Compassion Lime<\/li>\n<li>Tage<strong>:<\/strong> 91 Tage<\/li>\n<\/ul>\n<p><\/p>\n<div style=\"text-align: justify\"><span style=\"font-size: 11pt\"><em><strong>WARNUNG:<\/strong> Hanfsamen sind vom gesetzlichen Begriff Cannabis ausgenommen, was bedeutet, dass sie nicht als Bet\u00e4ubungsmittel gelten (L. 412 von 1974, Art. 1, Absatz 1, Buchstabe B; Einheits\u00fcbereinkommen \u00fcber Bet\u00e4ubungsmittel von New York von 1961 und Tabelle II des Ministerialerlasses 27\/7\/1992). In Italien ist der Anbau von Hanf verboten (Artikel 28 und 73 des Pr\u00e4sidialdekrets 309\/90), es sei denn, es liegt eine Sondergenehmigung vor (Artikel 17 des Pr\u00e4sidialdekrets 309\/90). In Ermangelung einer solchen Genehmigung darf das Saatgut nur f\u00fcr andere Zwecke verwendet werden (zootechnische Zwecke, Sammeln usw.). Das Saatgut wird unter dem Vorbehalt verkauft, dass es nicht von Dritten im Widerspruch zu den gesetzlichen Bestimmungen verwendet wird.<\/em><\/span><\/div>\n","protected":false},"excerpt":{"rendered":"<p>\ud83c\udf3f CBD AUTO CHARLOTTE&#8217;S ANGEL\u00ae von DUTCH PASSION \u00b7 \ud83e\uddec Sativa Dominant (60%+).<\/p>\n","protected":false},"featured_media":144632,"comment_status":"open","ping_status":"closed","template":"","meta":[],"product_brand":[],"product_cat":[7952],"product_tag":[8508,8511,8669,10126,10128,10147],"class_list":{"0":"post-144649","1":"product","2":"type-product","3":"status-publish","4":"has-post-thumbnail","6":"product_cat-seedshop-de","7":"product_tag-dutch-passion","8":"product_tag-sativa","9":"product_tag-cbd-auto-charlottes-angel","10":"product_tag-cannabis-samen","11":"product_tag-feminisierte-samen","12":"product_tag-erdiger","14":"first","15":"instock","16":"taxable","17":"shipping-taxable","18":"purchasable","19":"product-type-variable"},"aioseo_notices":[],"_links":{"self":[{"href":"https:\/\/www.budream.com\/de\/wp-json\/wp\/v2\/product\/144649","targetHints":{"allow":["GET"]}}],"collection":[{"href":"https:\/\/www.budream.com\/de\/wp-json\/wp\/v2\/product"}],"about":[{"href":"https:\/\/www.budream.com\/de\/wp-json\/wp\/v2\/types\/product"}],"replies":[{"embeddable":true,"href":"https:\/\/www.budream.com\/de\/wp-json\/wp\/v2\/comments?post=144649"}],"version-history":[{"count":2,"href":"https:\/\/www.budream.com\/de\/wp-json\/wp\/v2\/product\/144649\/revisions"}],"predecessor-version":[{"id":261193,"href":"https:\/\/www.budream.com\/de\/wp-json\/wp\/v2\/product\/144649\/revisions\/261193"}],"wp:featuredmedia":[{"embeddable":true,"href":"https:\/\/www.budream.com\/de\/wp-json\/wp\/v2\/media\/144632"}],"wp:attachment":[{"href":"https:\/\/www.budream.com\/de\/wp-json\/wp\/v2\/media?parent=144649"}],"wp:term":[{"taxonomy":"product_brand","embeddable":true,"href":"https:\/\/www.budream.com\/de\/wp-json\/wp\/v2\/product_brand?post=144649"},{"taxonomy":"product_cat","embeddable":true,"href":"https:\/\/www.budream.com\/de\/wp-json\/wp\/v2\/product_cat?post=144649"},{"taxonomy":"product_tag","embeddable":true,"href":"https:\/\/www.budream.com\/de\/wp-json\/wp\/v2\/product_tag?post=144649"}],"curies":[{"name":"wp","href":"https:\/\/api.w.org\/{rel}","templated":true}]}}