{"id":145330,"date":"2025-07-31T08:17:11","date_gmt":"2025-07-31T06:17:11","guid":{"rendered":"https:\/\/www.budream.com\/shop\/barneys-farm-dos-si-dos-33-fem\/"},"modified":"2026-05-14T00:01:00","modified_gmt":"2026-05-13T22:01:00","slug":"barneys-farm-dos-si-dos-33-fem","status":"publish","type":"product","link":"https:\/\/www.budream.com\/de\/shop\/barneys-farm-dos-si-dos-33-fem\/","title":{"rendered":"BARNEY&#8217;S FARM &#8211; DOS SI DOS 33 FEM"},"content":{"rendered":"<div style=\"text-align: justify\">Dos Si Dos wurde aus OG Kush Breath entwickelt, einer Girl Scout Cookies feno von K.O gekreuzt mit Face Off OG und wiederum gekreuzt mit der legend\u00e4ren Cookies Kush (OG Kush X GSC feno). F\u00fcgen Sie dem Rezept eine subtile Mischung von Ice Cream #33 mit seinem charmanten Sunset Sherbet x Thin Mint GSC Erbe hinzu und da haben Sie es!<\/div>\n<p><\/p>\n<h2><strong>Eigenschaften Dos Si Dos 33 Fem:<\/strong><\/h2>\n<ul style=\"list-style-type: disc\">\n<li><strong>Gattung:<\/strong> Feminisiert<\/li>\n<li><strong>Genotyp:<\/strong> 60% Indica \/ 40% Sativa<\/li>\n<li><strong>Genetik:<\/strong> Dos Si Dos x Gelato #33<\/li>\n<li><strong>Bl\u00fctezeit:<\/strong> 60 &#8211; 65 Tage<\/li>\n<\/ul>\n<p><\/p>\n<div style=\"text-align: justify\"><span style=\"font-size: 11pt\"><em><strong>ACHTUNG:<\/strong> Hanfsamen fallen nicht unter den Rechtsbegriff Cannabis, was bedeutet, dass sie nicht als Bet\u00e4ubungsmittel gelten (Gesetz 412 von 1974, Art. 1, Absatz 1, Buchstabe B; Einheits\u00fcbereinkommen \u00fcber Bet\u00e4ubungsmittel von New York von 1961 und Tabelle II des Ministerialerlasses vom 27.7.1992). In Italien ist der Anbau von Hanf verboten (Artikel 28 und 73 des Pr\u00e4sidialdekrets 309\/90), es sei denn, es liegt eine Sondergenehmigung vor (Artikel 17 des Pr\u00e4sidialdekrets 309\/90). In Ermangelung einer solchen Genehmigung darf das Saatgut nur f\u00fcr andere Zwecke verwendet werden (zootechnische Zwecke, Sammeln usw.). Das Saatgut wird unter dem Vorbehalt verkauft, dass es nicht von Dritten im Widerspruch zu den gesetzlichen Bestimmungen verwendet wird.<\/em><\/span><\/div>\n","protected":false},"excerpt":{"rendered":"<p>\ud83c\udf3f DOS SI DOS 33 von BARNEY&#8217;S FARM \u00b7 \ud83e\uddec Indica Dominant (60%+) \u00b7 \ud83d\udd25 THC sehr hoch (Sehr hoch (20\u202f%+)) \u00b7 \ud83c\udfc6 Ertrag XXL.<\/p>\n","protected":false},"featured_media":145318,"comment_status":"open","ping_status":"closed","template":"","meta":[],"product_brand":[],"product_cat":[7952],"product_tag":[8673,10124,10125,10126,10128,10150,8510,8645],"class_list":{"0":"post-145330","1":"product","2":"type-product","3":"status-publish","4":"has-post-thumbnail","6":"product_cat-seedshop-de","7":"product_tag-dos-si-dos-33","8":"product_tag-thc-sehr-hoch","9":"product_tag-ertrag-xxl","10":"product_tag-cannabis-samen","11":"product_tag-feminisierte-samen","12":"product_tag-zitrusartig","13":"product_tag-indica","14":"product_tag-barneys-farm","16":"first","17":"instock","18":"sale","19":"taxable","20":"shipping-taxable","21":"purchasable","22":"product-type-variable"},"aioseo_notices":[],"_links":{"self":[{"href":"https:\/\/www.budream.com\/de\/wp-json\/wp\/v2\/product\/145330","targetHints":{"allow":["GET"]}}],"collection":[{"href":"https:\/\/www.budream.com\/de\/wp-json\/wp\/v2\/product"}],"about":[{"href":"https:\/\/www.budream.com\/de\/wp-json\/wp\/v2\/types\/product"}],"replies":[{"embeddable":true,"href":"https:\/\/www.budream.com\/de\/wp-json\/wp\/v2\/comments?post=145330"}],"version-history":[{"count":2,"href":"https:\/\/www.budream.com\/de\/wp-json\/wp\/v2\/product\/145330\/revisions"}],"predecessor-version":[{"id":260485,"href":"https:\/\/www.budream.com\/de\/wp-json\/wp\/v2\/product\/145330\/revisions\/260485"}],"wp:featuredmedia":[{"embeddable":true,"href":"https:\/\/www.budream.com\/de\/wp-json\/wp\/v2\/media\/145318"}],"wp:attachment":[{"href":"https:\/\/www.budream.com\/de\/wp-json\/wp\/v2\/media?parent=145330"}],"wp:term":[{"taxonomy":"product_brand","embeddable":true,"href":"https:\/\/www.budream.com\/de\/wp-json\/wp\/v2\/product_brand?post=145330"},{"taxonomy":"product_cat","embeddable":true,"href":"https:\/\/www.budream.com\/de\/wp-json\/wp\/v2\/product_cat?post=145330"},{"taxonomy":"product_tag","embeddable":true,"href":"https:\/\/www.budream.com\/de\/wp-json\/wp\/v2\/product_tag?post=145330"}],"curies":[{"name":"wp","href":"https:\/\/api.w.org\/{rel}","templated":true}]}}